{"id":15040,"date":"2026-03-23T15:33:52","date_gmt":"2026-03-23T14:33:52","guid":{"rendered":"https:\/\/reformat.cz\/?post_type=product&#038;p=15040"},"modified":"2026-03-23T15:43:32","modified_gmt":"2026-03-23T14:43:32","slug":"tear-off-pad-a4-lined-blue","status":"publish","type":"product","link":"https:\/\/reformat.cz\/en\/product\/tear-off-pad-a4-lined-blue\/","title":{"rendered":"Tear-off pad A4 \/ lined (blue)"},"content":{"rendered":"","protected":false},"excerpt":{"rendered":"<p><strong>specifications:<\/strong><\/p>\n<p><u>dimensions:<\/u><br \/>\n210 \u00d7 297 mm<br \/>\n<u>number of sheets:<\/u><br \/>\n40<br \/>\n<u>type of paper inside:<\/u><br \/>\nupcycled papers from the Munken brand (weight approx. 100\u2013120 g\/m\u00b2)<br \/>\n<u>waste material:<\/u><br \/>\nThe inner sheets are upcycled paper from recycling yards, leftover material from printers, etc.<\/p>\n<div style=\"display: flex; align-items: center;\"><strong><img class=\"alignnone wp-image-11174\" src=\"https:\/\/reformat.cz\/wp-content\/uploads\/2021\/10\/vahainfografika-k-produktu_100x100px-1.png\" alt=\"\" width=\"50\" height=\"50\" \/><br \/>\n<\/strong><strong>\u00a0 15 min<\/strong>\u00a0handwork<\/div>\n<div style=\"display: flex; align-items: center;\"><strong><img class=\"alignnone wp-image-11178\" src=\"https:\/\/reformat.cz\/wp-content\/uploads\/2021\/10\/vahainfografika-k-produktu_100x100px-3.png\" alt=\"\" width=\"50\" height=\"50\" \/><\/strong> created from<strong>\u00a0250g of waste<\/strong><\/div>\n<p><strong><\/p>\n<p>description:<\/p>\n<p><\/strong>A practical A4 or A5 tear-off pad in a minimalist, timeless design for everyday use. Choose a lined pad for endless note-taking. Clean sheets for sketching and the most popular dotted layout for creative tasks and planning. Thanks to the glue binding, the sheets can be torn off easily and without damage, and the 40 sheets in each pad give you plenty of space for any ideas. Available in many color options that you will love.<\/p>\n","protected":false},"featured_media":15026,"template":"","meta":{"inline_featured_image":false,"_uag_custom_page_level_css":"","spay_email":""},"product_cat":[221,226,236,156,135,224],"product_tag":[177],"acf":[],"yoast_head":"<!-- This site is optimized with the Yoast SEO plugin v18.0 - https:\/\/yoast.com\/wordpress\/plugins\/seo\/ -->\n<title>Tear-off pad A4 \/ lined (blue) - Reform\u00e1t<\/title>\n<meta name=\"description\" content=\"Practical tear-off pad in A4 or A5 format in a minimalist, timeless design for everyday use.\" \/>\n<meta name=\"robots\" content=\"index, follow, max-snippet:-1, max-image-preview:large, max-video-preview:-1\" \/>\n<link rel=\"canonical\" href=\"https:\/\/reformat.cz\/en\/product\/tear-off-pad-a4-lined-blue\/\" \/>\n<meta property=\"og:locale\" content=\"en_US\" \/>\n<meta property=\"og:type\" content=\"article\" \/>\n<meta property=\"og:title\" content=\"Tear-off pad A4 \/ lined (blue) - Reform\u00e1t\" \/>\n<meta property=\"og:description\" content=\"Practical tear-off pad in A4 or A5 format in a minimalist, timeless design for everyday use.\" \/>\n<meta property=\"og:url\" content=\"https:\/\/reformat.cz\/en\/product\/tear-off-pad-a4-lined-blue\/\" \/>\n<meta property=\"og:site_name\" content=\"Reform\u00e1t\" \/>\n<meta property=\"article:publisher\" content=\"https:\/\/www.facebook.com\/reformatpapershop\" \/>\n<meta property=\"article:modified_time\" content=\"2026-03-23T14:43:32+00:00\" \/>\n<meta property=\"og:image\" content=\"https:\/\/reformat.cz\/wp-content\/uploads\/2026\/03\/predni-strana-11-scaled.jpg\" \/>\n\t<meta property=\"og:image:width\" content=\"2048\" \/>\n\t<meta property=\"og:image:height\" content=\"1365\" \/>\n\t<meta property=\"og:image:type\" content=\"image\/jpeg\" \/>\n<meta name=\"twitter:card\" content=\"summary_large_image\" \/>\n<script type=\"application\/ld+json\" class=\"yoast-schema-graph\">{\"@context\":\"https:\/\/schema.org\",\"@graph\":[{\"@type\":\"WebSite\",\"@id\":\"https:\/\/reformat.cz\/en\/#website\",\"url\":\"https:\/\/reformat.cz\/en\/\",\"name\":\"Reform\u00e1t\",\"description\":\"A\u017e doslou\u017e\u00edm, chci do bloku!\",\"potentialAction\":[{\"@type\":\"SearchAction\",\"target\":{\"@type\":\"EntryPoint\",\"urlTemplate\":\"https:\/\/reformat.cz\/en\/?s={search_term_string}\"},\"query-input\":\"required name=search_term_string\"}],\"inLanguage\":\"en-US\"},{\"@type\":\"ImageObject\",\"@id\":\"https:\/\/reformat.cz\/en\/product\/tear-off-pad-a4-lined-blue\/#primaryimage\",\"inLanguage\":\"en-US\",\"url\":\"https:\/\/reformat.cz\/wp-content\/uploads\/2026\/03\/predni-strana-11-scaled.jpg\",\"contentUrl\":\"https:\/\/reformat.cz\/wp-content\/uploads\/2026\/03\/predni-strana-11-scaled.jpg\",\"width\":2048,\"height\":1365},{\"@type\":\"WebPage\",\"@id\":\"https:\/\/reformat.cz\/en\/product\/tear-off-pad-a4-lined-blue\/#webpage\",\"url\":\"https:\/\/reformat.cz\/en\/product\/tear-off-pad-a4-lined-blue\/\",\"name\":\"Tear-off pad A4 \/ lined (blue) - Reform\u00e1t\",\"isPartOf\":{\"@id\":\"https:\/\/reformat.cz\/en\/#website\"},\"primaryImageOfPage\":{\"@id\":\"https:\/\/reformat.cz\/en\/product\/tear-off-pad-a4-lined-blue\/#primaryimage\"},\"datePublished\":\"2026-03-23T14:33:52+00:00\",\"dateModified\":\"2026-03-23T14:43:32+00:00\",\"description\":\"Practical tear-off pad in A4 or A5 format in a minimalist, timeless design for everyday use.\",\"breadcrumb\":{\"@id\":\"https:\/\/reformat.cz\/en\/product\/tear-off-pad-a4-lined-blue\/#breadcrumb\"},\"inLanguage\":\"en-US\",\"potentialAction\":[{\"@type\":\"ReadAction\",\"target\":[\"https:\/\/reformat.cz\/en\/product\/tear-off-pad-a4-lined-blue\/\"]}]},{\"@type\":\"BreadcrumbList\",\"@id\":\"https:\/\/reformat.cz\/en\/product\/tear-off-pad-a4-lined-blue\/#breadcrumb\",\"itemListElement\":[{\"@type\":\"ListItem\",\"position\":1,\"name\":\"Dom\u016f\",\"item\":\"https:\/\/reformat.cz\/en\/\"},{\"@type\":\"ListItem\",\"position\":2,\"name\":\"Shop\",\"item\":\"https:\/\/reformat.cz\/en\/shop\/\"},{\"@type\":\"ListItem\",\"position\":3,\"name\":\"Tear-off pad A4 \/ lined (blue)\"}]}]}<\/script>\n<!-- \/ Yoast SEO plugin. -->","yoast_head_json":{"title":"Tear-off pad A4 \/ lined (blue) - Reform\u00e1t","description":"Practical tear-off pad in A4 or A5 format in a minimalist, timeless design for everyday use.","robots":{"index":"index","follow":"follow","max-snippet":"max-snippet:-1","max-image-preview":"max-image-preview:large","max-video-preview":"max-video-preview:-1"},"canonical":"https:\/\/reformat.cz\/en\/product\/tear-off-pad-a4-lined-blue\/","og_locale":"en_US","og_type":"article","og_title":"Tear-off pad A4 \/ lined (blue) - Reform\u00e1t","og_description":"Practical tear-off pad in A4 or A5 format in a minimalist, timeless design for everyday use.","og_url":"https:\/\/reformat.cz\/en\/product\/tear-off-pad-a4-lined-blue\/","og_site_name":"Reform\u00e1t","article_publisher":"https:\/\/www.facebook.com\/reformatpapershop","article_modified_time":"2026-03-23T14:43:32+00:00","og_image":[{"width":2048,"height":1365,"url":"https:\/\/reformat.cz\/wp-content\/uploads\/2026\/03\/predni-strana-11-scaled.jpg","type":"image\/jpeg"}],"twitter_card":"summary_large_image","schema":{"@context":"https:\/\/schema.org","@graph":[{"@type":"WebSite","@id":"https:\/\/reformat.cz\/en\/#website","url":"https:\/\/reformat.cz\/en\/","name":"Reform\u00e1t","description":"A\u017e doslou\u017e\u00edm, chci do bloku!","potentialAction":[{"@type":"SearchAction","target":{"@type":"EntryPoint","urlTemplate":"https:\/\/reformat.cz\/en\/?s={search_term_string}"},"query-input":"required name=search_term_string"}],"inLanguage":"en-US"},{"@type":"ImageObject","@id":"https:\/\/reformat.cz\/en\/product\/tear-off-pad-a4-lined-blue\/#primaryimage","inLanguage":"en-US","url":"https:\/\/reformat.cz\/wp-content\/uploads\/2026\/03\/predni-strana-11-scaled.jpg","contentUrl":"https:\/\/reformat.cz\/wp-content\/uploads\/2026\/03\/predni-strana-11-scaled.jpg","width":2048,"height":1365},{"@type":"WebPage","@id":"https:\/\/reformat.cz\/en\/product\/tear-off-pad-a4-lined-blue\/#webpage","url":"https:\/\/reformat.cz\/en\/product\/tear-off-pad-a4-lined-blue\/","name":"Tear-off pad A4 \/ lined (blue) - Reform\u00e1t","isPartOf":{"@id":"https:\/\/reformat.cz\/en\/#website"},"primaryImageOfPage":{"@id":"https:\/\/reformat.cz\/en\/product\/tear-off-pad-a4-lined-blue\/#primaryimage"},"datePublished":"2026-03-23T14:33:52+00:00","dateModified":"2026-03-23T14:43:32+00:00","description":"Practical tear-off pad in A4 or A5 format in a minimalist, timeless design for everyday use.","breadcrumb":{"@id":"https:\/\/reformat.cz\/en\/product\/tear-off-pad-a4-lined-blue\/#breadcrumb"},"inLanguage":"en-US","potentialAction":[{"@type":"ReadAction","target":["https:\/\/reformat.cz\/en\/product\/tear-off-pad-a4-lined-blue\/"]}]},{"@type":"BreadcrumbList","@id":"https:\/\/reformat.cz\/en\/product\/tear-off-pad-a4-lined-blue\/#breadcrumb","itemListElement":[{"@type":"ListItem","position":1,"name":"Dom\u016f","item":"https:\/\/reformat.cz\/en\/"},{"@type":"ListItem","position":2,"name":"Shop","item":"https:\/\/reformat.cz\/en\/shop\/"},{"@type":"ListItem","position":3,"name":"Tear-off pad A4 \/ lined (blue)"}]}]}},"jetpack_publicize_connections":[],"uagb_featured_image_src":{"full":["https:\/\/reformat.cz\/wp-content\/uploads\/2026\/03\/predni-strana-11-scaled.jpg",2048,1365,false],"thumbnail":["https:\/\/reformat.cz\/wp-content\/uploads\/2026\/03\/predni-strana-11-150x150.jpg",150,150,true],"medium":["https:\/\/reformat.cz\/wp-content\/uploads\/2026\/03\/predni-strana-11-300x200.jpg",300,200,true],"medium_large":["https:\/\/reformat.cz\/wp-content\/uploads\/2026\/03\/predni-strana-11-768x512.jpg",768,512,true],"large":["https:\/\/reformat.cz\/wp-content\/uploads\/2026\/03\/predni-strana-11-1024x683.jpg",980,654,true],"1536x1536":["https:\/\/reformat.cz\/wp-content\/uploads\/2026\/03\/predni-strana-11-1536x1024.jpg",1536,1024,true],"2048x2048":["https:\/\/reformat.cz\/wp-content\/uploads\/2026\/03\/predni-strana-11-2048x1365.jpg",2048,1365,true],"woocommerce_thumbnail":["https:\/\/reformat.cz\/wp-content\/uploads\/2026\/03\/predni-strana-11-324x324.jpg",324,324,true],"woocommerce_single":["https:\/\/reformat.cz\/wp-content\/uploads\/2026\/03\/predni-strana-11-416x277.jpg",416,277,true],"woocommerce_gallery_thumbnail":["https:\/\/reformat.cz\/wp-content\/uploads\/2026\/03\/predni-strana-11-100x100.jpg",100,100,true],"shop_catalog":["https:\/\/reformat.cz\/wp-content\/uploads\/2026\/03\/predni-strana-11-324x324.jpg",324,324,true],"shop_single":["https:\/\/reformat.cz\/wp-content\/uploads\/2026\/03\/predni-strana-11-416x277.jpg",416,277,true],"shop_thumbnail":["https:\/\/reformat.cz\/wp-content\/uploads\/2026\/03\/predni-strana-11-100x100.jpg",100,100,true]},"uagb_author_info":{"display_name":"admin","author_link":"https:\/\/reformat.cz\/en\/author\/"},"uagb_comment_info":0,"uagb_excerpt":"specifications: dimensions: 210 \u00d7 297 mm number of sheets: 40 type of paper inside: upcycled papers from the Munken brand (weight approx. 100\u2013120 g\/m\u00b2) waste material: The inner sheets are upcycled paper from recycling yards, leftover material from printers, etc. \u00a0 15 min\u00a0handwork created from\u00a0250g of waste description: A practical A4 or A5 tear-off pad&hellip;","jetpack_sharing_enabled":true,"_links":{"self":[{"href":"https:\/\/reformat.cz\/en\/wp-json\/wp\/v2\/product\/15040"}],"collection":[{"href":"https:\/\/reformat.cz\/en\/wp-json\/wp\/v2\/product"}],"about":[{"href":"https:\/\/reformat.cz\/en\/wp-json\/wp\/v2\/types\/product"}],"wp:featuredmedia":[{"embeddable":true,"href":"https:\/\/reformat.cz\/en\/wp-json\/wp\/v2\/media\/15026"}],"wp:attachment":[{"href":"https:\/\/reformat.cz\/en\/wp-json\/wp\/v2\/media?parent=15040"}],"wp:term":[{"taxonomy":"product_cat","embeddable":true,"href":"https:\/\/reformat.cz\/en\/wp-json\/wp\/v2\/product_cat?post=15040"},{"taxonomy":"product_tag","embeddable":true,"href":"https:\/\/reformat.cz\/en\/wp-json\/wp\/v2\/product_tag?post=15040"}],"curies":[{"name":"wp","href":"https:\/\/api.w.org\/{rel}","templated":true}]}}