{"id":14641,"date":"2025-12-10T16:35:10","date_gmt":"2025-12-10T15:35:10","guid":{"rendered":"https:\/\/reformat.cz\/?post_type=product&#038;p=14641"},"modified":"2025-12-10T18:09:13","modified_gmt":"2025-12-10T17:09:13","slug":"a4-sketchbook-26","status":"publish","type":"product","link":"https:\/\/reformat.cz\/en\/product\/a4-sketchbook-26\/","title":{"rendered":"A4 sketchbook"},"content":{"rendered":"","protected":false},"excerpt":{"rendered":"<p><strong>specifications:<\/strong><\/p>\n<p><u>dimensions:<\/u><br \/>\n210 \u00d7 297 mm<br \/>\n<u>number of sheets:<\/u><br \/>\n40<br \/>\n<u>type of paper inside:<\/u><br \/>\nMunken Lynx 400 g\/m\u00b2<br \/>\n<u>waste material:<\/u><br \/>\nThe inner pages and cover of the sketchbook are upcycled paper from recycling yards, leftover material from printers, etc.<\/p>\n<div style=\"display: flex; align-items: center;\"><strong><img class=\"alignnone wp-image-11174\" src=\"https:\/\/reformat.cz\/wp-content\/uploads\/2021\/10\/vahainfografika-k-produktu_100x100px-1.png\" alt=\"\" width=\"50\" height=\"50\" \/><br \/>\n<\/strong><strong>\u00a0 35 min<\/strong>\u00a0handwork<\/div>\n<div style=\"display: flex; align-items: center;\"><strong><img class=\"alignnone wp-image-11178\" src=\"https:\/\/reformat.cz\/wp-content\/uploads\/2021\/10\/vahainfografika-k-produktu_100x100px-3.png\" alt=\"\" width=\"50\" height=\"50\" \/><\/strong> created from<strong>\u00a0750g of waste<\/strong><\/div>\n<p><strong><\/p>\n<p>description:<\/p>\n<p><\/strong>Seeing things only in black and white is not worth it. This sketchbook with Munken Lynx graphic papers with a weight of 400 g\/m\u00b2 inside will take your sketching to a completely different level and make you experiment a little. Draw in it with charcoal, progress, Indian ink &#8211; the white sheets, which are a little harder, can withstand any technique! When you want to take out a sheet (and maybe frame it), just disconnect the opening rings &#8211; you don&#8217;t have to tear anything and worry about your creation being ruined.<\/p>\n","protected":false},"featured_media":14539,"template":"","meta":{"inline_featured_image":false,"_uag_custom_page_level_css":"","spay_email":""},"product_cat":[157],"product_tag":[177],"acf":[],"yoast_head":"<!-- This site is optimized with the Yoast SEO plugin v18.0 - https:\/\/yoast.com\/wordpress\/plugins\/seo\/ -->\n<title>A4 sketchbook - Reform\u00e1t<\/title>\n<meta name=\"robots\" content=\"index, follow, max-snippet:-1, max-image-preview:large, max-video-preview:-1\" \/>\n<link rel=\"canonical\" href=\"https:\/\/reformat.cz\/en\/product\/a4-sketchbook-26\/\" \/>\n<meta property=\"og:locale\" content=\"en_US\" \/>\n<meta property=\"og:type\" content=\"article\" \/>\n<meta property=\"og:title\" content=\"A4 sketchbook - Reform\u00e1t\" \/>\n<meta property=\"og:description\" content=\"specifications:  dimensions: 210 \u00d7 297 mm number of sheets: 40 type of paper inside: Munken Lynx 400 g\/m\u00b2 waste material: The inner pages and cover of the sketchbook are upcycled paper from recycling yards, leftover material from printers, etc.  \u00a0 35 min\u00a0handwork  created from\u00a0750g of waste   description:  Seeing things only in black and white is not worth it. This sketchbook with Munken Lynx graphic papers with a weight of 400 g\/m\u00b2 inside will take your sketching to a completely different level and make you experiment a little. Draw in it with charcoal, progress, Indian ink - the white sheets, which are a little harder, can withstand any technique! When you want to take out a sheet (and maybe frame it), just disconnect the opening rings - you don&#039;t have to tear anything and worry about your creation being ruined.\" \/>\n<meta property=\"og:url\" content=\"https:\/\/reformat.cz\/en\/product\/a4-sketchbook-26\/\" \/>\n<meta property=\"og:site_name\" content=\"Reform\u00e1t\" \/>\n<meta property=\"article:publisher\" content=\"https:\/\/www.facebook.com\/reformatpapershop\" \/>\n<meta property=\"article:modified_time\" content=\"2025-12-10T17:09:13+00:00\" \/>\n<meta property=\"og:image\" content=\"https:\/\/reformat.cz\/wp-content\/uploads\/2025\/12\/mockup-predni-strana13-scaled.jpg\" \/>\n\t<meta property=\"og:image:width\" content=\"2048\" \/>\n\t<meta property=\"og:image:height\" content=\"1365\" \/>\n\t<meta property=\"og:image:type\" content=\"image\/jpeg\" \/>\n<meta name=\"twitter:card\" content=\"summary_large_image\" \/>\n<script type=\"application\/ld+json\" class=\"yoast-schema-graph\">{\"@context\":\"https:\/\/schema.org\",\"@graph\":[{\"@type\":\"WebSite\",\"@id\":\"https:\/\/reformat.cz\/en\/#website\",\"url\":\"https:\/\/reformat.cz\/en\/\",\"name\":\"Reform\u00e1t\",\"description\":\"A\u017e doslou\u017e\u00edm, chci do bloku!\",\"potentialAction\":[{\"@type\":\"SearchAction\",\"target\":{\"@type\":\"EntryPoint\",\"urlTemplate\":\"https:\/\/reformat.cz\/en\/?s={search_term_string}\"},\"query-input\":\"required name=search_term_string\"}],\"inLanguage\":\"en-US\"},{\"@type\":\"ImageObject\",\"@id\":\"https:\/\/reformat.cz\/en\/product\/a4-sketchbook-26\/#primaryimage\",\"inLanguage\":\"en-US\",\"url\":\"https:\/\/reformat.cz\/wp-content\/uploads\/2025\/12\/mockup-predni-strana13-scaled.jpg\",\"contentUrl\":\"https:\/\/reformat.cz\/wp-content\/uploads\/2025\/12\/mockup-predni-strana13-scaled.jpg\",\"width\":2048,\"height\":1365},{\"@type\":\"WebPage\",\"@id\":\"https:\/\/reformat.cz\/en\/product\/a4-sketchbook-26\/#webpage\",\"url\":\"https:\/\/reformat.cz\/en\/product\/a4-sketchbook-26\/\",\"name\":\"A4 sketchbook - Reform\u00e1t\",\"isPartOf\":{\"@id\":\"https:\/\/reformat.cz\/en\/#website\"},\"primaryImageOfPage\":{\"@id\":\"https:\/\/reformat.cz\/en\/product\/a4-sketchbook-26\/#primaryimage\"},\"datePublished\":\"2025-12-10T15:35:10+00:00\",\"dateModified\":\"2025-12-10T17:09:13+00:00\",\"breadcrumb\":{\"@id\":\"https:\/\/reformat.cz\/en\/product\/a4-sketchbook-26\/#breadcrumb\"},\"inLanguage\":\"en-US\",\"potentialAction\":[{\"@type\":\"ReadAction\",\"target\":[\"https:\/\/reformat.cz\/en\/product\/a4-sketchbook-26\/\"]}]},{\"@type\":\"BreadcrumbList\",\"@id\":\"https:\/\/reformat.cz\/en\/product\/a4-sketchbook-26\/#breadcrumb\",\"itemListElement\":[{\"@type\":\"ListItem\",\"position\":1,\"name\":\"Dom\u016f\",\"item\":\"https:\/\/reformat.cz\/en\/\"},{\"@type\":\"ListItem\",\"position\":2,\"name\":\"Shop\",\"item\":\"https:\/\/reformat.cz\/en\/shop\/\"},{\"@type\":\"ListItem\",\"position\":3,\"name\":\"A4 sketchbook\"}]}]}<\/script>\n<!-- \/ Yoast SEO plugin. -->","yoast_head_json":{"title":"A4 sketchbook - Reform\u00e1t","robots":{"index":"index","follow":"follow","max-snippet":"max-snippet:-1","max-image-preview":"max-image-preview:large","max-video-preview":"max-video-preview:-1"},"canonical":"https:\/\/reformat.cz\/en\/product\/a4-sketchbook-26\/","og_locale":"en_US","og_type":"article","og_title":"A4 sketchbook - Reform\u00e1t","og_description":"specifications:  dimensions: 210 \u00d7 297 mm number of sheets: 40 type of paper inside: Munken Lynx 400 g\/m\u00b2 waste material: The inner pages and cover of the sketchbook are upcycled paper from recycling yards, leftover material from printers, etc.  \u00a0 35 min\u00a0handwork  created from\u00a0750g of waste   description:  Seeing things only in black and white is not worth it. This sketchbook with Munken Lynx graphic papers with a weight of 400 g\/m\u00b2 inside will take your sketching to a completely different level and make you experiment a little. Draw in it with charcoal, progress, Indian ink - the white sheets, which are a little harder, can withstand any technique! When you want to take out a sheet (and maybe frame it), just disconnect the opening rings - you don't have to tear anything and worry about your creation being ruined.","og_url":"https:\/\/reformat.cz\/en\/product\/a4-sketchbook-26\/","og_site_name":"Reform\u00e1t","article_publisher":"https:\/\/www.facebook.com\/reformatpapershop","article_modified_time":"2025-12-10T17:09:13+00:00","og_image":[{"width":2048,"height":1365,"url":"https:\/\/reformat.cz\/wp-content\/uploads\/2025\/12\/mockup-predni-strana13-scaled.jpg","type":"image\/jpeg"}],"twitter_card":"summary_large_image","schema":{"@context":"https:\/\/schema.org","@graph":[{"@type":"WebSite","@id":"https:\/\/reformat.cz\/en\/#website","url":"https:\/\/reformat.cz\/en\/","name":"Reform\u00e1t","description":"A\u017e doslou\u017e\u00edm, chci do bloku!","potentialAction":[{"@type":"SearchAction","target":{"@type":"EntryPoint","urlTemplate":"https:\/\/reformat.cz\/en\/?s={search_term_string}"},"query-input":"required name=search_term_string"}],"inLanguage":"en-US"},{"@type":"ImageObject","@id":"https:\/\/reformat.cz\/en\/product\/a4-sketchbook-26\/#primaryimage","inLanguage":"en-US","url":"https:\/\/reformat.cz\/wp-content\/uploads\/2025\/12\/mockup-predni-strana13-scaled.jpg","contentUrl":"https:\/\/reformat.cz\/wp-content\/uploads\/2025\/12\/mockup-predni-strana13-scaled.jpg","width":2048,"height":1365},{"@type":"WebPage","@id":"https:\/\/reformat.cz\/en\/product\/a4-sketchbook-26\/#webpage","url":"https:\/\/reformat.cz\/en\/product\/a4-sketchbook-26\/","name":"A4 sketchbook - Reform\u00e1t","isPartOf":{"@id":"https:\/\/reformat.cz\/en\/#website"},"primaryImageOfPage":{"@id":"https:\/\/reformat.cz\/en\/product\/a4-sketchbook-26\/#primaryimage"},"datePublished":"2025-12-10T15:35:10+00:00","dateModified":"2025-12-10T17:09:13+00:00","breadcrumb":{"@id":"https:\/\/reformat.cz\/en\/product\/a4-sketchbook-26\/#breadcrumb"},"inLanguage":"en-US","potentialAction":[{"@type":"ReadAction","target":["https:\/\/reformat.cz\/en\/product\/a4-sketchbook-26\/"]}]},{"@type":"BreadcrumbList","@id":"https:\/\/reformat.cz\/en\/product\/a4-sketchbook-26\/#breadcrumb","itemListElement":[{"@type":"ListItem","position":1,"name":"Dom\u016f","item":"https:\/\/reformat.cz\/en\/"},{"@type":"ListItem","position":2,"name":"Shop","item":"https:\/\/reformat.cz\/en\/shop\/"},{"@type":"ListItem","position":3,"name":"A4 sketchbook"}]}]}},"jetpack_publicize_connections":[],"uagb_featured_image_src":{"full":["https:\/\/reformat.cz\/wp-content\/uploads\/2025\/12\/mockup-predni-strana13-scaled.jpg",2048,1365,false],"thumbnail":["https:\/\/reformat.cz\/wp-content\/uploads\/2025\/12\/mockup-predni-strana13-150x150.jpg",150,150,true],"medium":["https:\/\/reformat.cz\/wp-content\/uploads\/2025\/12\/mockup-predni-strana13-300x200.jpg",300,200,true],"medium_large":["https:\/\/reformat.cz\/wp-content\/uploads\/2025\/12\/mockup-predni-strana13-768x512.jpg",768,512,true],"large":["https:\/\/reformat.cz\/wp-content\/uploads\/2025\/12\/mockup-predni-strana13-1024x683.jpg",980,654,true],"1536x1536":["https:\/\/reformat.cz\/wp-content\/uploads\/2025\/12\/mockup-predni-strana13-1536x1024.jpg",1536,1024,true],"2048x2048":["https:\/\/reformat.cz\/wp-content\/uploads\/2025\/12\/mockup-predni-strana13-2048x1365.jpg",2048,1365,true],"woocommerce_thumbnail":["https:\/\/reformat.cz\/wp-content\/uploads\/2025\/12\/mockup-predni-strana13-324x324.jpg",324,324,true],"woocommerce_single":["https:\/\/reformat.cz\/wp-content\/uploads\/2025\/12\/mockup-predni-strana13-416x277.jpg",416,277,true],"woocommerce_gallery_thumbnail":["https:\/\/reformat.cz\/wp-content\/uploads\/2025\/12\/mockup-predni-strana13-100x100.jpg",100,100,true],"shop_catalog":["https:\/\/reformat.cz\/wp-content\/uploads\/2025\/12\/mockup-predni-strana13-324x324.jpg",324,324,true],"shop_single":["https:\/\/reformat.cz\/wp-content\/uploads\/2025\/12\/mockup-predni-strana13-416x277.jpg",416,277,true],"shop_thumbnail":["https:\/\/reformat.cz\/wp-content\/uploads\/2025\/12\/mockup-predni-strana13-100x100.jpg",100,100,true]},"uagb_author_info":{"display_name":"Produkce","author_link":"https:\/\/reformat.cz\/en\/author\/"},"uagb_comment_info":0,"uagb_excerpt":"specifications: dimensions: 210 \u00d7 297 mm number of sheets: 40 type of paper inside: Munken Lynx 400 g\/m\u00b2 waste material: The inner pages and cover of the sketchbook are upcycled paper from recycling yards, leftover material from printers, etc. \u00a0 35 min\u00a0handwork created from\u00a0750g of waste description: Seeing things only in black and white is&hellip;","jetpack_sharing_enabled":true,"_links":{"self":[{"href":"https:\/\/reformat.cz\/en\/wp-json\/wp\/v2\/product\/14641"}],"collection":[{"href":"https:\/\/reformat.cz\/en\/wp-json\/wp\/v2\/product"}],"about":[{"href":"https:\/\/reformat.cz\/en\/wp-json\/wp\/v2\/types\/product"}],"wp:featuredmedia":[{"embeddable":true,"href":"https:\/\/reformat.cz\/en\/wp-json\/wp\/v2\/media\/14539"}],"wp:attachment":[{"href":"https:\/\/reformat.cz\/en\/wp-json\/wp\/v2\/media?parent=14641"}],"wp:term":[{"taxonomy":"product_cat","embeddable":true,"href":"https:\/\/reformat.cz\/en\/wp-json\/wp\/v2\/product_cat?post=14641"},{"taxonomy":"product_tag","embeddable":true,"href":"https:\/\/reformat.cz\/en\/wp-json\/wp\/v2\/product_tag?post=14641"}],"curies":[{"name":"wp","href":"https:\/\/api.w.org\/{rel}","templated":true}]}}