{"id":14242,"date":"2025-03-27T11:08:38","date_gmt":"2025-03-27T10:08:38","guid":{"rendered":"https:\/\/reformat.cz\/?post_type=product&#038;p=14242"},"modified":"2025-03-27T11:12:37","modified_gmt":"2025-03-27T10:12:37","slug":"zlin-design-week-%e2%86%92-staple-the-notebook-11-05-14-00-hod","status":"publish","type":"product","link":"https:\/\/reformat.cz\/en\/product\/zlin-design-week-%e2%86%92-staple-the-notebook-11-05-14-00-hod\/","title":{"rendered":"Zl\u00edn Design Week \u2192 Staple the notebook \/ <br>11\/05 ~ 14.00 hod.<br>"},"content":{"rendered":"","protected":false},"excerpt":{"rendered":"<p><strong>(the course is in Czech language)<\/strong><\/p>\n<p>\/ workshop date: <strong>Sunday 11\/05\/2025<\/strong><br \/>\n\/ time: <strong>14.00\u201315.00<\/strong><br \/>\n\/ venue: <strong>Tr\u017ei\u0161t\u011b Pod Ka\u0161tany, Zl\u00edn<\/strong><br \/>\n\/ course capacity <strong>max. 15 participants<\/strong><br \/>\n\/ for complete <strong>beginners and advanced<\/strong><br \/>\n\/ workshop is suitable <strong>for ages 6 and up (up to 15 with adult accompaniment)<\/strong><br \/>\n\/ workshop price <strong>includes materials and components<\/strong><\/p>\n<p>Are you thinking about how to create your own products with respect for the environment and ecological footprint? Or make a unique gift for your loved ones? <strong>Come make a notebook or notebooks with a simple V1 binding.<\/strong> We will guide you through the creation process, using old papers saved from disposal. In addition to gaining experience with the bookbinding craft and some bookbinding machines, you will also try out how to create sustainably.<\/p>\n<p><strong>How will the workshop take place?<\/strong><\/p>\n<ol>\n<li>We will quickly introduce the Reform project and explain what recycling and upcycling are.<\/li>\n<li>We will introduce you to the bookbinding tools and machines that we will use to produce the product.<\/li>\n<li>Everyone will choose papers for their notebook\/notebook, then we will assemble them and connect them with staples on a wire.<\/li>\n<li>Finally, with the assistance of the lecturer, everyone will cut and decorate their block according to their wishes. For example, with stamps or collages. You can also perforate the sheets and have a tear-off product. Alternatively, add an elastic band to close the notebook.<\/li>\n<\/ol>\n<p><strong>What will the workshop bring you?<\/strong><\/p>\n<ul>\n<li>practical experience in how to use waste materials meaningfully<\/li>\n<li>a handmade notebook that can be used practically \u2013 whether as a gift or for your own needs<\/li>\n<li>an introduction to the bookbinding craft<\/li>\n<li>the opportunity to try out working with bookbinding machines with the assistance of a lecturer (an experienced bookbinder)<\/li>\n<\/ul>\n","protected":false},"featured_media":14236,"template":"","meta":{"inline_featured_image":false,"_uag_custom_page_level_css":"","spay_email":""},"product_cat":[125],"product_tag":[177],"acf":[],"yoast_head":"<!-- This site is optimized with the Yoast SEO plugin v18.0 - https:\/\/yoast.com\/wordpress\/plugins\/seo\/ -->\n<title>Zl\u00edn Design Week \u2192 Staple the notebook \/ 11\/05 ~ 14.00 hod. - Reform\u00e1t<\/title>\n<meta name=\"robots\" content=\"index, follow, max-snippet:-1, max-image-preview:large, max-video-preview:-1\" \/>\n<link rel=\"canonical\" href=\"https:\/\/reformat.cz\/en\/product\/zlin-design-week-%e2%86%92-staple-the-notebook-11-05-14-00-hod\/\" \/>\n<meta property=\"og:locale\" content=\"en_US\" \/>\n<meta property=\"og:type\" content=\"article\" \/>\n<meta property=\"og:title\" content=\"Zl\u00edn Design Week \u2192 Staple the notebook \/ 11\/05 ~ 14.00 hod. - Reform\u00e1t\" \/>\n<meta property=\"og:description\" content=\"(the course is in Czech language)  \/ workshop date: Sunday 11\/05\/2025 \/ time: 14.00\u201315.00 \/ venue: Tr\u017ei\u0161t\u011b Pod Ka\u0161tany, Zl\u00edn \/ course capacity max. 15 participants \/ for complete beginners and advanced \/ workshop is suitable for ages 6 and up (up to 15 with adult accompaniment) \/ workshop price includes materials and components  Are you thinking about how to create your own products with respect for the environment and ecological footprint? Or make a unique gift for your loved ones? Come make a notebook or notebooks with a simple V1 binding. We will guide you through the creation process, using old papers saved from disposal. In addition to gaining experience with the bookbinding craft and some bookbinding machines, you will also try out how to create sustainably.  How will the workshop take place?   We will quickly introduce the Reform project and explain what recycling and upcycling are.  We will introduce you to the bookbinding tools and machines that we will use to produce the product.  Everyone will choose papers for their notebook\/notebook, then we will assemble them and connect them with staples on a wire.  Finally, with the assistance of the lecturer, everyone will cut and decorate their block according to their wishes. For example, with stamps or collages. You can also perforate the sheets and have a tear-off product. Alternatively, add an elastic band to close the notebook.  What will the workshop bring you?   practical experience in how to use waste materials meaningfully  a handmade notebook that can be used practically \u2013 whether as a gift or for your own needs  an introduction to the bookbinding craft  the opportunity to try out working with bookbinding machines with the assistance of a lecturer (an experienced bookbinder)\" \/>\n<meta property=\"og:url\" content=\"https:\/\/reformat.cz\/en\/product\/zlin-design-week-%e2%86%92-staple-the-notebook-11-05-14-00-hod\/\" \/>\n<meta property=\"og:site_name\" content=\"Reform\u00e1t\" \/>\n<meta property=\"article:publisher\" content=\"https:\/\/www.facebook.com\/reformatpapershop\" \/>\n<meta property=\"article:modified_time\" content=\"2025-03-27T10:12:37+00:00\" \/>\n<meta property=\"og:image\" content=\"https:\/\/reformat.cz\/wp-content\/uploads\/2025\/03\/workshop-ZDW_1080x1080_RGB.png\" \/>\n\t<meta property=\"og:image:width\" content=\"1920\" \/>\n\t<meta property=\"og:image:height\" content=\"1920\" \/>\n\t<meta property=\"og:image:type\" content=\"image\/png\" \/>\n<meta name=\"twitter:card\" content=\"summary_large_image\" \/>\n<script type=\"application\/ld+json\" class=\"yoast-schema-graph\">{\"@context\":\"https:\/\/schema.org\",\"@graph\":[{\"@type\":\"WebSite\",\"@id\":\"https:\/\/reformat.cz\/en\/#website\",\"url\":\"https:\/\/reformat.cz\/en\/\",\"name\":\"Reform\u00e1t\",\"description\":\"A\u017e doslou\u017e\u00edm, chci do bloku!\",\"potentialAction\":[{\"@type\":\"SearchAction\",\"target\":{\"@type\":\"EntryPoint\",\"urlTemplate\":\"https:\/\/reformat.cz\/en\/?s={search_term_string}\"},\"query-input\":\"required name=search_term_string\"}],\"inLanguage\":\"en-US\"},{\"@type\":\"ImageObject\",\"@id\":\"https:\/\/reformat.cz\/en\/product\/zlin-design-week-%e2%86%92-staple-the-notebook-11-05-14-00-hod\/#primaryimage\",\"inLanguage\":\"en-US\",\"url\":\"https:\/\/reformat.cz\/wp-content\/uploads\/2025\/03\/workshop-ZDW_1080x1080_RGB.png\",\"contentUrl\":\"https:\/\/reformat.cz\/wp-content\/uploads\/2025\/03\/workshop-ZDW_1080x1080_RGB.png\",\"width\":1920,\"height\":1920},{\"@type\":\"WebPage\",\"@id\":\"https:\/\/reformat.cz\/en\/product\/zlin-design-week-%e2%86%92-staple-the-notebook-11-05-14-00-hod\/#webpage\",\"url\":\"https:\/\/reformat.cz\/en\/product\/zlin-design-week-%e2%86%92-staple-the-notebook-11-05-14-00-hod\/\",\"name\":\"Zl\u00edn Design Week \u2192 Staple the notebook \/ 11\/05 ~ 14.00 hod. - Reform\u00e1t\",\"isPartOf\":{\"@id\":\"https:\/\/reformat.cz\/en\/#website\"},\"primaryImageOfPage\":{\"@id\":\"https:\/\/reformat.cz\/en\/product\/zlin-design-week-%e2%86%92-staple-the-notebook-11-05-14-00-hod\/#primaryimage\"},\"datePublished\":\"2025-03-27T10:08:38+00:00\",\"dateModified\":\"2025-03-27T10:12:37+00:00\",\"breadcrumb\":{\"@id\":\"https:\/\/reformat.cz\/en\/product\/zlin-design-week-%e2%86%92-staple-the-notebook-11-05-14-00-hod\/#breadcrumb\"},\"inLanguage\":\"en-US\",\"potentialAction\":[{\"@type\":\"ReadAction\",\"target\":[\"https:\/\/reformat.cz\/en\/product\/zlin-design-week-%e2%86%92-staple-the-notebook-11-05-14-00-hod\/\"]}]},{\"@type\":\"BreadcrumbList\",\"@id\":\"https:\/\/reformat.cz\/en\/product\/zlin-design-week-%e2%86%92-staple-the-notebook-11-05-14-00-hod\/#breadcrumb\",\"itemListElement\":[{\"@type\":\"ListItem\",\"position\":1,\"name\":\"Dom\u016f\",\"item\":\"https:\/\/reformat.cz\/en\/\"},{\"@type\":\"ListItem\",\"position\":2,\"name\":\"Shop\",\"item\":\"https:\/\/reformat.cz\/en\/shop\/\"},{\"@type\":\"ListItem\",\"position\":3,\"name\":\"Zl\u00edn Design Week \u2192 Staple the notebook \/ 11\/05 ~ 14.00 hod.\"}]}]}<\/script>\n<!-- \/ Yoast SEO plugin. -->","yoast_head_json":{"title":"Zl\u00edn Design Week \u2192 Staple the notebook \/ 11\/05 ~ 14.00 hod. - Reform\u00e1t","robots":{"index":"index","follow":"follow","max-snippet":"max-snippet:-1","max-image-preview":"max-image-preview:large","max-video-preview":"max-video-preview:-1"},"canonical":"https:\/\/reformat.cz\/en\/product\/zlin-design-week-%e2%86%92-staple-the-notebook-11-05-14-00-hod\/","og_locale":"en_US","og_type":"article","og_title":"Zl\u00edn Design Week \u2192 Staple the notebook \/ 11\/05 ~ 14.00 hod. - Reform\u00e1t","og_description":"(the course is in Czech language)  \/ workshop date: Sunday 11\/05\/2025 \/ time: 14.00\u201315.00 \/ venue: Tr\u017ei\u0161t\u011b Pod Ka\u0161tany, Zl\u00edn \/ course capacity max. 15 participants \/ for complete beginners and advanced \/ workshop is suitable for ages 6 and up (up to 15 with adult accompaniment) \/ workshop price includes materials and components  Are you thinking about how to create your own products with respect for the environment and ecological footprint? Or make a unique gift for your loved ones? Come make a notebook or notebooks with a simple V1 binding. We will guide you through the creation process, using old papers saved from disposal. In addition to gaining experience with the bookbinding craft and some bookbinding machines, you will also try out how to create sustainably.  How will the workshop take place?   We will quickly introduce the Reform project and explain what recycling and upcycling are.  We will introduce you to the bookbinding tools and machines that we will use to produce the product.  Everyone will choose papers for their notebook\/notebook, then we will assemble them and connect them with staples on a wire.  Finally, with the assistance of the lecturer, everyone will cut and decorate their block according to their wishes. For example, with stamps or collages. You can also perforate the sheets and have a tear-off product. Alternatively, add an elastic band to close the notebook.  What will the workshop bring you?   practical experience in how to use waste materials meaningfully  a handmade notebook that can be used practically \u2013 whether as a gift or for your own needs  an introduction to the bookbinding craft  the opportunity to try out working with bookbinding machines with the assistance of a lecturer (an experienced bookbinder)","og_url":"https:\/\/reformat.cz\/en\/product\/zlin-design-week-%e2%86%92-staple-the-notebook-11-05-14-00-hod\/","og_site_name":"Reform\u00e1t","article_publisher":"https:\/\/www.facebook.com\/reformatpapershop","article_modified_time":"2025-03-27T10:12:37+00:00","og_image":[{"width":1920,"height":1920,"url":"https:\/\/reformat.cz\/wp-content\/uploads\/2025\/03\/workshop-ZDW_1080x1080_RGB.png","type":"image\/png"}],"twitter_card":"summary_large_image","schema":{"@context":"https:\/\/schema.org","@graph":[{"@type":"WebSite","@id":"https:\/\/reformat.cz\/en\/#website","url":"https:\/\/reformat.cz\/en\/","name":"Reform\u00e1t","description":"A\u017e doslou\u017e\u00edm, chci do bloku!","potentialAction":[{"@type":"SearchAction","target":{"@type":"EntryPoint","urlTemplate":"https:\/\/reformat.cz\/en\/?s={search_term_string}"},"query-input":"required name=search_term_string"}],"inLanguage":"en-US"},{"@type":"ImageObject","@id":"https:\/\/reformat.cz\/en\/product\/zlin-design-week-%e2%86%92-staple-the-notebook-11-05-14-00-hod\/#primaryimage","inLanguage":"en-US","url":"https:\/\/reformat.cz\/wp-content\/uploads\/2025\/03\/workshop-ZDW_1080x1080_RGB.png","contentUrl":"https:\/\/reformat.cz\/wp-content\/uploads\/2025\/03\/workshop-ZDW_1080x1080_RGB.png","width":1920,"height":1920},{"@type":"WebPage","@id":"https:\/\/reformat.cz\/en\/product\/zlin-design-week-%e2%86%92-staple-the-notebook-11-05-14-00-hod\/#webpage","url":"https:\/\/reformat.cz\/en\/product\/zlin-design-week-%e2%86%92-staple-the-notebook-11-05-14-00-hod\/","name":"Zl\u00edn Design Week \u2192 Staple the notebook \/ 11\/05 ~ 14.00 hod. - Reform\u00e1t","isPartOf":{"@id":"https:\/\/reformat.cz\/en\/#website"},"primaryImageOfPage":{"@id":"https:\/\/reformat.cz\/en\/product\/zlin-design-week-%e2%86%92-staple-the-notebook-11-05-14-00-hod\/#primaryimage"},"datePublished":"2025-03-27T10:08:38+00:00","dateModified":"2025-03-27T10:12:37+00:00","breadcrumb":{"@id":"https:\/\/reformat.cz\/en\/product\/zlin-design-week-%e2%86%92-staple-the-notebook-11-05-14-00-hod\/#breadcrumb"},"inLanguage":"en-US","potentialAction":[{"@type":"ReadAction","target":["https:\/\/reformat.cz\/en\/product\/zlin-design-week-%e2%86%92-staple-the-notebook-11-05-14-00-hod\/"]}]},{"@type":"BreadcrumbList","@id":"https:\/\/reformat.cz\/en\/product\/zlin-design-week-%e2%86%92-staple-the-notebook-11-05-14-00-hod\/#breadcrumb","itemListElement":[{"@type":"ListItem","position":1,"name":"Dom\u016f","item":"https:\/\/reformat.cz\/en\/"},{"@type":"ListItem","position":2,"name":"Shop","item":"https:\/\/reformat.cz\/en\/shop\/"},{"@type":"ListItem","position":3,"name":"Zl\u00edn Design Week \u2192 Staple the notebook \/ 11\/05 ~ 14.00 hod."}]}]}},"jetpack_publicize_connections":[],"uagb_featured_image_src":{"full":["https:\/\/reformat.cz\/wp-content\/uploads\/2025\/03\/workshop-ZDW_1080x1080_RGB.png",1920,1920,false],"thumbnail":["https:\/\/reformat.cz\/wp-content\/uploads\/2025\/03\/workshop-ZDW_1080x1080_RGB-150x150.png",150,150,true],"medium":["https:\/\/reformat.cz\/wp-content\/uploads\/2025\/03\/workshop-ZDW_1080x1080_RGB-300x300.png",300,300,true],"medium_large":["https:\/\/reformat.cz\/wp-content\/uploads\/2025\/03\/workshop-ZDW_1080x1080_RGB-768x768.png",768,768,true],"large":["https:\/\/reformat.cz\/wp-content\/uploads\/2025\/03\/workshop-ZDW_1080x1080_RGB-1024x1024.png",980,980,true],"1536x1536":["https:\/\/reformat.cz\/wp-content\/uploads\/2025\/03\/workshop-ZDW_1080x1080_RGB-1536x1536.png",1536,1536,true],"2048x2048":["https:\/\/reformat.cz\/wp-content\/uploads\/2025\/03\/workshop-ZDW_1080x1080_RGB.png",1920,1920,false],"woocommerce_thumbnail":["https:\/\/reformat.cz\/wp-content\/uploads\/2025\/03\/workshop-ZDW_1080x1080_RGB-324x324.png",324,324,true],"woocommerce_single":["https:\/\/reformat.cz\/wp-content\/uploads\/2025\/03\/workshop-ZDW_1080x1080_RGB-416x416.png",416,416,true],"woocommerce_gallery_thumbnail":["https:\/\/reformat.cz\/wp-content\/uploads\/2025\/03\/workshop-ZDW_1080x1080_RGB-100x100.png",100,100,true],"shop_catalog":["https:\/\/reformat.cz\/wp-content\/uploads\/2025\/03\/workshop-ZDW_1080x1080_RGB-324x324.png",324,324,true],"shop_single":["https:\/\/reformat.cz\/wp-content\/uploads\/2025\/03\/workshop-ZDW_1080x1080_RGB-416x416.png",416,416,true],"shop_thumbnail":["https:\/\/reformat.cz\/wp-content\/uploads\/2025\/03\/workshop-ZDW_1080x1080_RGB-100x100.png",100,100,true]},"uagb_author_info":{"display_name":"admin","author_link":"https:\/\/reformat.cz\/en\/author\/"},"uagb_comment_info":0,"uagb_excerpt":"(the course is in Czech language) \/ workshop date: Sunday 11\/05\/2025 \/ time: 14.00\u201315.00 \/ venue: Tr\u017ei\u0161t\u011b Pod Ka\u0161tany, Zl\u00edn \/ course capacity max. 15 participants \/ for complete beginners and advanced \/ workshop is suitable for ages 6 and up (up to 15 with adult accompaniment) \/ workshop price includes materials and components Are&hellip;","jetpack_sharing_enabled":true,"_links":{"self":[{"href":"https:\/\/reformat.cz\/en\/wp-json\/wp\/v2\/product\/14242"}],"collection":[{"href":"https:\/\/reformat.cz\/en\/wp-json\/wp\/v2\/product"}],"about":[{"href":"https:\/\/reformat.cz\/en\/wp-json\/wp\/v2\/types\/product"}],"wp:featuredmedia":[{"embeddable":true,"href":"https:\/\/reformat.cz\/en\/wp-json\/wp\/v2\/media\/14236"}],"wp:attachment":[{"href":"https:\/\/reformat.cz\/en\/wp-json\/wp\/v2\/media?parent=14242"}],"wp:term":[{"taxonomy":"product_cat","embeddable":true,"href":"https:\/\/reformat.cz\/en\/wp-json\/wp\/v2\/product_cat?post=14242"},{"taxonomy":"product_tag","embeddable":true,"href":"https:\/\/reformat.cz\/en\/wp-json\/wp\/v2\/product_tag?post=14242"}],"curies":[{"name":"wp","href":"https:\/\/api.w.org\/{rel}","templated":true}]}}