{"id":14104,"date":"2025-02-10T15:02:52","date_gmt":"2025-02-10T14:02:52","guid":{"rendered":"https:\/\/reformat.cz\/?post_type=product&#038;p=14104"},"modified":"2025-03-22T14:57:14","modified_gmt":"2025-03-22T13:57:14","slug":"old-book-in-a-new-coat-book-repair-26-04","status":"publish","type":"product","link":"https:\/\/reformat.cz\/en\/product\/old-book-in-a-new-coat-book-repair-26-04\/","title":{"rendered":"Old Book in a New Coat \u2192 Book Repair 26\/04"},"content":{"rendered":"","protected":false},"excerpt":{"rendered":"<p>The course is in Czech language. \/\/\/<\/p>\n<p><strong>Do you have an old book from your grandmother or a beloved one that you accidentally spilled tea on?<\/strong> These are the books we don\u2019t want to just throw away, even though their covers have been through a lot. Join our workshop, where you\u2019ll breathe new life into your worn-out book! We will guide you step by step through the process of replacing damaged boards \u2013 how to measure them properly, create new ones, and add endpapers to bind the boards to the book block.<\/p>\n<p>You\u2019ll have the opportunity to decorate the covered boards according to your own imagination \u2013 using a piece of the original cover, a free collage, or any other creative technique. Your favorite book will get a new coat, and you\u2019ll infuse it with a part of yourself. Revive a book that means something to you by restoring its functionality and giving it a fresh look that truly suits it!<\/p>\n<p><strong>Not sure which book to bring?<\/strong> The most important thing is that the book block is intact, while the boards may be detached, damaged, or even completely missing. For safety reasons, please do not bring books that are severely damaged by microorganisms or any books of artistic or historical value that could be harmed by the repair process. If you are unsure about your book choice, feel free to contact us at: <strong><a rel=\"noopener\">obchod@reformat.cz<\/a><\/strong><\/p>\n<p><strong>What can you expect at the workshop?<\/strong><\/p>\n<p><strong>What to expect at the workshop:<\/strong><\/p>\n<ul>\n<li>Introduction to the Reform\u00e1t project<\/li>\n<li>A showcase of the books we will be repairing and discussing the repair solutions for each one<\/li>\n<li>Selection of materials and designs for the board covers<\/li>\n<li>Choosing paper for the endpapers<\/li>\n<li>Preparing and covering the boards<\/li>\n<li>Binding the book block with the boards<\/li>\n<\/ul>\n<p><strong>Why attend our workshop?<\/strong><\/p>\n<ul>\n<li><strong>We take a sustainable approach to creation and upcycle unused materials.<\/strong> All paper used in our workshop is second-hand.<\/li>\n<li>In our bookbinding workshop, history meets new technology.<strong> During the workshop, you will have the opportunity to work with bookbinding machines, both modern and those that are decades old.<\/strong><\/li>\n<\/ul>\n<p><strong>Lector Eli\u0161ka Rom<\/strong><\/p>\n<p>Eli\u0161ka studied the field of &#8220;Conservation and Restoration of Paper, Books, and Museum Objects&#8221; at the Secondary Graphic School. This program, in addition to actual restoration, involved a lot of time spent creating historical book bindings, copies, and calligraphy. She is currently a student of the &#8220;Art History&#8221; bachelor\u2019s program at Charles University, focusing primarily on 20th-century architecture. As a museum restorer, she is interested not only in the historical aspect but also in the properties of paper and other materials, and finding optimal ways to preserve collection items. She is fascinated by bookbinding as a way to artistically shape a three-dimensional object and connect artistic sensitivity with technological knowledge and craft skills. She is deeply committed to sustainability, which is why Reform\u00e1t\u2019s mission resonates with her. She sees workshops as a unique opportunity to revive the tradition of handmade paper products and inspire others to discover this craft.<\/p>\n<p><span data-contrast=\"none\">\/ workshop date: <strong>Saturday, 26\/04\/2025<\/strong><\/span><br \/>\n\/ time: <strong>13.00\u201316.30<\/strong><br \/>\n\/ course capacity<strong> max. 8 participants<\/strong><br \/>\n\/ for <strong>beginners and the advanced<\/strong><br \/>\n\/ the workshop is suitable for <strong>ages 12 and up<\/strong><br \/>\n\/ the workshop fee includes all materials and components<\/p>\n","protected":false},"featured_media":14106,"template":"","meta":{"inline_featured_image":false,"_uag_custom_page_level_css":"","spay_email":""},"product_cat":[125],"product_tag":[177],"acf":[],"yoast_head":"<!-- This site is optimized with the Yoast SEO plugin v18.0 - https:\/\/yoast.com\/wordpress\/plugins\/seo\/ -->\n<title>Old Book in a New Coat \u2192 Book Repair 26\/04 - Reform\u00e1t<\/title>\n<meta name=\"robots\" content=\"index, follow, max-snippet:-1, max-image-preview:large, max-video-preview:-1\" \/>\n<link rel=\"canonical\" href=\"https:\/\/reformat.cz\/en\/product\/old-book-in-a-new-coat-book-repair-26-04\/\" \/>\n<meta property=\"og:locale\" content=\"en_US\" \/>\n<meta property=\"og:type\" content=\"article\" \/>\n<meta property=\"og:title\" content=\"Old Book in a New Coat \u2192 Book Repair 26\/04 - Reform\u00e1t\" \/>\n<meta property=\"og:description\" content=\"The course is in Czech language. \/\/\/  Do you have an old book from your grandmother or a beloved one that you accidentally spilled tea on? These are the books we don\u2019t want to just throw away, even though their covers have been through a lot. Join our workshop, where you\u2019ll breathe new life into your worn-out book! We will guide you step by step through the process of replacing damaged boards \u2013 how to measure them properly, create new ones, and add endpapers to bind the boards to the book block.  You\u2019ll have the opportunity to decorate the covered boards according to your own imagination \u2013 using a piece of the original cover, a free collage, or any other creative technique. Your favorite book will get a new coat, and you\u2019ll infuse it with a part of yourself. Revive a book that means something to you by restoring its functionality and giving it a fresh look that truly suits it!  Not sure which book to bring? The most important thing is that the book block is intact, while the boards may be detached, damaged, or even completely missing. For safety reasons, please do not bring books that are severely damaged by microorganisms or any books of artistic or historical value that could be harmed by the repair process. If you are unsure about your book choice, feel free to contact us at: obchod@reformat.cz  What can you expect at the workshop?  What to expect at the workshop:   Introduction to the Reform\u00e1t project  A showcase of the books we will be repairing and discussing the repair solutions for each one  Selection of materials and designs for the board covers  Choosing paper for the endpapers  Preparing and covering the boards  Binding the book block with the boards  Why attend our workshop?   We take a sustainable approach to creation and upcycle unused materials. All paper used in our workshop is second-hand.  In our bookbinding workshop, history meets new technology. During the workshop, you will have the opportunity to work with bookbinding machines, both modern and those that are decades old.  Lector Eli\u0161ka Rom  Eli\u0161ka studied the field of &quot;Conservation and Restoration of Paper, Books, and Museum Objects&quot; at the Secondary Graphic School. This program, in addition to actual restoration, involved a lot of time spent creating historical book bindings, copies, and calligraphy. She is currently a student of the &quot;Art History&quot; bachelor\u2019s program at Charles University, focusing primarily on 20th-century architecture. As a museum restorer, she is interested not only in the historical aspect but also in the properties of paper and other materials, and finding optimal ways to preserve collection items. She is fascinated by bookbinding as a way to artistically shape a three-dimensional object and connect artistic sensitivity with technological knowledge and craft skills. She is deeply committed to sustainability, which is why Reform\u00e1t\u2019s mission resonates with her. She sees workshops as a unique opportunity to revive the tradition of handmade paper products and inspire others to discover this craft.  \/ workshop date: Saturday, 26\/04\/2025 \/ time: 13.00\u201316.30 \/ course capacity max. 8 participants \/ for beginners and the advanced \/ the workshop is suitable for ages 12 and up \/ the workshop fee includes all materials and components\" \/>\n<meta property=\"og:url\" content=\"https:\/\/reformat.cz\/en\/product\/old-book-in-a-new-coat-book-repair-26-04\/\" \/>\n<meta property=\"og:site_name\" content=\"Reform\u00e1t\" \/>\n<meta property=\"article:publisher\" content=\"https:\/\/www.facebook.com\/reformatpapershop\" \/>\n<meta property=\"article:modified_time\" content=\"2025-03-22T13:57:14+00:00\" \/>\n<meta property=\"og:image\" content=\"https:\/\/reformat.cz\/wp-content\/uploads\/2025\/02\/2025-01-30-18.38.19.jpg\" \/>\n\t<meta property=\"og:image:width\" content=\"2048\" \/>\n\t<meta property=\"og:image:height\" content=\"2048\" \/>\n\t<meta property=\"og:image:type\" content=\"image\/jpeg\" \/>\n<meta name=\"twitter:card\" content=\"summary_large_image\" \/>\n<script type=\"application\/ld+json\" class=\"yoast-schema-graph\">{\"@context\":\"https:\/\/schema.org\",\"@graph\":[{\"@type\":\"WebSite\",\"@id\":\"https:\/\/reformat.cz\/en\/#website\",\"url\":\"https:\/\/reformat.cz\/en\/\",\"name\":\"Reform\u00e1t\",\"description\":\"A\u017e doslou\u017e\u00edm, chci do bloku!\",\"potentialAction\":[{\"@type\":\"SearchAction\",\"target\":{\"@type\":\"EntryPoint\",\"urlTemplate\":\"https:\/\/reformat.cz\/en\/?s={search_term_string}\"},\"query-input\":\"required name=search_term_string\"}],\"inLanguage\":\"en-US\"},{\"@type\":\"ImageObject\",\"@id\":\"https:\/\/reformat.cz\/en\/product\/old-book-in-a-new-coat-book-repair-26-04\/#primaryimage\",\"inLanguage\":\"en-US\",\"url\":\"https:\/\/reformat.cz\/wp-content\/uploads\/2025\/02\/2025-01-30-18.38.19.jpg\",\"contentUrl\":\"https:\/\/reformat.cz\/wp-content\/uploads\/2025\/02\/2025-01-30-18.38.19.jpg\",\"width\":2048,\"height\":2048},{\"@type\":\"WebPage\",\"@id\":\"https:\/\/reformat.cz\/en\/product\/old-book-in-a-new-coat-book-repair-26-04\/#webpage\",\"url\":\"https:\/\/reformat.cz\/en\/product\/old-book-in-a-new-coat-book-repair-26-04\/\",\"name\":\"Old Book in a New Coat \u2192 Book Repair 26\/04 - Reform\u00e1t\",\"isPartOf\":{\"@id\":\"https:\/\/reformat.cz\/en\/#website\"},\"primaryImageOfPage\":{\"@id\":\"https:\/\/reformat.cz\/en\/product\/old-book-in-a-new-coat-book-repair-26-04\/#primaryimage\"},\"datePublished\":\"2025-02-10T14:02:52+00:00\",\"dateModified\":\"2025-03-22T13:57:14+00:00\",\"breadcrumb\":{\"@id\":\"https:\/\/reformat.cz\/en\/product\/old-book-in-a-new-coat-book-repair-26-04\/#breadcrumb\"},\"inLanguage\":\"en-US\",\"potentialAction\":[{\"@type\":\"ReadAction\",\"target\":[\"https:\/\/reformat.cz\/en\/product\/old-book-in-a-new-coat-book-repair-26-04\/\"]}]},{\"@type\":\"BreadcrumbList\",\"@id\":\"https:\/\/reformat.cz\/en\/product\/old-book-in-a-new-coat-book-repair-26-04\/#breadcrumb\",\"itemListElement\":[{\"@type\":\"ListItem\",\"position\":1,\"name\":\"Dom\u016f\",\"item\":\"https:\/\/reformat.cz\/en\/\"},{\"@type\":\"ListItem\",\"position\":2,\"name\":\"Shop\",\"item\":\"https:\/\/reformat.cz\/en\/shop\/\"},{\"@type\":\"ListItem\",\"position\":3,\"name\":\"Old Book in a New Coat \u2192 Book Repair 26\/04\"}]}]}<\/script>\n<!-- \/ Yoast SEO plugin. -->","yoast_head_json":{"title":"Old Book in a New Coat \u2192 Book Repair 26\/04 - Reform\u00e1t","robots":{"index":"index","follow":"follow","max-snippet":"max-snippet:-1","max-image-preview":"max-image-preview:large","max-video-preview":"max-video-preview:-1"},"canonical":"https:\/\/reformat.cz\/en\/product\/old-book-in-a-new-coat-book-repair-26-04\/","og_locale":"en_US","og_type":"article","og_title":"Old Book in a New Coat \u2192 Book Repair 26\/04 - Reform\u00e1t","og_description":"The course is in Czech language. \/\/\/  Do you have an old book from your grandmother or a beloved one that you accidentally spilled tea on? These are the books we don\u2019t want to just throw away, even though their covers have been through a lot. Join our workshop, where you\u2019ll breathe new life into your worn-out book! We will guide you step by step through the process of replacing damaged boards \u2013 how to measure them properly, create new ones, and add endpapers to bind the boards to the book block.  You\u2019ll have the opportunity to decorate the covered boards according to your own imagination \u2013 using a piece of the original cover, a free collage, or any other creative technique. Your favorite book will get a new coat, and you\u2019ll infuse it with a part of yourself. Revive a book that means something to you by restoring its functionality and giving it a fresh look that truly suits it!  Not sure which book to bring? The most important thing is that the book block is intact, while the boards may be detached, damaged, or even completely missing. For safety reasons, please do not bring books that are severely damaged by microorganisms or any books of artistic or historical value that could be harmed by the repair process. If you are unsure about your book choice, feel free to contact us at: obchod@reformat.cz  What can you expect at the workshop?  What to expect at the workshop:   Introduction to the Reform\u00e1t project  A showcase of the books we will be repairing and discussing the repair solutions for each one  Selection of materials and designs for the board covers  Choosing paper for the endpapers  Preparing and covering the boards  Binding the book block with the boards  Why attend our workshop?   We take a sustainable approach to creation and upcycle unused materials. All paper used in our workshop is second-hand.  In our bookbinding workshop, history meets new technology. During the workshop, you will have the opportunity to work with bookbinding machines, both modern and those that are decades old.  Lector Eli\u0161ka Rom  Eli\u0161ka studied the field of \"Conservation and Restoration of Paper, Books, and Museum Objects\" at the Secondary Graphic School. This program, in addition to actual restoration, involved a lot of time spent creating historical book bindings, copies, and calligraphy. She is currently a student of the \"Art History\" bachelor\u2019s program at Charles University, focusing primarily on 20th-century architecture. As a museum restorer, she is interested not only in the historical aspect but also in the properties of paper and other materials, and finding optimal ways to preserve collection items. She is fascinated by bookbinding as a way to artistically shape a three-dimensional object and connect artistic sensitivity with technological knowledge and craft skills. She is deeply committed to sustainability, which is why Reform\u00e1t\u2019s mission resonates with her. She sees workshops as a unique opportunity to revive the tradition of handmade paper products and inspire others to discover this craft.  \/ workshop date: Saturday, 26\/04\/2025 \/ time: 13.00\u201316.30 \/ course capacity max. 8 participants \/ for beginners and the advanced \/ the workshop is suitable for ages 12 and up \/ the workshop fee includes all materials and components","og_url":"https:\/\/reformat.cz\/en\/product\/old-book-in-a-new-coat-book-repair-26-04\/","og_site_name":"Reform\u00e1t","article_publisher":"https:\/\/www.facebook.com\/reformatpapershop","article_modified_time":"2025-03-22T13:57:14+00:00","og_image":[{"width":2048,"height":2048,"url":"https:\/\/reformat.cz\/wp-content\/uploads\/2025\/02\/2025-01-30-18.38.19.jpg","type":"image\/jpeg"}],"twitter_card":"summary_large_image","schema":{"@context":"https:\/\/schema.org","@graph":[{"@type":"WebSite","@id":"https:\/\/reformat.cz\/en\/#website","url":"https:\/\/reformat.cz\/en\/","name":"Reform\u00e1t","description":"A\u017e doslou\u017e\u00edm, chci do bloku!","potentialAction":[{"@type":"SearchAction","target":{"@type":"EntryPoint","urlTemplate":"https:\/\/reformat.cz\/en\/?s={search_term_string}"},"query-input":"required name=search_term_string"}],"inLanguage":"en-US"},{"@type":"ImageObject","@id":"https:\/\/reformat.cz\/en\/product\/old-book-in-a-new-coat-book-repair-26-04\/#primaryimage","inLanguage":"en-US","url":"https:\/\/reformat.cz\/wp-content\/uploads\/2025\/02\/2025-01-30-18.38.19.jpg","contentUrl":"https:\/\/reformat.cz\/wp-content\/uploads\/2025\/02\/2025-01-30-18.38.19.jpg","width":2048,"height":2048},{"@type":"WebPage","@id":"https:\/\/reformat.cz\/en\/product\/old-book-in-a-new-coat-book-repair-26-04\/#webpage","url":"https:\/\/reformat.cz\/en\/product\/old-book-in-a-new-coat-book-repair-26-04\/","name":"Old Book in a New Coat \u2192 Book Repair 26\/04 - Reform\u00e1t","isPartOf":{"@id":"https:\/\/reformat.cz\/en\/#website"},"primaryImageOfPage":{"@id":"https:\/\/reformat.cz\/en\/product\/old-book-in-a-new-coat-book-repair-26-04\/#primaryimage"},"datePublished":"2025-02-10T14:02:52+00:00","dateModified":"2025-03-22T13:57:14+00:00","breadcrumb":{"@id":"https:\/\/reformat.cz\/en\/product\/old-book-in-a-new-coat-book-repair-26-04\/#breadcrumb"},"inLanguage":"en-US","potentialAction":[{"@type":"ReadAction","target":["https:\/\/reformat.cz\/en\/product\/old-book-in-a-new-coat-book-repair-26-04\/"]}]},{"@type":"BreadcrumbList","@id":"https:\/\/reformat.cz\/en\/product\/old-book-in-a-new-coat-book-repair-26-04\/#breadcrumb","itemListElement":[{"@type":"ListItem","position":1,"name":"Dom\u016f","item":"https:\/\/reformat.cz\/en\/"},{"@type":"ListItem","position":2,"name":"Shop","item":"https:\/\/reformat.cz\/en\/shop\/"},{"@type":"ListItem","position":3,"name":"Old Book in a New Coat \u2192 Book Repair 26\/04"}]}]}},"jetpack_publicize_connections":[],"uagb_featured_image_src":{"full":["https:\/\/reformat.cz\/wp-content\/uploads\/2025\/02\/2025-01-30-18.38.19.jpg",2048,2048,false],"thumbnail":["https:\/\/reformat.cz\/wp-content\/uploads\/2025\/02\/2025-01-30-18.38.19-150x150.jpg",150,150,true],"medium":["https:\/\/reformat.cz\/wp-content\/uploads\/2025\/02\/2025-01-30-18.38.19-300x300.jpg",300,300,true],"medium_large":["https:\/\/reformat.cz\/wp-content\/uploads\/2025\/02\/2025-01-30-18.38.19-768x768.jpg",768,768,true],"large":["https:\/\/reformat.cz\/wp-content\/uploads\/2025\/02\/2025-01-30-18.38.19-1024x1024.jpg",980,980,true],"1536x1536":["https:\/\/reformat.cz\/wp-content\/uploads\/2025\/02\/2025-01-30-18.38.19-1536x1536.jpg",1536,1536,true],"2048x2048":["https:\/\/reformat.cz\/wp-content\/uploads\/2025\/02\/2025-01-30-18.38.19-2048x2048.jpg",2048,2048,true],"woocommerce_thumbnail":["https:\/\/reformat.cz\/wp-content\/uploads\/2025\/02\/2025-01-30-18.38.19-324x324.jpg",324,324,true],"woocommerce_single":["https:\/\/reformat.cz\/wp-content\/uploads\/2025\/02\/2025-01-30-18.38.19-416x416.jpg",416,416,true],"woocommerce_gallery_thumbnail":["https:\/\/reformat.cz\/wp-content\/uploads\/2025\/02\/2025-01-30-18.38.19-100x100.jpg",100,100,true],"shop_catalog":["https:\/\/reformat.cz\/wp-content\/uploads\/2025\/02\/2025-01-30-18.38.19-324x324.jpg",324,324,true],"shop_single":["https:\/\/reformat.cz\/wp-content\/uploads\/2025\/02\/2025-01-30-18.38.19-416x416.jpg",416,416,true],"shop_thumbnail":["https:\/\/reformat.cz\/wp-content\/uploads\/2025\/02\/2025-01-30-18.38.19-100x100.jpg",100,100,true]},"uagb_author_info":{"display_name":"admin","author_link":"https:\/\/reformat.cz\/en\/author\/"},"uagb_comment_info":0,"uagb_excerpt":"The course is in Czech language. \/\/\/ Do you have an old book from your grandmother or a beloved one that you accidentally spilled tea on? These are the books we don\u2019t want to just throw away, even though their covers have been through a lot. Join our workshop, where you\u2019ll breathe new life into&hellip;","jetpack_sharing_enabled":true,"_links":{"self":[{"href":"https:\/\/reformat.cz\/en\/wp-json\/wp\/v2\/product\/14104"}],"collection":[{"href":"https:\/\/reformat.cz\/en\/wp-json\/wp\/v2\/product"}],"about":[{"href":"https:\/\/reformat.cz\/en\/wp-json\/wp\/v2\/types\/product"}],"wp:featuredmedia":[{"embeddable":true,"href":"https:\/\/reformat.cz\/en\/wp-json\/wp\/v2\/media\/14106"}],"wp:attachment":[{"href":"https:\/\/reformat.cz\/en\/wp-json\/wp\/v2\/media?parent=14104"}],"wp:term":[{"taxonomy":"product_cat","embeddable":true,"href":"https:\/\/reformat.cz\/en\/wp-json\/wp\/v2\/product_cat?post=14104"},{"taxonomy":"product_tag","embeddable":true,"href":"https:\/\/reformat.cz\/en\/wp-json\/wp\/v2\/product_tag?post=14104"}],"curies":[{"name":"wp","href":"https:\/\/api.w.org\/{rel}","templated":true}]}}