{"id":14077,"date":"2025-02-07T15:20:40","date_gmt":"2025-02-07T14:20:40","guid":{"rendered":"https:\/\/reformat.cz\/?post_type=product&#038;p=14077"},"modified":"2025-03-22T13:28:50","modified_gmt":"2025-03-22T12:28:50","slug":"notebook-v1-different-types-of-stitching-17-05","status":"publish","type":"product","link":"https:\/\/reformat.cz\/en\/product\/notebook-v1-different-types-of-stitching-17-05\/","title":{"rendered":"Notebook V1 \u2192 Different types of stitching <br>17\/05<br>"},"content":{"rendered":"","protected":false},"excerpt":{"rendered":"<p>The course is in Czech language. \/\/\/ <strong>Would you like to create notebooks according to your own ideas? <\/strong>During the workshop, you will learn <strong>how to make 5 types of notebook bindings (V1),<\/strong> which are not only functional but also beautiful.<strong> We will introduce you to different binding techniques, from simple classic ones like binding with metal staples, to more complex decorative stitches that will give your notebooks a unique look.<\/strong> You will choose paper according to your preferences and create unique covers to complement your notebooks. All the materials we use to make the notebooks are unused or waste paper.<\/p>\n<p><strong>What will you experience during the workshop?<\/strong><\/p>\n<ol>\n<li>Introduction to the Reform\u00e1t project<\/li>\n<li>Choosing paper, preparing sections, and covers<\/li>\n<li>Assembling the notebooks<\/li>\n<li>Binding sections using 5 types of stitching (metal staples on a wire-stitcher, simpler and more complex decorative stitches with thread)<\/li>\n<li>Finishing touches (adding an elastic band, creating pockets)<\/li>\n<\/ol>\n<p><strong>Why attend our workshop?<\/strong><\/p>\n<ul>\n<li><strong>We approach creation sustainably by upcycling unused materials.<\/strong> All paper in our workshop comes from second-hand sources.<\/li>\n<li>In our bookbinding workshop, history meets new technologies.<strong> During the workshops, you will have the opportunity to work with both new bookbinding machines and those that are several decades old.<\/strong><\/li>\n<\/ul>\n<p><strong>Lector \u00a0Veronika \u0160v\u00e9dov\u00e1<\/strong><\/p>\n<p>Veronika, the instructor, studied book design at the Higher Vocational School of Graphic Arts in Prague \u2013 Hellichovka. During her studies, she focused on creating illustrations using artistic graphic techniques such as linocut, drypoint, etching, etc. In addition to traditional digital graphic design, her work took a turn toward classical and handcrafted creation. She further shaped her illustrations into book objects, which she created from start to finish\u2014graphic design, typesetting, illustration, binding, and the actual printing process. The design of books and bookbinding crafts revealed a new world to Veronika, which inspired her, and bookbinding and paper became the focus of her life\u2019s work. You can find her on social media under the brand <em>Te\u010f nastala ta chv\u00edle<\/em> (Now is the Moment). The concept revolves around being in the present moment. And what brings you more into the present moment than creative work?<\/p>\n<p><span data-contrast=\"none\">\/ workshop date: <strong>Saturday<\/strong><b>\u00a017\/05\/2025<\/b><\/span><br \/>\n\/ time: <b>13.00\u201316.30<\/b><br \/>\n\/ course capacity<strong> max. 8 participants<\/strong><br \/>\n\/\u00a0 for <strong>beginners and the advanced<\/strong><br \/>\n\/ For <strong>beginners and advanced participants<\/strong><br \/>\n\/ the workshop is suitable<strong> for children aged 10+<\/strong> (with a guardian)<br \/>\n\/ the workshop price includes <strong>materials and components<\/strong><\/p>\n","protected":false},"featured_media":14085,"template":"","meta":{"inline_featured_image":false,"_uag_custom_page_level_css":"","spay_email":""},"product_cat":[125],"product_tag":[177],"acf":[],"yoast_head":"<!-- This site is optimized with the Yoast SEO plugin v18.0 - https:\/\/yoast.com\/wordpress\/plugins\/seo\/ -->\n<title>Notebook V1 \u2192 Different types of stitching 17\/05 - Reform\u00e1t<\/title>\n<meta name=\"robots\" content=\"index, follow, max-snippet:-1, max-image-preview:large, max-video-preview:-1\" \/>\n<link rel=\"canonical\" href=\"https:\/\/reformat.cz\/en\/product\/notebook-v1-different-types-of-stitching-17-05\/\" \/>\n<meta property=\"og:locale\" content=\"en_US\" \/>\n<meta property=\"og:type\" content=\"article\" \/>\n<meta property=\"og:title\" content=\"Notebook V1 \u2192 Different types of stitching 17\/05 - Reform\u00e1t\" \/>\n<meta property=\"og:description\" content=\"The course is in Czech language. \/\/\/ Would you like to create notebooks according to your own ideas? During the workshop, you will learn how to make 5 types of notebook bindings (V1), which are not only functional but also beautiful. We will introduce you to different binding techniques, from simple classic ones like binding with metal staples, to more complex decorative stitches that will give your notebooks a unique look. You will choose paper according to your preferences and create unique covers to complement your notebooks. All the materials we use to make the notebooks are unused or waste paper.  What will you experience during the workshop?   Introduction to the Reform\u00e1t project  Choosing paper, preparing sections, and covers  Assembling the notebooks  Binding sections using 5 types of stitching (metal staples on a wire-stitcher, simpler and more complex decorative stitches with thread)  Finishing touches (adding an elastic band, creating pockets)  Why attend our workshop?   We approach creation sustainably by upcycling unused materials. All paper in our workshop comes from second-hand sources.  In our bookbinding workshop, history meets new technologies. During the workshops, you will have the opportunity to work with both new bookbinding machines and those that are several decades old.  Lector \u00a0Veronika \u0160v\u00e9dov\u00e1  Veronika, the instructor, studied book design at the Higher Vocational School of Graphic Arts in Prague \u2013 Hellichovka. During her studies, she focused on creating illustrations using artistic graphic techniques such as linocut, drypoint, etching, etc. In addition to traditional digital graphic design, her work took a turn toward classical and handcrafted creation. She further shaped her illustrations into book objects, which she created from start to finish\u2014graphic design, typesetting, illustration, binding, and the actual printing process. The design of books and bookbinding crafts revealed a new world to Veronika, which inspired her, and bookbinding and paper became the focus of her life\u2019s work. You can find her on social media under the brand Te\u010f nastala ta chv\u00edle (Now is the Moment). The concept revolves around being in the present moment. And what brings you more into the present moment than creative work?  \/ workshop date: Saturday\u00a017\/05\/2025 \/ time: 13.00\u201316.30 \/ course capacity max. 8 participants \/\u00a0 for beginners and the advanced \/ For beginners and advanced participants \/ the workshop is suitable for children aged 10+ (with a guardian) \/ the workshop price includes materials and components\" \/>\n<meta property=\"og:url\" content=\"https:\/\/reformat.cz\/en\/product\/notebook-v1-different-types-of-stitching-17-05\/\" \/>\n<meta property=\"og:site_name\" content=\"Reform\u00e1t\" \/>\n<meta property=\"article:publisher\" content=\"https:\/\/www.facebook.com\/reformatpapershop\" \/>\n<meta property=\"article:modified_time\" content=\"2025-03-22T12:28:50+00:00\" \/>\n<meta property=\"og:image\" content=\"https:\/\/reformat.cz\/wp-content\/uploads\/2025\/02\/2025-01-30-16.11.43.jpg\" \/>\n\t<meta property=\"og:image:width\" content=\"2048\" \/>\n\t<meta property=\"og:image:height\" content=\"2048\" \/>\n\t<meta property=\"og:image:type\" content=\"image\/jpeg\" \/>\n<meta name=\"twitter:card\" content=\"summary_large_image\" \/>\n<script type=\"application\/ld+json\" class=\"yoast-schema-graph\">{\"@context\":\"https:\/\/schema.org\",\"@graph\":[{\"@type\":\"WebSite\",\"@id\":\"https:\/\/reformat.cz\/en\/#website\",\"url\":\"https:\/\/reformat.cz\/en\/\",\"name\":\"Reform\u00e1t\",\"description\":\"A\u017e doslou\u017e\u00edm, chci do bloku!\",\"potentialAction\":[{\"@type\":\"SearchAction\",\"target\":{\"@type\":\"EntryPoint\",\"urlTemplate\":\"https:\/\/reformat.cz\/en\/?s={search_term_string}\"},\"query-input\":\"required name=search_term_string\"}],\"inLanguage\":\"en-US\"},{\"@type\":\"ImageObject\",\"@id\":\"https:\/\/reformat.cz\/en\/product\/notebook-v1-different-types-of-stitching-17-05\/#primaryimage\",\"inLanguage\":\"en-US\",\"url\":\"https:\/\/reformat.cz\/wp-content\/uploads\/2025\/02\/2025-01-30-16.11.43.jpg\",\"contentUrl\":\"https:\/\/reformat.cz\/wp-content\/uploads\/2025\/02\/2025-01-30-16.11.43.jpg\",\"width\":2048,\"height\":2048},{\"@type\":\"WebPage\",\"@id\":\"https:\/\/reformat.cz\/en\/product\/notebook-v1-different-types-of-stitching-17-05\/#webpage\",\"url\":\"https:\/\/reformat.cz\/en\/product\/notebook-v1-different-types-of-stitching-17-05\/\",\"name\":\"Notebook V1 \u2192 Different types of stitching 17\/05 - Reform\u00e1t\",\"isPartOf\":{\"@id\":\"https:\/\/reformat.cz\/en\/#website\"},\"primaryImageOfPage\":{\"@id\":\"https:\/\/reformat.cz\/en\/product\/notebook-v1-different-types-of-stitching-17-05\/#primaryimage\"},\"datePublished\":\"2025-02-07T14:20:40+00:00\",\"dateModified\":\"2025-03-22T12:28:50+00:00\",\"breadcrumb\":{\"@id\":\"https:\/\/reformat.cz\/en\/product\/notebook-v1-different-types-of-stitching-17-05\/#breadcrumb\"},\"inLanguage\":\"en-US\",\"potentialAction\":[{\"@type\":\"ReadAction\",\"target\":[\"https:\/\/reformat.cz\/en\/product\/notebook-v1-different-types-of-stitching-17-05\/\"]}]},{\"@type\":\"BreadcrumbList\",\"@id\":\"https:\/\/reformat.cz\/en\/product\/notebook-v1-different-types-of-stitching-17-05\/#breadcrumb\",\"itemListElement\":[{\"@type\":\"ListItem\",\"position\":1,\"name\":\"Dom\u016f\",\"item\":\"https:\/\/reformat.cz\/en\/\"},{\"@type\":\"ListItem\",\"position\":2,\"name\":\"Shop\",\"item\":\"https:\/\/reformat.cz\/en\/shop\/\"},{\"@type\":\"ListItem\",\"position\":3,\"name\":\"Notebook V1 \u2192 Different types of stitching 17\/05\"}]}]}<\/script>\n<!-- \/ Yoast SEO plugin. -->","yoast_head_json":{"title":"Notebook V1 \u2192 Different types of stitching 17\/05 - Reform\u00e1t","robots":{"index":"index","follow":"follow","max-snippet":"max-snippet:-1","max-image-preview":"max-image-preview:large","max-video-preview":"max-video-preview:-1"},"canonical":"https:\/\/reformat.cz\/en\/product\/notebook-v1-different-types-of-stitching-17-05\/","og_locale":"en_US","og_type":"article","og_title":"Notebook V1 \u2192 Different types of stitching 17\/05 - Reform\u00e1t","og_description":"The course is in Czech language. \/\/\/ Would you like to create notebooks according to your own ideas? During the workshop, you will learn how to make 5 types of notebook bindings (V1), which are not only functional but also beautiful. We will introduce you to different binding techniques, from simple classic ones like binding with metal staples, to more complex decorative stitches that will give your notebooks a unique look. You will choose paper according to your preferences and create unique covers to complement your notebooks. All the materials we use to make the notebooks are unused or waste paper.  What will you experience during the workshop?   Introduction to the Reform\u00e1t project  Choosing paper, preparing sections, and covers  Assembling the notebooks  Binding sections using 5 types of stitching (metal staples on a wire-stitcher, simpler and more complex decorative stitches with thread)  Finishing touches (adding an elastic band, creating pockets)  Why attend our workshop?   We approach creation sustainably by upcycling unused materials. All paper in our workshop comes from second-hand sources.  In our bookbinding workshop, history meets new technologies. During the workshops, you will have the opportunity to work with both new bookbinding machines and those that are several decades old.  Lector \u00a0Veronika \u0160v\u00e9dov\u00e1  Veronika, the instructor, studied book design at the Higher Vocational School of Graphic Arts in Prague \u2013 Hellichovka. During her studies, she focused on creating illustrations using artistic graphic techniques such as linocut, drypoint, etching, etc. In addition to traditional digital graphic design, her work took a turn toward classical and handcrafted creation. She further shaped her illustrations into book objects, which she created from start to finish\u2014graphic design, typesetting, illustration, binding, and the actual printing process. The design of books and bookbinding crafts revealed a new world to Veronika, which inspired her, and bookbinding and paper became the focus of her life\u2019s work. You can find her on social media under the brand Te\u010f nastala ta chv\u00edle (Now is the Moment). The concept revolves around being in the present moment. And what brings you more into the present moment than creative work?  \/ workshop date: Saturday\u00a017\/05\/2025 \/ time: 13.00\u201316.30 \/ course capacity max. 8 participants \/\u00a0 for beginners and the advanced \/ For beginners and advanced participants \/ the workshop is suitable for children aged 10+ (with a guardian) \/ the workshop price includes materials and components","og_url":"https:\/\/reformat.cz\/en\/product\/notebook-v1-different-types-of-stitching-17-05\/","og_site_name":"Reform\u00e1t","article_publisher":"https:\/\/www.facebook.com\/reformatpapershop","article_modified_time":"2025-03-22T12:28:50+00:00","og_image":[{"width":2048,"height":2048,"url":"https:\/\/reformat.cz\/wp-content\/uploads\/2025\/02\/2025-01-30-16.11.43.jpg","type":"image\/jpeg"}],"twitter_card":"summary_large_image","schema":{"@context":"https:\/\/schema.org","@graph":[{"@type":"WebSite","@id":"https:\/\/reformat.cz\/en\/#website","url":"https:\/\/reformat.cz\/en\/","name":"Reform\u00e1t","description":"A\u017e doslou\u017e\u00edm, chci do bloku!","potentialAction":[{"@type":"SearchAction","target":{"@type":"EntryPoint","urlTemplate":"https:\/\/reformat.cz\/en\/?s={search_term_string}"},"query-input":"required name=search_term_string"}],"inLanguage":"en-US"},{"@type":"ImageObject","@id":"https:\/\/reformat.cz\/en\/product\/notebook-v1-different-types-of-stitching-17-05\/#primaryimage","inLanguage":"en-US","url":"https:\/\/reformat.cz\/wp-content\/uploads\/2025\/02\/2025-01-30-16.11.43.jpg","contentUrl":"https:\/\/reformat.cz\/wp-content\/uploads\/2025\/02\/2025-01-30-16.11.43.jpg","width":2048,"height":2048},{"@type":"WebPage","@id":"https:\/\/reformat.cz\/en\/product\/notebook-v1-different-types-of-stitching-17-05\/#webpage","url":"https:\/\/reformat.cz\/en\/product\/notebook-v1-different-types-of-stitching-17-05\/","name":"Notebook V1 \u2192 Different types of stitching 17\/05 - Reform\u00e1t","isPartOf":{"@id":"https:\/\/reformat.cz\/en\/#website"},"primaryImageOfPage":{"@id":"https:\/\/reformat.cz\/en\/product\/notebook-v1-different-types-of-stitching-17-05\/#primaryimage"},"datePublished":"2025-02-07T14:20:40+00:00","dateModified":"2025-03-22T12:28:50+00:00","breadcrumb":{"@id":"https:\/\/reformat.cz\/en\/product\/notebook-v1-different-types-of-stitching-17-05\/#breadcrumb"},"inLanguage":"en-US","potentialAction":[{"@type":"ReadAction","target":["https:\/\/reformat.cz\/en\/product\/notebook-v1-different-types-of-stitching-17-05\/"]}]},{"@type":"BreadcrumbList","@id":"https:\/\/reformat.cz\/en\/product\/notebook-v1-different-types-of-stitching-17-05\/#breadcrumb","itemListElement":[{"@type":"ListItem","position":1,"name":"Dom\u016f","item":"https:\/\/reformat.cz\/en\/"},{"@type":"ListItem","position":2,"name":"Shop","item":"https:\/\/reformat.cz\/en\/shop\/"},{"@type":"ListItem","position":3,"name":"Notebook V1 \u2192 Different types of stitching 17\/05"}]}]}},"jetpack_publicize_connections":[],"uagb_featured_image_src":{"full":["https:\/\/reformat.cz\/wp-content\/uploads\/2025\/02\/2025-01-30-16.11.43.jpg",2048,2048,false],"thumbnail":["https:\/\/reformat.cz\/wp-content\/uploads\/2025\/02\/2025-01-30-16.11.43-150x150.jpg",150,150,true],"medium":["https:\/\/reformat.cz\/wp-content\/uploads\/2025\/02\/2025-01-30-16.11.43-300x300.jpg",300,300,true],"medium_large":["https:\/\/reformat.cz\/wp-content\/uploads\/2025\/02\/2025-01-30-16.11.43-768x768.jpg",768,768,true],"large":["https:\/\/reformat.cz\/wp-content\/uploads\/2025\/02\/2025-01-30-16.11.43-1024x1024.jpg",980,980,true],"1536x1536":["https:\/\/reformat.cz\/wp-content\/uploads\/2025\/02\/2025-01-30-16.11.43-1536x1536.jpg",1536,1536,true],"2048x2048":["https:\/\/reformat.cz\/wp-content\/uploads\/2025\/02\/2025-01-30-16.11.43-2048x2048.jpg",2048,2048,true],"woocommerce_thumbnail":["https:\/\/reformat.cz\/wp-content\/uploads\/2025\/02\/2025-01-30-16.11.43-324x324.jpg",324,324,true],"woocommerce_single":["https:\/\/reformat.cz\/wp-content\/uploads\/2025\/02\/2025-01-30-16.11.43-416x416.jpg",416,416,true],"woocommerce_gallery_thumbnail":["https:\/\/reformat.cz\/wp-content\/uploads\/2025\/02\/2025-01-30-16.11.43-100x100.jpg",100,100,true],"shop_catalog":["https:\/\/reformat.cz\/wp-content\/uploads\/2025\/02\/2025-01-30-16.11.43-324x324.jpg",324,324,true],"shop_single":["https:\/\/reformat.cz\/wp-content\/uploads\/2025\/02\/2025-01-30-16.11.43-416x416.jpg",416,416,true],"shop_thumbnail":["https:\/\/reformat.cz\/wp-content\/uploads\/2025\/02\/2025-01-30-16.11.43-100x100.jpg",100,100,true]},"uagb_author_info":{"display_name":"admin","author_link":"https:\/\/reformat.cz\/en\/author\/"},"uagb_comment_info":0,"uagb_excerpt":"The course is in Czech language. \/\/\/ Would you like to create notebooks according to your own ideas? During the workshop, you will learn how to make 5 types of notebook bindings (V1), which are not only functional but also beautiful. We will introduce you to different binding techniques, from simple classic ones like binding&hellip;","jetpack_sharing_enabled":true,"_links":{"self":[{"href":"https:\/\/reformat.cz\/en\/wp-json\/wp\/v2\/product\/14077"}],"collection":[{"href":"https:\/\/reformat.cz\/en\/wp-json\/wp\/v2\/product"}],"about":[{"href":"https:\/\/reformat.cz\/en\/wp-json\/wp\/v2\/types\/product"}],"wp:featuredmedia":[{"embeddable":true,"href":"https:\/\/reformat.cz\/en\/wp-json\/wp\/v2\/media\/14085"}],"wp:attachment":[{"href":"https:\/\/reformat.cz\/en\/wp-json\/wp\/v2\/media?parent=14077"}],"wp:term":[{"taxonomy":"product_cat","embeddable":true,"href":"https:\/\/reformat.cz\/en\/wp-json\/wp\/v2\/product_cat?post=14077"},{"taxonomy":"product_tag","embeddable":true,"href":"https:\/\/reformat.cz\/en\/wp-json\/wp\/v2\/product_tag?post=14077"}],"curies":[{"name":"wp","href":"https:\/\/api.w.org\/{rel}","templated":true}]}}