{"id":14073,"date":"2022-03-07T17:29:27","date_gmt":"2022-03-07T16:29:27","guid":{"rendered":"https:\/\/reformat.cz\/produkt\/vyroba-skicaku-vazba-na-krouzek-12-04\/"},"modified":"2025-10-07T11:47:55","modified_gmt":"2025-10-07T09:47:55","slug":"making-a-sketchbook-ring-binding-06-12","status":"publish","type":"product","link":"https:\/\/reformat.cz\/en\/product\/making-a-sketchbook-ring-binding-06-12\/","title":{"rendered":"Making a Sketchbook \u2192 Ring Binding <br>06\/12<br>"},"content":{"rendered":"","protected":false},"excerpt":{"rendered":"<p>The course is in Czech language. \/\/\/ Whether you&#8217;ve been friends with a pencil or paints since childhood or are just getting to know each other, you definitely shouldn\u2019t miss having the right sketchbook. And what is the right one? The one you make yourself, tailored to your needs.<strong> During the workshop, we will introduce you to a simple binding technique using bookbinding rings.<\/strong> We\u2019ll guide you through the entire process of creating a sketchbook \u2013 from folding the sheets into a book block to binding the sketchbook itself. We will also use old posters and collected papers for the production. So, in addition to a new sketchbook, you will take home <strong>inspiration on how to creatively use waste materials.<\/strong><\/p>\n<p><strong>What to expect during the workshop?<\/strong><\/p>\n<ol>\n<li>Introduction to the Reform\u00e1t project<\/li>\n<li>Selection of papers and materials for covering the book covers<\/li>\n<li>Assembling the pages with the cover and trimming the book block<\/li>\n<li>Covering the book, drilling, and binding the book block onto the rings<\/li>\n<li>Finishing touches (adding an elastic band, decorating inner pages with stamps, adding a pocket, etc.)<\/li>\n<\/ol>\n<p><strong>Why take the workshop with us?<\/strong><\/p>\n<ul>\n<li><strong>We approach creation sustainably by upcycling unused materials.<\/strong> All the paper in our workshop comes from second-hand sources.<\/li>\n<li>In our bookbinding workshop, history meets new technology. <strong>During the workshop, you will have the opportunity to work with both modern and several decades-old bookbinding machines.<\/strong><\/li>\n<\/ul>\n<p><strong>Teacher Eli\u0161ka Pa\u010desov\u00e1<\/strong><\/p>\n<p>Eli\u0161ka is a trained restorer who is currently studying history with a focus on heritage conservation. She first became closely acquainted with bookbinding in high school while studying paper and book restoration \u2013 an area that captivated her so much she decided to pursue it further. She perceives the process of hand-binding a book as an almost magical experience, resulting in a unique, tangible outcome of creative work. This inspires her to share her knowledge and skills through bookbinding workshops, so that others can also discover the joy of this traditional craft.<\/p>\n<p><span data-contrast=\"none\">\/ workshop date: <b>sobota 06\/12\/2025<\/b><\/span><br \/>\n\/ time: <b>13.00\u201316.30<\/b><br \/>\n\/ course capacity<strong> max. 8 participants<\/strong><br \/>\n\/\u00a0 for <strong>beginners and the advanced<\/strong><br \/>\n\/ For <strong>beginners and advanced participants<\/strong><br \/>\n\/ the workshop is suitable<strong> for children aged 10+<\/strong> (with a guardian)<br \/>\n\/ the workshop price includes <strong>materials and components<\/strong><\/p>\n","protected":false},"featured_media":14056,"template":"","meta":{"inline_featured_image":false,"_uag_custom_page_level_css":"","spay_email":""},"product_cat":[125],"product_tag":[],"acf":[],"yoast_head":"<!-- This site is optimized with the Yoast SEO plugin v18.0 - https:\/\/yoast.com\/wordpress\/plugins\/seo\/ -->\n<title>Making a Sketchbook \u2192 Ring Binding 06\/12 - Reform\u00e1t<\/title>\n<meta name=\"robots\" content=\"index, follow, max-snippet:-1, max-image-preview:large, max-video-preview:-1\" \/>\n<link rel=\"canonical\" href=\"https:\/\/reformat.cz\/en\/product\/making-a-sketchbook-ring-binding-06-12\/\" \/>\n<meta property=\"og:locale\" content=\"en_US\" \/>\n<meta property=\"og:type\" content=\"article\" \/>\n<meta property=\"og:title\" content=\"Making a Sketchbook \u2192 Ring Binding 06\/12 - Reform\u00e1t\" \/>\n<meta property=\"og:description\" content=\"The course is in Czech language. \/\/\/ Whether you&#039;ve been friends with a pencil or paints since childhood or are just getting to know each other, you definitely shouldn\u2019t miss having the right sketchbook. And what is the right one? The one you make yourself, tailored to your needs. During the workshop, we will introduce you to a simple binding technique using bookbinding rings. We\u2019ll guide you through the entire process of creating a sketchbook \u2013 from folding the sheets into a book block to binding the sketchbook itself. We will also use old posters and collected papers for the production. So, in addition to a new sketchbook, you will take home inspiration on how to creatively use waste materials.  What to expect during the workshop?   Introduction to the Reform\u00e1t project  Selection of papers and materials for covering the book covers  Assembling the pages with the cover and trimming the book block  Covering the book, drilling, and binding the book block onto the rings  Finishing touches (adding an elastic band, decorating inner pages with stamps, adding a pocket, etc.)  Why take the workshop with us?   We approach creation sustainably by upcycling unused materials. All the paper in our workshop comes from second-hand sources.  In our bookbinding workshop, history meets new technology. During the workshop, you will have the opportunity to work with both modern and several decades-old bookbinding machines.  Teacher Eli\u0161ka Pa\u010desov\u00e1  Eli\u0161ka is a trained restorer who is currently studying history with a focus on heritage conservation. She first became closely acquainted with bookbinding in high school while studying paper and book restoration \u2013 an area that captivated her so much she decided to pursue it further. She perceives the process of hand-binding a book as an almost magical experience, resulting in a unique, tangible outcome of creative work. This inspires her to share her knowledge and skills through bookbinding workshops, so that others can also discover the joy of this traditional craft.  \/ workshop date: sobota 06\/12\/2025 \/ time: 13.00\u201316.30 \/ course capacity max. 8 participants \/\u00a0 for beginners and the advanced \/ For beginners and advanced participants \/ the workshop is suitable for children aged 10+ (with a guardian) \/ the workshop price includes materials and components\" \/>\n<meta property=\"og:url\" content=\"https:\/\/reformat.cz\/en\/product\/making-a-sketchbook-ring-binding-06-12\/\" \/>\n<meta property=\"og:site_name\" content=\"Reform\u00e1t\" \/>\n<meta property=\"article:publisher\" content=\"https:\/\/www.facebook.com\/reformatpapershop\" \/>\n<meta property=\"article:modified_time\" content=\"2025-10-07T09:47:55+00:00\" \/>\n<meta property=\"og:image\" content=\"https:\/\/reformat.cz\/wp-content\/uploads\/2022\/03\/2025-02-06-15.36.32-1-scaled.jpg\" \/>\n\t<meta property=\"og:image:width\" content=\"2048\" \/>\n\t<meta property=\"og:image:height\" content=\"2048\" \/>\n\t<meta property=\"og:image:type\" content=\"image\/jpeg\" \/>\n<meta name=\"twitter:card\" content=\"summary_large_image\" \/>\n<script type=\"application\/ld+json\" class=\"yoast-schema-graph\">{\"@context\":\"https:\/\/schema.org\",\"@graph\":[{\"@type\":\"WebSite\",\"@id\":\"https:\/\/reformat.cz\/en\/#website\",\"url\":\"https:\/\/reformat.cz\/en\/\",\"name\":\"Reform\u00e1t\",\"description\":\"A\u017e doslou\u017e\u00edm, chci do bloku!\",\"potentialAction\":[{\"@type\":\"SearchAction\",\"target\":{\"@type\":\"EntryPoint\",\"urlTemplate\":\"https:\/\/reformat.cz\/en\/?s={search_term_string}\"},\"query-input\":\"required name=search_term_string\"}],\"inLanguage\":\"en-US\"},{\"@type\":\"ImageObject\",\"@id\":\"https:\/\/reformat.cz\/en\/product\/making-a-sketchbook-ring-binding-06-12\/#primaryimage\",\"inLanguage\":\"en-US\",\"url\":\"https:\/\/reformat.cz\/wp-content\/uploads\/2022\/03\/2025-02-06-15.36.32-1-scaled.jpg\",\"contentUrl\":\"https:\/\/reformat.cz\/wp-content\/uploads\/2022\/03\/2025-02-06-15.36.32-1-scaled.jpg\",\"width\":2048,\"height\":2048},{\"@type\":\"WebPage\",\"@id\":\"https:\/\/reformat.cz\/en\/product\/making-a-sketchbook-ring-binding-06-12\/#webpage\",\"url\":\"https:\/\/reformat.cz\/en\/product\/making-a-sketchbook-ring-binding-06-12\/\",\"name\":\"Making a Sketchbook \u2192 Ring Binding 06\/12 - Reform\u00e1t\",\"isPartOf\":{\"@id\":\"https:\/\/reformat.cz\/en\/#website\"},\"primaryImageOfPage\":{\"@id\":\"https:\/\/reformat.cz\/en\/product\/making-a-sketchbook-ring-binding-06-12\/#primaryimage\"},\"datePublished\":\"2022-03-07T16:29:27+00:00\",\"dateModified\":\"2025-10-07T09:47:55+00:00\",\"breadcrumb\":{\"@id\":\"https:\/\/reformat.cz\/en\/product\/making-a-sketchbook-ring-binding-06-12\/#breadcrumb\"},\"inLanguage\":\"en-US\",\"potentialAction\":[{\"@type\":\"ReadAction\",\"target\":[\"https:\/\/reformat.cz\/en\/product\/making-a-sketchbook-ring-binding-06-12\/\"]}]},{\"@type\":\"BreadcrumbList\",\"@id\":\"https:\/\/reformat.cz\/en\/product\/making-a-sketchbook-ring-binding-06-12\/#breadcrumb\",\"itemListElement\":[{\"@type\":\"ListItem\",\"position\":1,\"name\":\"Dom\u016f\",\"item\":\"https:\/\/reformat.cz\/en\/\"},{\"@type\":\"ListItem\",\"position\":2,\"name\":\"Shop\",\"item\":\"https:\/\/reformat.cz\/en\/shop\/\"},{\"@type\":\"ListItem\",\"position\":3,\"name\":\"Making a Sketchbook \u2192 Ring Binding 06\/12\"}]}]}<\/script>\n<!-- \/ Yoast SEO plugin. -->","yoast_head_json":{"title":"Making a Sketchbook \u2192 Ring Binding 06\/12 - Reform\u00e1t","robots":{"index":"index","follow":"follow","max-snippet":"max-snippet:-1","max-image-preview":"max-image-preview:large","max-video-preview":"max-video-preview:-1"},"canonical":"https:\/\/reformat.cz\/en\/product\/making-a-sketchbook-ring-binding-06-12\/","og_locale":"en_US","og_type":"article","og_title":"Making a Sketchbook \u2192 Ring Binding 06\/12 - Reform\u00e1t","og_description":"The course is in Czech language. \/\/\/ Whether you've been friends with a pencil or paints since childhood or are just getting to know each other, you definitely shouldn\u2019t miss having the right sketchbook. And what is the right one? The one you make yourself, tailored to your needs. During the workshop, we will introduce you to a simple binding technique using bookbinding rings. We\u2019ll guide you through the entire process of creating a sketchbook \u2013 from folding the sheets into a book block to binding the sketchbook itself. We will also use old posters and collected papers for the production. So, in addition to a new sketchbook, you will take home inspiration on how to creatively use waste materials.  What to expect during the workshop?   Introduction to the Reform\u00e1t project  Selection of papers and materials for covering the book covers  Assembling the pages with the cover and trimming the book block  Covering the book, drilling, and binding the book block onto the rings  Finishing touches (adding an elastic band, decorating inner pages with stamps, adding a pocket, etc.)  Why take the workshop with us?   We approach creation sustainably by upcycling unused materials. All the paper in our workshop comes from second-hand sources.  In our bookbinding workshop, history meets new technology. During the workshop, you will have the opportunity to work with both modern and several decades-old bookbinding machines.  Teacher Eli\u0161ka Pa\u010desov\u00e1  Eli\u0161ka is a trained restorer who is currently studying history with a focus on heritage conservation. She first became closely acquainted with bookbinding in high school while studying paper and book restoration \u2013 an area that captivated her so much she decided to pursue it further. She perceives the process of hand-binding a book as an almost magical experience, resulting in a unique, tangible outcome of creative work. This inspires her to share her knowledge and skills through bookbinding workshops, so that others can also discover the joy of this traditional craft.  \/ workshop date: sobota 06\/12\/2025 \/ time: 13.00\u201316.30 \/ course capacity max. 8 participants \/\u00a0 for beginners and the advanced \/ For beginners and advanced participants \/ the workshop is suitable for children aged 10+ (with a guardian) \/ the workshop price includes materials and components","og_url":"https:\/\/reformat.cz\/en\/product\/making-a-sketchbook-ring-binding-06-12\/","og_site_name":"Reform\u00e1t","article_publisher":"https:\/\/www.facebook.com\/reformatpapershop","article_modified_time":"2025-10-07T09:47:55+00:00","og_image":[{"width":2048,"height":2048,"url":"https:\/\/reformat.cz\/wp-content\/uploads\/2022\/03\/2025-02-06-15.36.32-1-scaled.jpg","type":"image\/jpeg"}],"twitter_card":"summary_large_image","schema":{"@context":"https:\/\/schema.org","@graph":[{"@type":"WebSite","@id":"https:\/\/reformat.cz\/en\/#website","url":"https:\/\/reformat.cz\/en\/","name":"Reform\u00e1t","description":"A\u017e doslou\u017e\u00edm, chci do bloku!","potentialAction":[{"@type":"SearchAction","target":{"@type":"EntryPoint","urlTemplate":"https:\/\/reformat.cz\/en\/?s={search_term_string}"},"query-input":"required name=search_term_string"}],"inLanguage":"en-US"},{"@type":"ImageObject","@id":"https:\/\/reformat.cz\/en\/product\/making-a-sketchbook-ring-binding-06-12\/#primaryimage","inLanguage":"en-US","url":"https:\/\/reformat.cz\/wp-content\/uploads\/2022\/03\/2025-02-06-15.36.32-1-scaled.jpg","contentUrl":"https:\/\/reformat.cz\/wp-content\/uploads\/2022\/03\/2025-02-06-15.36.32-1-scaled.jpg","width":2048,"height":2048},{"@type":"WebPage","@id":"https:\/\/reformat.cz\/en\/product\/making-a-sketchbook-ring-binding-06-12\/#webpage","url":"https:\/\/reformat.cz\/en\/product\/making-a-sketchbook-ring-binding-06-12\/","name":"Making a Sketchbook \u2192 Ring Binding 06\/12 - Reform\u00e1t","isPartOf":{"@id":"https:\/\/reformat.cz\/en\/#website"},"primaryImageOfPage":{"@id":"https:\/\/reformat.cz\/en\/product\/making-a-sketchbook-ring-binding-06-12\/#primaryimage"},"datePublished":"2022-03-07T16:29:27+00:00","dateModified":"2025-10-07T09:47:55+00:00","breadcrumb":{"@id":"https:\/\/reformat.cz\/en\/product\/making-a-sketchbook-ring-binding-06-12\/#breadcrumb"},"inLanguage":"en-US","potentialAction":[{"@type":"ReadAction","target":["https:\/\/reformat.cz\/en\/product\/making-a-sketchbook-ring-binding-06-12\/"]}]},{"@type":"BreadcrumbList","@id":"https:\/\/reformat.cz\/en\/product\/making-a-sketchbook-ring-binding-06-12\/#breadcrumb","itemListElement":[{"@type":"ListItem","position":1,"name":"Dom\u016f","item":"https:\/\/reformat.cz\/en\/"},{"@type":"ListItem","position":2,"name":"Shop","item":"https:\/\/reformat.cz\/en\/shop\/"},{"@type":"ListItem","position":3,"name":"Making a Sketchbook \u2192 Ring Binding 06\/12"}]}]}},"jetpack_publicize_connections":[],"uagb_featured_image_src":{"full":["https:\/\/reformat.cz\/wp-content\/uploads\/2022\/03\/2025-02-06-15.36.32-1-scaled.jpg",2048,2048,false],"thumbnail":["https:\/\/reformat.cz\/wp-content\/uploads\/2022\/03\/2025-02-06-15.36.32-1-150x150.jpg",150,150,true],"medium":["https:\/\/reformat.cz\/wp-content\/uploads\/2022\/03\/2025-02-06-15.36.32-1-300x300.jpg",300,300,true],"medium_large":["https:\/\/reformat.cz\/wp-content\/uploads\/2022\/03\/2025-02-06-15.36.32-1-768x768.jpg",768,768,true],"large":["https:\/\/reformat.cz\/wp-content\/uploads\/2022\/03\/2025-02-06-15.36.32-1-1024x1024.jpg",980,980,true],"1536x1536":["https:\/\/reformat.cz\/wp-content\/uploads\/2022\/03\/2025-02-06-15.36.32-1-1536x1536.jpg",1536,1536,true],"2048x2048":["https:\/\/reformat.cz\/wp-content\/uploads\/2022\/03\/2025-02-06-15.36.32-1-2048x2048.jpg",2048,2048,true],"woocommerce_thumbnail":["https:\/\/reformat.cz\/wp-content\/uploads\/2022\/03\/2025-02-06-15.36.32-1-324x324.jpg",324,324,true],"woocommerce_single":["https:\/\/reformat.cz\/wp-content\/uploads\/2022\/03\/2025-02-06-15.36.32-1-416x416.jpg",416,416,true],"woocommerce_gallery_thumbnail":["https:\/\/reformat.cz\/wp-content\/uploads\/2022\/03\/2025-02-06-15.36.32-1-100x100.jpg",100,100,true],"shop_catalog":["https:\/\/reformat.cz\/wp-content\/uploads\/2022\/03\/2025-02-06-15.36.32-1-324x324.jpg",324,324,true],"shop_single":["https:\/\/reformat.cz\/wp-content\/uploads\/2022\/03\/2025-02-06-15.36.32-1-416x416.jpg",416,416,true],"shop_thumbnail":["https:\/\/reformat.cz\/wp-content\/uploads\/2022\/03\/2025-02-06-15.36.32-1-100x100.jpg",100,100,true]},"uagb_author_info":{"display_name":"Produkce","author_link":"https:\/\/reformat.cz\/en\/author\/"},"uagb_comment_info":0,"uagb_excerpt":"The course is in Czech language. \/\/\/ Whether you've been friends with a pencil or paints since childhood or are just getting to know each other, you definitely shouldn\u2019t miss having the right sketchbook. And what is the right one? The one you make yourself, tailored to your needs. During the workshop, we will introduce&hellip;","jetpack_sharing_enabled":true,"_links":{"self":[{"href":"https:\/\/reformat.cz\/en\/wp-json\/wp\/v2\/product\/14073"}],"collection":[{"href":"https:\/\/reformat.cz\/en\/wp-json\/wp\/v2\/product"}],"about":[{"href":"https:\/\/reformat.cz\/en\/wp-json\/wp\/v2\/types\/product"}],"wp:featuredmedia":[{"embeddable":true,"href":"https:\/\/reformat.cz\/en\/wp-json\/wp\/v2\/media\/14056"}],"wp:attachment":[{"href":"https:\/\/reformat.cz\/en\/wp-json\/wp\/v2\/media?parent=14073"}],"wp:term":[{"taxonomy":"product_cat","embeddable":true,"href":"https:\/\/reformat.cz\/en\/wp-json\/wp\/v2\/product_cat?post=14073"},{"taxonomy":"product_tag","embeddable":true,"href":"https:\/\/reformat.cz\/en\/wp-json\/wp\/v2\/product_tag?post=14073"}],"curies":[{"name":"wp","href":"https:\/\/api.w.org\/{rel}","templated":true}]}}