{"id":13860,"date":"2025-01-07T16:46:00","date_gmt":"2025-01-07T15:46:00","guid":{"rendered":"https:\/\/reformat.cz\/?post_type=product&#038;p=13860"},"modified":"2025-01-30T19:01:57","modified_gmt":"2025-01-30T18:01:57","slug":"c4-envelope-orange","status":"publish","type":"product","link":"https:\/\/reformat.cz\/en\/product\/c4-envelope-orange\/","title":{"rendered":"C4 envelope (orange)"},"content":{"rendered":"<p><br data-mce-bogus=\"1\"><\/p>\n","protected":false},"excerpt":{"rendered":"<p><strong>specifications:<\/strong><\/p>\n<p><u>dimensions:<br \/>\n<\/u>C4 \/ 229 \u00d7 324 mm (w \u00d7 h)<br \/>\n<u><\/u><\/p>\n<p><u>envelope color:<br \/>\n<\/u>orange<\/p>\n<p><u>paper type:<br \/>\n<\/u>uncoated paper weighing around 100\u2013150 g\/m\u00b2<br \/>\n<u><\/u><u><\/u><\/p>\n<p><u>waste material:<br \/>\n<\/u>the envelopes are cut from upcycled paper from collection yards, leftover materials from printers, etc. with the Reform\u00e1t logo embossed<\/p>\n<div style=\"display: flex; align-items: center;\"><strong><img class=\"alignnone wp-image-11174\" src=\"https:\/\/reformat.cz\/wp-content\/uploads\/2021\/10\/vahainfografika-k-produktu_100x100px-1.png\" alt=\"\" width=\"50\" height=\"50\" \/><br \/>\n<\/strong><strong>\u00a0 5 min<\/strong>\u00a0handwork<\/div>\n<div style=\"display: flex; align-items: center;\"><strong><img class=\"alignnone wp-image-11178\" src=\"https:\/\/reformat.cz\/wp-content\/uploads\/2021\/10\/vahainfografika-k-produktu_100x100px-3.png\" alt=\"\" width=\"50\" height=\"50\" \/><\/strong>\u00a0 created from<strong>\u00a011g of waste<\/strong><\/div>\n<p><strong><br \/>\ndescriptions:<br \/>\n<\/strong><\/p>\n<p>Each envelope is hand-folded and glued from waste colour sheets of the highest quality (100-150 g\/m\u00b2 depending on the type of material). This unique envelope not only saves the planet, but also adds a touch of originality to your messages! Thanks to the handy self-adhesive strip on the flap, using it is a breeze \u2013 just insert what you have to say, seal it and send it to whoever deserves your attention. \ud83d\udc8c<\/p>\n<p>Best suited to A4 (210 \u00d7 297 mm) or folded A3 \u2013 perfect for documents, contracts, diplomas etc. that you want to wrap in unique style.<\/p>\n","protected":false},"featured_media":13862,"template":"","meta":{"inline_featured_image":false,"_uag_custom_page_level_css":"","spay_email":""},"product_cat":[133,207,204],"product_tag":[],"acf":[],"yoast_head":"<!-- This site is optimized with the Yoast SEO plugin v18.0 - https:\/\/yoast.com\/wordpress\/plugins\/seo\/ -->\n<title>C4 envelope (orange) - Reform\u00e1t<\/title>\n<meta name=\"robots\" content=\"index, follow, max-snippet:-1, max-image-preview:large, max-video-preview:-1\" \/>\n<link rel=\"canonical\" href=\"https:\/\/reformat.cz\/en\/product\/c4-envelope-orange\/\" \/>\n<meta property=\"og:locale\" content=\"en_US\" \/>\n<meta property=\"og:type\" content=\"article\" \/>\n<meta property=\"og:title\" content=\"C4 envelope (orange) - Reform\u00e1t\" \/>\n<meta property=\"og:description\" content=\"specifications:  dimensions: C4 \/ 229 \u00d7 324 mm (w \u00d7 h)   envelope color: orange  paper type: uncoated paper weighing around 100\u2013150 g\/m\u00b2   waste material: the envelopes are cut from upcycled paper from collection yards, leftover materials from printers, etc. with the Reform\u00e1t logo embossed  \u00a0 5 min\u00a0handwork \u00a0 created from\u00a011g of waste  descriptions:   Each envelope is hand-folded and glued from waste colour sheets of the highest quality (100-150 g\/m\u00b2 depending on the type of material). This unique envelope not only saves the planet, but also adds a touch of originality to your messages! Thanks to the handy self-adhesive strip on the flap, using it is a breeze \u2013 just insert what you have to say, seal it and send it to whoever deserves your attention. \ud83d\udc8c  Best suited to A4 (210 \u00d7 297 mm) or folded A3 \u2013 perfect for documents, contracts, diplomas etc. that you want to wrap in unique style.\" \/>\n<meta property=\"og:url\" content=\"https:\/\/reformat.cz\/en\/product\/c4-envelope-orange\/\" \/>\n<meta property=\"og:site_name\" content=\"Reform\u00e1t\" \/>\n<meta property=\"article:publisher\" content=\"https:\/\/www.facebook.com\/reformatpapershop\" \/>\n<meta property=\"article:modified_time\" content=\"2025-01-30T18:01:57+00:00\" \/>\n<meta property=\"og:image\" content=\"https:\/\/reformat.cz\/wp-content\/uploads\/2025\/01\/c4-obalka_oranzova1-scaled.jpg\" \/>\n\t<meta property=\"og:image:width\" content=\"2048\" \/>\n\t<meta property=\"og:image:height\" content=\"1365\" \/>\n\t<meta property=\"og:image:type\" content=\"image\/jpeg\" \/>\n<meta name=\"twitter:card\" content=\"summary_large_image\" \/>\n<script type=\"application\/ld+json\" class=\"yoast-schema-graph\">{\"@context\":\"https:\/\/schema.org\",\"@graph\":[{\"@type\":\"WebSite\",\"@id\":\"https:\/\/reformat.cz\/en\/#website\",\"url\":\"https:\/\/reformat.cz\/en\/\",\"name\":\"Reform\u00e1t\",\"description\":\"A\u017e doslou\u017e\u00edm, chci do bloku!\",\"potentialAction\":[{\"@type\":\"SearchAction\",\"target\":{\"@type\":\"EntryPoint\",\"urlTemplate\":\"https:\/\/reformat.cz\/en\/?s={search_term_string}\"},\"query-input\":\"required name=search_term_string\"}],\"inLanguage\":\"en-US\"},{\"@type\":\"ImageObject\",\"@id\":\"https:\/\/reformat.cz\/en\/product\/c4-envelope-orange\/#primaryimage\",\"inLanguage\":\"en-US\",\"url\":\"https:\/\/reformat.cz\/wp-content\/uploads\/2025\/01\/c4-obalka_oranzova1-scaled.jpg\",\"contentUrl\":\"https:\/\/reformat.cz\/wp-content\/uploads\/2025\/01\/c4-obalka_oranzova1-scaled.jpg\",\"width\":2048,\"height\":1365},{\"@type\":\"WebPage\",\"@id\":\"https:\/\/reformat.cz\/en\/product\/c4-envelope-orange\/#webpage\",\"url\":\"https:\/\/reformat.cz\/en\/product\/c4-envelope-orange\/\",\"name\":\"C4 envelope (orange) - Reform\u00e1t\",\"isPartOf\":{\"@id\":\"https:\/\/reformat.cz\/en\/#website\"},\"primaryImageOfPage\":{\"@id\":\"https:\/\/reformat.cz\/en\/product\/c4-envelope-orange\/#primaryimage\"},\"datePublished\":\"2025-01-07T15:46:00+00:00\",\"dateModified\":\"2025-01-30T18:01:57+00:00\",\"breadcrumb\":{\"@id\":\"https:\/\/reformat.cz\/en\/product\/c4-envelope-orange\/#breadcrumb\"},\"inLanguage\":\"en-US\",\"potentialAction\":[{\"@type\":\"ReadAction\",\"target\":[\"https:\/\/reformat.cz\/en\/product\/c4-envelope-orange\/\"]}]},{\"@type\":\"BreadcrumbList\",\"@id\":\"https:\/\/reformat.cz\/en\/product\/c4-envelope-orange\/#breadcrumb\",\"itemListElement\":[{\"@type\":\"ListItem\",\"position\":1,\"name\":\"Dom\u016f\",\"item\":\"https:\/\/reformat.cz\/en\/\"},{\"@type\":\"ListItem\",\"position\":2,\"name\":\"Shop\",\"item\":\"https:\/\/reformat.cz\/en\/shop\/\"},{\"@type\":\"ListItem\",\"position\":3,\"name\":\"C4 envelope (orange)\"}]}]}<\/script>\n<!-- \/ Yoast SEO plugin. -->","yoast_head_json":{"title":"C4 envelope (orange) - Reform\u00e1t","robots":{"index":"index","follow":"follow","max-snippet":"max-snippet:-1","max-image-preview":"max-image-preview:large","max-video-preview":"max-video-preview:-1"},"canonical":"https:\/\/reformat.cz\/en\/product\/c4-envelope-orange\/","og_locale":"en_US","og_type":"article","og_title":"C4 envelope (orange) - Reform\u00e1t","og_description":"specifications:  dimensions: C4 \/ 229 \u00d7 324 mm (w \u00d7 h)   envelope color: orange  paper type: uncoated paper weighing around 100\u2013150 g\/m\u00b2   waste material: the envelopes are cut from upcycled paper from collection yards, leftover materials from printers, etc. with the Reform\u00e1t logo embossed  \u00a0 5 min\u00a0handwork \u00a0 created from\u00a011g of waste  descriptions:   Each envelope is hand-folded and glued from waste colour sheets of the highest quality (100-150 g\/m\u00b2 depending on the type of material). This unique envelope not only saves the planet, but also adds a touch of originality to your messages! Thanks to the handy self-adhesive strip on the flap, using it is a breeze \u2013 just insert what you have to say, seal it and send it to whoever deserves your attention. \ud83d\udc8c  Best suited to A4 (210 \u00d7 297 mm) or folded A3 \u2013 perfect for documents, contracts, diplomas etc. that you want to wrap in unique style.","og_url":"https:\/\/reformat.cz\/en\/product\/c4-envelope-orange\/","og_site_name":"Reform\u00e1t","article_publisher":"https:\/\/www.facebook.com\/reformatpapershop","article_modified_time":"2025-01-30T18:01:57+00:00","og_image":[{"width":2048,"height":1365,"url":"https:\/\/reformat.cz\/wp-content\/uploads\/2025\/01\/c4-obalka_oranzova1-scaled.jpg","type":"image\/jpeg"}],"twitter_card":"summary_large_image","schema":{"@context":"https:\/\/schema.org","@graph":[{"@type":"WebSite","@id":"https:\/\/reformat.cz\/en\/#website","url":"https:\/\/reformat.cz\/en\/","name":"Reform\u00e1t","description":"A\u017e doslou\u017e\u00edm, chci do bloku!","potentialAction":[{"@type":"SearchAction","target":{"@type":"EntryPoint","urlTemplate":"https:\/\/reformat.cz\/en\/?s={search_term_string}"},"query-input":"required name=search_term_string"}],"inLanguage":"en-US"},{"@type":"ImageObject","@id":"https:\/\/reformat.cz\/en\/product\/c4-envelope-orange\/#primaryimage","inLanguage":"en-US","url":"https:\/\/reformat.cz\/wp-content\/uploads\/2025\/01\/c4-obalka_oranzova1-scaled.jpg","contentUrl":"https:\/\/reformat.cz\/wp-content\/uploads\/2025\/01\/c4-obalka_oranzova1-scaled.jpg","width":2048,"height":1365},{"@type":"WebPage","@id":"https:\/\/reformat.cz\/en\/product\/c4-envelope-orange\/#webpage","url":"https:\/\/reformat.cz\/en\/product\/c4-envelope-orange\/","name":"C4 envelope (orange) - Reform\u00e1t","isPartOf":{"@id":"https:\/\/reformat.cz\/en\/#website"},"primaryImageOfPage":{"@id":"https:\/\/reformat.cz\/en\/product\/c4-envelope-orange\/#primaryimage"},"datePublished":"2025-01-07T15:46:00+00:00","dateModified":"2025-01-30T18:01:57+00:00","breadcrumb":{"@id":"https:\/\/reformat.cz\/en\/product\/c4-envelope-orange\/#breadcrumb"},"inLanguage":"en-US","potentialAction":[{"@type":"ReadAction","target":["https:\/\/reformat.cz\/en\/product\/c4-envelope-orange\/"]}]},{"@type":"BreadcrumbList","@id":"https:\/\/reformat.cz\/en\/product\/c4-envelope-orange\/#breadcrumb","itemListElement":[{"@type":"ListItem","position":1,"name":"Dom\u016f","item":"https:\/\/reformat.cz\/en\/"},{"@type":"ListItem","position":2,"name":"Shop","item":"https:\/\/reformat.cz\/en\/shop\/"},{"@type":"ListItem","position":3,"name":"C4 envelope (orange)"}]}]}},"jetpack_publicize_connections":[],"uagb_featured_image_src":{"full":["https:\/\/reformat.cz\/wp-content\/uploads\/2025\/01\/c4-obalka_oranzova1-scaled.jpg",2048,1365,false],"thumbnail":["https:\/\/reformat.cz\/wp-content\/uploads\/2025\/01\/c4-obalka_oranzova1-150x150.jpg",150,150,true],"medium":["https:\/\/reformat.cz\/wp-content\/uploads\/2025\/01\/c4-obalka_oranzova1-300x200.jpg",300,200,true],"medium_large":["https:\/\/reformat.cz\/wp-content\/uploads\/2025\/01\/c4-obalka_oranzova1-768x512.jpg",768,512,true],"large":["https:\/\/reformat.cz\/wp-content\/uploads\/2025\/01\/c4-obalka_oranzova1-1024x683.jpg",980,654,true],"1536x1536":["https:\/\/reformat.cz\/wp-content\/uploads\/2025\/01\/c4-obalka_oranzova1-1536x1024.jpg",1536,1024,true],"2048x2048":["https:\/\/reformat.cz\/wp-content\/uploads\/2025\/01\/c4-obalka_oranzova1-2048x1365.jpg",2048,1365,true],"woocommerce_thumbnail":["https:\/\/reformat.cz\/wp-content\/uploads\/2025\/01\/c4-obalka_oranzova1-324x324.jpg",324,324,true],"woocommerce_single":["https:\/\/reformat.cz\/wp-content\/uploads\/2025\/01\/c4-obalka_oranzova1-416x277.jpg",416,277,true],"woocommerce_gallery_thumbnail":["https:\/\/reformat.cz\/wp-content\/uploads\/2025\/01\/c4-obalka_oranzova1-100x100.jpg",100,100,true],"shop_catalog":["https:\/\/reformat.cz\/wp-content\/uploads\/2025\/01\/c4-obalka_oranzova1-324x324.jpg",324,324,true],"shop_single":["https:\/\/reformat.cz\/wp-content\/uploads\/2025\/01\/c4-obalka_oranzova1-416x277.jpg",416,277,true],"shop_thumbnail":["https:\/\/reformat.cz\/wp-content\/uploads\/2025\/01\/c4-obalka_oranzova1-100x100.jpg",100,100,true]},"uagb_author_info":{"display_name":"admin","author_link":"https:\/\/reformat.cz\/en\/author\/"},"uagb_comment_info":0,"uagb_excerpt":"specifications: dimensions: C4 \/ 229 \u00d7 324 mm (w \u00d7 h) envelope color: orange paper type: uncoated paper weighing around 100\u2013150 g\/m\u00b2 waste material: the envelopes are cut from upcycled paper from collection yards, leftover materials from printers, etc. with the Reform\u00e1t logo embossed \u00a0 5 min\u00a0handwork \u00a0 created from\u00a011g of waste descriptions: Each envelope&hellip;","jetpack_sharing_enabled":true,"_links":{"self":[{"href":"https:\/\/reformat.cz\/en\/wp-json\/wp\/v2\/product\/13860"}],"collection":[{"href":"https:\/\/reformat.cz\/en\/wp-json\/wp\/v2\/product"}],"about":[{"href":"https:\/\/reformat.cz\/en\/wp-json\/wp\/v2\/types\/product"}],"wp:featuredmedia":[{"embeddable":true,"href":"https:\/\/reformat.cz\/en\/wp-json\/wp\/v2\/media\/13862"}],"wp:attachment":[{"href":"https:\/\/reformat.cz\/en\/wp-json\/wp\/v2\/media?parent=13860"}],"wp:term":[{"taxonomy":"product_cat","embeddable":true,"href":"https:\/\/reformat.cz\/en\/wp-json\/wp\/v2\/product_cat?post=13860"},{"taxonomy":"product_tag","embeddable":true,"href":"https:\/\/reformat.cz\/en\/wp-json\/wp\/v2\/product_tag?post=13860"}],"curies":[{"name":"wp","href":"https:\/\/api.w.org\/{rel}","templated":true}]}}