{"id":13700,"date":"2024-11-01T12:10:36","date_gmt":"2024-11-01T11:10:36","guid":{"rendered":"https:\/\/reformat.cz\/?post_type=product&#038;p=13700"},"modified":"2025-04-11T14:31:42","modified_gmt":"2025-04-11T12:31:42","slug":"paper-bin-stand","status":"publish","type":"product","link":"https:\/\/reformat.cz\/en\/product\/paper-bin-stand\/","title":{"rendered":"Paper bin stand"},"content":{"rendered":"","protected":false},"excerpt":{"rendered":"<p><strong>specification:<\/strong><\/p>\n<p><u>price information:<\/u><\/p>\n<p>Listed price includes the stand only. Paper bin bag is not included.<\/p>\n<p><u>dimensions:<\/u><\/p>\n<p>27 \u00d7 36 cm, height 57 cm<\/p>\n<p><u>material:<\/u><\/p>\n<p>powder-coated metal string \u00f8 8 mm<\/p>\n<p><strong>description<\/strong>:<\/p>\n<p>An elegant and practical stand for grabage bags with capacity of 55\/30 l \u2013 a perfect fit for our size L paper bags. You can also use it for standard paper bags from store \u2013 they will always stay in shape and firmly in place. This stand offers reliable hold for your bag, whether your bag is empty or filled with heavy items. Made in Germany with focus on quality.<\/p>\n","protected":false},"featured_media":13710,"template":"","meta":{"inline_featured_image":false,"_uag_custom_page_level_css":"","spay_email":""},"product_cat":[133,162,161,160,151],"product_tag":[],"acf":[],"yoast_head":"<!-- This site is optimized with the Yoast SEO plugin v18.0 - https:\/\/yoast.com\/wordpress\/plugins\/seo\/ -->\n<title>Paper bin stand - Reform\u00e1t<\/title>\n<meta name=\"robots\" content=\"index, follow, max-snippet:-1, max-image-preview:large, max-video-preview:-1\" \/>\n<link rel=\"canonical\" href=\"https:\/\/reformat.cz\/en\/product\/paper-bin-stand\/\" \/>\n<meta property=\"og:locale\" content=\"en_US\" \/>\n<meta property=\"og:type\" content=\"article\" \/>\n<meta property=\"og:title\" content=\"Paper bin stand - Reform\u00e1t\" \/>\n<meta property=\"og:description\" content=\"specification:  price information:  Listed price includes the stand only. Paper bin bag is not included.  dimensions:  27 \u00d7 36 cm, height 57 cm  material:  powder-coated metal string \u00f8 8 mm  description:  An elegant and practical stand for grabage bags with capacity of 55\/30 l \u2013 a perfect fit for our size L paper bags. You can also use it for standard paper bags from store \u2013 they will always stay in shape and firmly in place. This stand offers reliable hold for your bag, whether your bag is empty or filled with heavy items. Made in Germany with focus on quality.\" \/>\n<meta property=\"og:url\" content=\"https:\/\/reformat.cz\/en\/product\/paper-bin-stand\/\" \/>\n<meta property=\"og:site_name\" content=\"Reform\u00e1t\" \/>\n<meta property=\"article:publisher\" content=\"https:\/\/www.facebook.com\/reformatpapershop\" \/>\n<meta property=\"article:modified_time\" content=\"2025-04-11T12:31:42+00:00\" \/>\n<meta property=\"og:image\" content=\"https:\/\/reformat.cz\/wp-content\/uploads\/2024\/11\/stojna-na-kos2-scaled.jpg\" \/>\n\t<meta property=\"og:image:width\" content=\"2048\" \/>\n\t<meta property=\"og:image:height\" content=\"1365\" \/>\n\t<meta property=\"og:image:type\" content=\"image\/jpeg\" \/>\n<meta name=\"twitter:card\" content=\"summary_large_image\" \/>\n<script type=\"application\/ld+json\" class=\"yoast-schema-graph\">{\"@context\":\"https:\/\/schema.org\",\"@graph\":[{\"@type\":\"WebSite\",\"@id\":\"https:\/\/reformat.cz\/en\/#website\",\"url\":\"https:\/\/reformat.cz\/en\/\",\"name\":\"Reform\u00e1t\",\"description\":\"A\u017e doslou\u017e\u00edm, chci do bloku!\",\"potentialAction\":[{\"@type\":\"SearchAction\",\"target\":{\"@type\":\"EntryPoint\",\"urlTemplate\":\"https:\/\/reformat.cz\/en\/?s={search_term_string}\"},\"query-input\":\"required name=search_term_string\"}],\"inLanguage\":\"en-US\"},{\"@type\":\"ImageObject\",\"@id\":\"https:\/\/reformat.cz\/en\/product\/paper-bin-stand\/#primaryimage\",\"inLanguage\":\"en-US\",\"url\":\"https:\/\/reformat.cz\/wp-content\/uploads\/2024\/11\/stojna-na-kos2-scaled.jpg\",\"contentUrl\":\"https:\/\/reformat.cz\/wp-content\/uploads\/2024\/11\/stojna-na-kos2-scaled.jpg\",\"width\":2048,\"height\":1365},{\"@type\":\"WebPage\",\"@id\":\"https:\/\/reformat.cz\/en\/product\/paper-bin-stand\/#webpage\",\"url\":\"https:\/\/reformat.cz\/en\/product\/paper-bin-stand\/\",\"name\":\"Paper bin stand - Reform\u00e1t\",\"isPartOf\":{\"@id\":\"https:\/\/reformat.cz\/en\/#website\"},\"primaryImageOfPage\":{\"@id\":\"https:\/\/reformat.cz\/en\/product\/paper-bin-stand\/#primaryimage\"},\"datePublished\":\"2024-11-01T11:10:36+00:00\",\"dateModified\":\"2025-04-11T12:31:42+00:00\",\"breadcrumb\":{\"@id\":\"https:\/\/reformat.cz\/en\/product\/paper-bin-stand\/#breadcrumb\"},\"inLanguage\":\"en-US\",\"potentialAction\":[{\"@type\":\"ReadAction\",\"target\":[\"https:\/\/reformat.cz\/en\/product\/paper-bin-stand\/\"]}]},{\"@type\":\"BreadcrumbList\",\"@id\":\"https:\/\/reformat.cz\/en\/product\/paper-bin-stand\/#breadcrumb\",\"itemListElement\":[{\"@type\":\"ListItem\",\"position\":1,\"name\":\"Dom\u016f\",\"item\":\"https:\/\/reformat.cz\/en\/\"},{\"@type\":\"ListItem\",\"position\":2,\"name\":\"Shop\",\"item\":\"https:\/\/reformat.cz\/en\/shop\/\"},{\"@type\":\"ListItem\",\"position\":3,\"name\":\"Paper bin stand\"}]}]}<\/script>\n<!-- \/ Yoast SEO plugin. -->","yoast_head_json":{"title":"Paper bin stand - Reform\u00e1t","robots":{"index":"index","follow":"follow","max-snippet":"max-snippet:-1","max-image-preview":"max-image-preview:large","max-video-preview":"max-video-preview:-1"},"canonical":"https:\/\/reformat.cz\/en\/product\/paper-bin-stand\/","og_locale":"en_US","og_type":"article","og_title":"Paper bin stand - Reform\u00e1t","og_description":"specification:  price information:  Listed price includes the stand only. Paper bin bag is not included.  dimensions:  27 \u00d7 36 cm, height 57 cm  material:  powder-coated metal string \u00f8 8 mm  description:  An elegant and practical stand for grabage bags with capacity of 55\/30 l \u2013 a perfect fit for our size L paper bags. You can also use it for standard paper bags from store \u2013 they will always stay in shape and firmly in place. This stand offers reliable hold for your bag, whether your bag is empty or filled with heavy items. Made in Germany with focus on quality.","og_url":"https:\/\/reformat.cz\/en\/product\/paper-bin-stand\/","og_site_name":"Reform\u00e1t","article_publisher":"https:\/\/www.facebook.com\/reformatpapershop","article_modified_time":"2025-04-11T12:31:42+00:00","og_image":[{"width":2048,"height":1365,"url":"https:\/\/reformat.cz\/wp-content\/uploads\/2024\/11\/stojna-na-kos2-scaled.jpg","type":"image\/jpeg"}],"twitter_card":"summary_large_image","schema":{"@context":"https:\/\/schema.org","@graph":[{"@type":"WebSite","@id":"https:\/\/reformat.cz\/en\/#website","url":"https:\/\/reformat.cz\/en\/","name":"Reform\u00e1t","description":"A\u017e doslou\u017e\u00edm, chci do bloku!","potentialAction":[{"@type":"SearchAction","target":{"@type":"EntryPoint","urlTemplate":"https:\/\/reformat.cz\/en\/?s={search_term_string}"},"query-input":"required name=search_term_string"}],"inLanguage":"en-US"},{"@type":"ImageObject","@id":"https:\/\/reformat.cz\/en\/product\/paper-bin-stand\/#primaryimage","inLanguage":"en-US","url":"https:\/\/reformat.cz\/wp-content\/uploads\/2024\/11\/stojna-na-kos2-scaled.jpg","contentUrl":"https:\/\/reformat.cz\/wp-content\/uploads\/2024\/11\/stojna-na-kos2-scaled.jpg","width":2048,"height":1365},{"@type":"WebPage","@id":"https:\/\/reformat.cz\/en\/product\/paper-bin-stand\/#webpage","url":"https:\/\/reformat.cz\/en\/product\/paper-bin-stand\/","name":"Paper bin stand - Reform\u00e1t","isPartOf":{"@id":"https:\/\/reformat.cz\/en\/#website"},"primaryImageOfPage":{"@id":"https:\/\/reformat.cz\/en\/product\/paper-bin-stand\/#primaryimage"},"datePublished":"2024-11-01T11:10:36+00:00","dateModified":"2025-04-11T12:31:42+00:00","breadcrumb":{"@id":"https:\/\/reformat.cz\/en\/product\/paper-bin-stand\/#breadcrumb"},"inLanguage":"en-US","potentialAction":[{"@type":"ReadAction","target":["https:\/\/reformat.cz\/en\/product\/paper-bin-stand\/"]}]},{"@type":"BreadcrumbList","@id":"https:\/\/reformat.cz\/en\/product\/paper-bin-stand\/#breadcrumb","itemListElement":[{"@type":"ListItem","position":1,"name":"Dom\u016f","item":"https:\/\/reformat.cz\/en\/"},{"@type":"ListItem","position":2,"name":"Shop","item":"https:\/\/reformat.cz\/en\/shop\/"},{"@type":"ListItem","position":3,"name":"Paper bin stand"}]}]}},"jetpack_publicize_connections":[],"uagb_featured_image_src":{"full":["https:\/\/reformat.cz\/wp-content\/uploads\/2024\/11\/stojna-na-kos2-scaled.jpg",2048,1365,false],"thumbnail":["https:\/\/reformat.cz\/wp-content\/uploads\/2024\/11\/stojna-na-kos2-150x150.jpg",150,150,true],"medium":["https:\/\/reformat.cz\/wp-content\/uploads\/2024\/11\/stojna-na-kos2-300x200.jpg",300,200,true],"medium_large":["https:\/\/reformat.cz\/wp-content\/uploads\/2024\/11\/stojna-na-kos2-768x512.jpg",768,512,true],"large":["https:\/\/reformat.cz\/wp-content\/uploads\/2024\/11\/stojna-na-kos2-1024x683.jpg",980,654,true],"1536x1536":["https:\/\/reformat.cz\/wp-content\/uploads\/2024\/11\/stojna-na-kos2-1536x1024.jpg",1536,1024,true],"2048x2048":["https:\/\/reformat.cz\/wp-content\/uploads\/2024\/11\/stojna-na-kos2-2048x1365.jpg",2048,1365,true],"woocommerce_thumbnail":["https:\/\/reformat.cz\/wp-content\/uploads\/2024\/11\/stojna-na-kos2-324x324.jpg",324,324,true],"woocommerce_single":["https:\/\/reformat.cz\/wp-content\/uploads\/2024\/11\/stojna-na-kos2-416x277.jpg",416,277,true],"woocommerce_gallery_thumbnail":["https:\/\/reformat.cz\/wp-content\/uploads\/2024\/11\/stojna-na-kos2-100x100.jpg",100,100,true],"shop_catalog":["https:\/\/reformat.cz\/wp-content\/uploads\/2024\/11\/stojna-na-kos2-324x324.jpg",324,324,true],"shop_single":["https:\/\/reformat.cz\/wp-content\/uploads\/2024\/11\/stojna-na-kos2-416x277.jpg",416,277,true],"shop_thumbnail":["https:\/\/reformat.cz\/wp-content\/uploads\/2024\/11\/stojna-na-kos2-100x100.jpg",100,100,true]},"uagb_author_info":{"display_name":"admin","author_link":"https:\/\/reformat.cz\/en\/author\/"},"uagb_comment_info":0,"uagb_excerpt":"specification: price information: Listed price includes the stand only. Paper bin bag is not included. dimensions: 27 \u00d7 36 cm, height 57 cm material: powder-coated metal string \u00f8 8 mm description: An elegant and practical stand for grabage bags with capacity of 55\/30 l \u2013 a perfect fit for our size L paper bags. You&hellip;","jetpack_sharing_enabled":true,"_links":{"self":[{"href":"https:\/\/reformat.cz\/en\/wp-json\/wp\/v2\/product\/13700"}],"collection":[{"href":"https:\/\/reformat.cz\/en\/wp-json\/wp\/v2\/product"}],"about":[{"href":"https:\/\/reformat.cz\/en\/wp-json\/wp\/v2\/types\/product"}],"wp:featuredmedia":[{"embeddable":true,"href":"https:\/\/reformat.cz\/en\/wp-json\/wp\/v2\/media\/13710"}],"wp:attachment":[{"href":"https:\/\/reformat.cz\/en\/wp-json\/wp\/v2\/media?parent=13700"}],"wp:term":[{"taxonomy":"product_cat","embeddable":true,"href":"https:\/\/reformat.cz\/en\/wp-json\/wp\/v2\/product_cat?post=13700"},{"taxonomy":"product_tag","embeddable":true,"href":"https:\/\/reformat.cz\/en\/wp-json\/wp\/v2\/product_tag?post=13700"}],"curies":[{"name":"wp","href":"https:\/\/api.w.org\/{rel}","templated":true}]}}