{"id":13651,"date":"2024-10-30T15:35:32","date_gmt":"2024-10-30T14:35:32","guid":{"rendered":"https:\/\/reformat.cz\/?post_type=product&#038;p=13651"},"modified":"2024-10-30T15:40:52","modified_gmt":"2024-10-30T14:40:52","slug":"a6-greeting-card-with-envelope-5","status":"publish","type":"product","link":"https:\/\/reformat.cz\/en\/product\/a6-greeting-card-with-envelope-5\/","title":{"rendered":"A6 greeting card with envelope"},"content":{"rendered":"<p><br data-mce-bogus=\"1\"><\/p>\n","protected":false},"excerpt":{"rendered":"<p><strong>specifications:<\/strong><\/p>\n<p><u>dimensions:<br \/>\n<\/u>A6 \/ 105 \u00d7 148 mm (w \u00d7 h )<br \/>\n<u><\/u><\/p>\n<p><u>envelope:<br \/>\n<\/u>B6 (125 \u00d7 176 mm), color: dark green<\/p>\n<p><u>paper type:<br \/>\n<\/u>uncoated paper weighing around 250 g\/m\u00b2<br \/>\n<u><\/u><u><\/u><\/p>\n<p><u>waste material:<br \/>\n<\/u>both the greeting card and the envelope are upcycled papers from collection yards, residual material from printers, etc.<\/p>\n<div style=\"display: flex; align-items: center;\"><strong><img class=\"alignnone wp-image-11174\" src=\"https:\/\/reformat.cz\/wp-content\/uploads\/2021\/10\/vahainfografika-k-produktu_100x100px-1.png\" alt=\"\" width=\"50\" height=\"50\" \/><br \/>\n<\/strong><strong>\u00a0 15 min<\/strong>\u00a0handwork<\/div>\n<div style=\"display: flex; align-items: center;\"><strong><img class=\"alignnone wp-image-11178\" src=\"https:\/\/reformat.cz\/wp-content\/uploads\/2021\/10\/vahainfografika-k-produktu_100x100px-3.png\" alt=\"\" width=\"50\" height=\"50\" \/><\/strong>\u00a0 created from<strong>\u00a050g of waste<\/strong><\/div>\n<p><strong><br \/>\ndescriptions:<br \/>\n<\/strong>Different wishes are suitable for every life event, and we know this very well. That&#8217;s why we created several illustrations, which were made by Karla Gondekov\u00e1, from which you will definitely find the right one for the given event. Wedding, birthday, love celebration or just a nice thank you? Part of the A6 greeting card is also a B6 format envelope in which you can easily store \/ send the greeting. And all this sustainably \u2013 our wishes are printed on waste material, just as the envelope is cut and glued from leftover material.<\/p>\n","protected":false},"featured_media":13653,"template":"","meta":{"inline_featured_image":false,"_uag_custom_page_level_css":"","spay_email":""},"product_cat":[144,133],"product_tag":[],"acf":[],"yoast_head":"<!-- This site is optimized with the Yoast SEO plugin v18.0 - https:\/\/yoast.com\/wordpress\/plugins\/seo\/ -->\n<title>A6 greeting card with envelope - Reform\u00e1t<\/title>\n<meta name=\"robots\" content=\"index, follow, max-snippet:-1, max-image-preview:large, max-video-preview:-1\" \/>\n<link rel=\"canonical\" href=\"https:\/\/reformat.cz\/en\/product\/a6-greeting-card-with-envelope-5\/\" \/>\n<meta property=\"og:locale\" content=\"en_US\" \/>\n<meta property=\"og:type\" content=\"article\" \/>\n<meta property=\"og:title\" content=\"A6 greeting card with envelope - Reform\u00e1t\" \/>\n<meta property=\"og:description\" content=\"specifications:  dimensions: A6 \/ 105 \u00d7 148 mm (w \u00d7 h )   envelope: B6 (125 \u00d7 176 mm), color: dark green  paper type: uncoated paper weighing around 250 g\/m\u00b2   waste material: both the greeting card and the envelope are upcycled papers from collection yards, residual material from printers, etc.  \u00a0 15 min\u00a0handwork \u00a0 created from\u00a050g of waste  descriptions: Different wishes are suitable for every life event, and we know this very well. That&#039;s why we created several illustrations, which were made by Karla Gondekov\u00e1, from which you will definitely find the right one for the given event. Wedding, birthday, love celebration or just a nice thank you? Part of the A6 greeting card is also a B6 format envelope in which you can easily store \/ send the greeting. And all this sustainably \u2013 our wishes are printed on waste material, just as the envelope is cut and glued from leftover material.\" \/>\n<meta property=\"og:url\" content=\"https:\/\/reformat.cz\/en\/product\/a6-greeting-card-with-envelope-5\/\" \/>\n<meta property=\"og:site_name\" content=\"Reform\u00e1t\" \/>\n<meta property=\"article:publisher\" content=\"https:\/\/www.facebook.com\/reformatpapershop\" \/>\n<meta property=\"article:modified_time\" content=\"2024-10-30T14:40:52+00:00\" \/>\n<meta property=\"og:image\" content=\"https:\/\/reformat.cz\/wp-content\/uploads\/2024\/10\/varianta-c5a_prani_reformat-scaled.jpg\" \/>\n\t<meta property=\"og:image:width\" content=\"2048\" \/>\n\t<meta property=\"og:image:height\" content=\"1365\" \/>\n\t<meta property=\"og:image:type\" content=\"image\/jpeg\" \/>\n<meta name=\"twitter:card\" content=\"summary_large_image\" \/>\n<script type=\"application\/ld+json\" class=\"yoast-schema-graph\">{\"@context\":\"https:\/\/schema.org\",\"@graph\":[{\"@type\":\"WebSite\",\"@id\":\"https:\/\/reformat.cz\/en\/#website\",\"url\":\"https:\/\/reformat.cz\/en\/\",\"name\":\"Reform\u00e1t\",\"description\":\"A\u017e doslou\u017e\u00edm, chci do bloku!\",\"potentialAction\":[{\"@type\":\"SearchAction\",\"target\":{\"@type\":\"EntryPoint\",\"urlTemplate\":\"https:\/\/reformat.cz\/en\/?s={search_term_string}\"},\"query-input\":\"required name=search_term_string\"}],\"inLanguage\":\"en-US\"},{\"@type\":\"ImageObject\",\"@id\":\"https:\/\/reformat.cz\/en\/product\/a6-greeting-card-with-envelope-5\/#primaryimage\",\"inLanguage\":\"en-US\",\"url\":\"https:\/\/reformat.cz\/wp-content\/uploads\/2024\/10\/varianta-c5a_prani_reformat-scaled.jpg\",\"contentUrl\":\"https:\/\/reformat.cz\/wp-content\/uploads\/2024\/10\/varianta-c5a_prani_reformat-scaled.jpg\",\"width\":2048,\"height\":1365},{\"@type\":\"WebPage\",\"@id\":\"https:\/\/reformat.cz\/en\/product\/a6-greeting-card-with-envelope-5\/#webpage\",\"url\":\"https:\/\/reformat.cz\/en\/product\/a6-greeting-card-with-envelope-5\/\",\"name\":\"A6 greeting card with envelope - Reform\u00e1t\",\"isPartOf\":{\"@id\":\"https:\/\/reformat.cz\/en\/#website\"},\"primaryImageOfPage\":{\"@id\":\"https:\/\/reformat.cz\/en\/product\/a6-greeting-card-with-envelope-5\/#primaryimage\"},\"datePublished\":\"2024-10-30T14:35:32+00:00\",\"dateModified\":\"2024-10-30T14:40:52+00:00\",\"breadcrumb\":{\"@id\":\"https:\/\/reformat.cz\/en\/product\/a6-greeting-card-with-envelope-5\/#breadcrumb\"},\"inLanguage\":\"en-US\",\"potentialAction\":[{\"@type\":\"ReadAction\",\"target\":[\"https:\/\/reformat.cz\/en\/product\/a6-greeting-card-with-envelope-5\/\"]}]},{\"@type\":\"BreadcrumbList\",\"@id\":\"https:\/\/reformat.cz\/en\/product\/a6-greeting-card-with-envelope-5\/#breadcrumb\",\"itemListElement\":[{\"@type\":\"ListItem\",\"position\":1,\"name\":\"Dom\u016f\",\"item\":\"https:\/\/reformat.cz\/en\/\"},{\"@type\":\"ListItem\",\"position\":2,\"name\":\"Shop\",\"item\":\"https:\/\/reformat.cz\/en\/shop\/\"},{\"@type\":\"ListItem\",\"position\":3,\"name\":\"A6 greeting card with envelope\"}]}]}<\/script>\n<!-- \/ Yoast SEO plugin. -->","yoast_head_json":{"title":"A6 greeting card with envelope - Reform\u00e1t","robots":{"index":"index","follow":"follow","max-snippet":"max-snippet:-1","max-image-preview":"max-image-preview:large","max-video-preview":"max-video-preview:-1"},"canonical":"https:\/\/reformat.cz\/en\/product\/a6-greeting-card-with-envelope-5\/","og_locale":"en_US","og_type":"article","og_title":"A6 greeting card with envelope - Reform\u00e1t","og_description":"specifications:  dimensions: A6 \/ 105 \u00d7 148 mm (w \u00d7 h )   envelope: B6 (125 \u00d7 176 mm), color: dark green  paper type: uncoated paper weighing around 250 g\/m\u00b2   waste material: both the greeting card and the envelope are upcycled papers from collection yards, residual material from printers, etc.  \u00a0 15 min\u00a0handwork \u00a0 created from\u00a050g of waste  descriptions: Different wishes are suitable for every life event, and we know this very well. That's why we created several illustrations, which were made by Karla Gondekov\u00e1, from which you will definitely find the right one for the given event. Wedding, birthday, love celebration or just a nice thank you? Part of the A6 greeting card is also a B6 format envelope in which you can easily store \/ send the greeting. And all this sustainably \u2013 our wishes are printed on waste material, just as the envelope is cut and glued from leftover material.","og_url":"https:\/\/reformat.cz\/en\/product\/a6-greeting-card-with-envelope-5\/","og_site_name":"Reform\u00e1t","article_publisher":"https:\/\/www.facebook.com\/reformatpapershop","article_modified_time":"2024-10-30T14:40:52+00:00","og_image":[{"width":2048,"height":1365,"url":"https:\/\/reformat.cz\/wp-content\/uploads\/2024\/10\/varianta-c5a_prani_reformat-scaled.jpg","type":"image\/jpeg"}],"twitter_card":"summary_large_image","schema":{"@context":"https:\/\/schema.org","@graph":[{"@type":"WebSite","@id":"https:\/\/reformat.cz\/en\/#website","url":"https:\/\/reformat.cz\/en\/","name":"Reform\u00e1t","description":"A\u017e doslou\u017e\u00edm, chci do bloku!","potentialAction":[{"@type":"SearchAction","target":{"@type":"EntryPoint","urlTemplate":"https:\/\/reformat.cz\/en\/?s={search_term_string}"},"query-input":"required name=search_term_string"}],"inLanguage":"en-US"},{"@type":"ImageObject","@id":"https:\/\/reformat.cz\/en\/product\/a6-greeting-card-with-envelope-5\/#primaryimage","inLanguage":"en-US","url":"https:\/\/reformat.cz\/wp-content\/uploads\/2024\/10\/varianta-c5a_prani_reformat-scaled.jpg","contentUrl":"https:\/\/reformat.cz\/wp-content\/uploads\/2024\/10\/varianta-c5a_prani_reformat-scaled.jpg","width":2048,"height":1365},{"@type":"WebPage","@id":"https:\/\/reformat.cz\/en\/product\/a6-greeting-card-with-envelope-5\/#webpage","url":"https:\/\/reformat.cz\/en\/product\/a6-greeting-card-with-envelope-5\/","name":"A6 greeting card with envelope - Reform\u00e1t","isPartOf":{"@id":"https:\/\/reformat.cz\/en\/#website"},"primaryImageOfPage":{"@id":"https:\/\/reformat.cz\/en\/product\/a6-greeting-card-with-envelope-5\/#primaryimage"},"datePublished":"2024-10-30T14:35:32+00:00","dateModified":"2024-10-30T14:40:52+00:00","breadcrumb":{"@id":"https:\/\/reformat.cz\/en\/product\/a6-greeting-card-with-envelope-5\/#breadcrumb"},"inLanguage":"en-US","potentialAction":[{"@type":"ReadAction","target":["https:\/\/reformat.cz\/en\/product\/a6-greeting-card-with-envelope-5\/"]}]},{"@type":"BreadcrumbList","@id":"https:\/\/reformat.cz\/en\/product\/a6-greeting-card-with-envelope-5\/#breadcrumb","itemListElement":[{"@type":"ListItem","position":1,"name":"Dom\u016f","item":"https:\/\/reformat.cz\/en\/"},{"@type":"ListItem","position":2,"name":"Shop","item":"https:\/\/reformat.cz\/en\/shop\/"},{"@type":"ListItem","position":3,"name":"A6 greeting card with envelope"}]}]}},"jetpack_publicize_connections":[],"uagb_featured_image_src":{"full":["https:\/\/reformat.cz\/wp-content\/uploads\/2024\/10\/varianta-c5a_prani_reformat-scaled.jpg",2048,1365,false],"thumbnail":["https:\/\/reformat.cz\/wp-content\/uploads\/2024\/10\/varianta-c5a_prani_reformat-150x150.jpg",150,150,true],"medium":["https:\/\/reformat.cz\/wp-content\/uploads\/2024\/10\/varianta-c5a_prani_reformat-300x200.jpg",300,200,true],"medium_large":["https:\/\/reformat.cz\/wp-content\/uploads\/2024\/10\/varianta-c5a_prani_reformat-768x512.jpg",768,512,true],"large":["https:\/\/reformat.cz\/wp-content\/uploads\/2024\/10\/varianta-c5a_prani_reformat-1024x683.jpg",980,654,true],"1536x1536":["https:\/\/reformat.cz\/wp-content\/uploads\/2024\/10\/varianta-c5a_prani_reformat-1536x1024.jpg",1536,1024,true],"2048x2048":["https:\/\/reformat.cz\/wp-content\/uploads\/2024\/10\/varianta-c5a_prani_reformat-2048x1365.jpg",2048,1365,true],"woocommerce_thumbnail":["https:\/\/reformat.cz\/wp-content\/uploads\/2024\/10\/varianta-c5a_prani_reformat-324x324.jpg",324,324,true],"woocommerce_single":["https:\/\/reformat.cz\/wp-content\/uploads\/2024\/10\/varianta-c5a_prani_reformat-416x277.jpg",416,277,true],"woocommerce_gallery_thumbnail":["https:\/\/reformat.cz\/wp-content\/uploads\/2024\/10\/varianta-c5a_prani_reformat-100x100.jpg",100,100,true],"shop_catalog":["https:\/\/reformat.cz\/wp-content\/uploads\/2024\/10\/varianta-c5a_prani_reformat-324x324.jpg",324,324,true],"shop_single":["https:\/\/reformat.cz\/wp-content\/uploads\/2024\/10\/varianta-c5a_prani_reformat-416x277.jpg",416,277,true],"shop_thumbnail":["https:\/\/reformat.cz\/wp-content\/uploads\/2024\/10\/varianta-c5a_prani_reformat-100x100.jpg",100,100,true]},"uagb_author_info":{"display_name":"admin","author_link":"https:\/\/reformat.cz\/en\/author\/"},"uagb_comment_info":0,"uagb_excerpt":"specifications: dimensions: A6 \/ 105 \u00d7 148 mm (w \u00d7 h ) envelope: B6 (125 \u00d7 176 mm), color: dark green paper type: uncoated paper weighing around 250 g\/m\u00b2 waste material: both the greeting card and the envelope are upcycled papers from collection yards, residual material from printers, etc. \u00a0 15 min\u00a0handwork \u00a0 created from\u00a050g&hellip;","jetpack_sharing_enabled":true,"_links":{"self":[{"href":"https:\/\/reformat.cz\/en\/wp-json\/wp\/v2\/product\/13651"}],"collection":[{"href":"https:\/\/reformat.cz\/en\/wp-json\/wp\/v2\/product"}],"about":[{"href":"https:\/\/reformat.cz\/en\/wp-json\/wp\/v2\/types\/product"}],"wp:featuredmedia":[{"embeddable":true,"href":"https:\/\/reformat.cz\/en\/wp-json\/wp\/v2\/media\/13653"}],"wp:attachment":[{"href":"https:\/\/reformat.cz\/en\/wp-json\/wp\/v2\/media?parent=13651"}],"wp:term":[{"taxonomy":"product_cat","embeddable":true,"href":"https:\/\/reformat.cz\/en\/wp-json\/wp\/v2\/product_cat?post=13651"},{"taxonomy":"product_tag","embeddable":true,"href":"https:\/\/reformat.cz\/en\/wp-json\/wp\/v2\/product_tag?post=13651"}],"curies":[{"name":"wp","href":"https:\/\/api.w.org\/{rel}","templated":true}]}}