{"id":13353,"date":"2024-09-11T18:46:04","date_gmt":"2024-09-11T16:46:04","guid":{"rendered":"https:\/\/reformat.cz\/?post_type=product&#038;p=13353"},"modified":"2025-04-11T16:36:42","modified_gmt":"2025-04-11T14:36:42","slug":"washi-tape-matte-light-blue","status":"publish","type":"product","link":"https:\/\/reformat.cz\/en\/product\/washi-tape-matte-light-blue\/","title":{"rendered":"Washi tape \/ matte light blue"},"content":{"rendered":"","protected":false},"excerpt":{"rendered":"<p><strong>specification:<\/strong><\/p>\n<p><u>dimensions:<br \/>\n<\/u>15 mm (tape width)<br \/>\n7 m (tape length)<br \/>\n<u>colour:<br \/>\n<\/u>matte light blue<\/p>\n<p><strong>description:<br \/>\n<\/strong><br \/>\nDecorative washi tape from Japan by the brand <em data-start=\"294\" data-end=\"311\">mt Masking Tape<\/em>. Perfect for taping photos into albums, gift wrapping, scrapbooking, home decoration, and much more! This versatile tape sticks instantly and can be easily peeled off without leaving any marks.<\/p>\n","protected":false},"featured_media":13359,"template":"","meta":{"inline_featured_image":false,"_uag_custom_page_level_css":"","spay_email":""},"product_cat":[133],"product_tag":[],"acf":[],"yoast_head":"<!-- This site is optimized with the Yoast SEO plugin v18.0 - https:\/\/yoast.com\/wordpress\/plugins\/seo\/ -->\n<title>Washi tape \/ matte light blue - Reform\u00e1t<\/title>\n<meta name=\"robots\" content=\"index, follow, max-snippet:-1, max-image-preview:large, max-video-preview:-1\" \/>\n<link rel=\"canonical\" href=\"https:\/\/reformat.cz\/en\/product\/washi-tape-matte-light-blue\/\" \/>\n<meta property=\"og:locale\" content=\"en_US\" \/>\n<meta property=\"og:type\" content=\"article\" \/>\n<meta property=\"og:title\" content=\"Washi tape \/ matte light blue - Reform\u00e1t\" \/>\n<meta property=\"og:description\" content=\"specification:  dimensions: 15 mm (tape width) 7 m (tape length) colour: matte light blue  description:  Decorative washi tape from Japan by the brand mt Masking Tape. Perfect for taping photos into albums, gift wrapping, scrapbooking, home decoration, and much more! This versatile tape sticks instantly and can be easily peeled off without leaving any marks.\" \/>\n<meta property=\"og:url\" content=\"https:\/\/reformat.cz\/en\/product\/washi-tape-matte-light-blue\/\" \/>\n<meta property=\"og:site_name\" content=\"Reform\u00e1t\" \/>\n<meta property=\"article:publisher\" content=\"https:\/\/www.facebook.com\/reformatpapershop\" \/>\n<meta property=\"article:modified_time\" content=\"2025-04-11T14:36:42+00:00\" \/>\n<meta name=\"twitter:card\" content=\"summary_large_image\" \/>\n<meta name=\"twitter:image\" content=\"https:\/\/reformat.cz\/wp-content\/uploads\/2024\/09\/Photo-11.09.2024-15-44-47-scaled.webp\" \/>\n<script type=\"application\/ld+json\" class=\"yoast-schema-graph\">{\"@context\":\"https:\/\/schema.org\",\"@graph\":[{\"@type\":\"WebSite\",\"@id\":\"https:\/\/reformat.cz\/en\/#website\",\"url\":\"https:\/\/reformat.cz\/en\/\",\"name\":\"Reform\u00e1t\",\"description\":\"A\u017e doslou\u017e\u00edm, chci do bloku!\",\"potentialAction\":[{\"@type\":\"SearchAction\",\"target\":{\"@type\":\"EntryPoint\",\"urlTemplate\":\"https:\/\/reformat.cz\/en\/?s={search_term_string}\"},\"query-input\":\"required name=search_term_string\"}],\"inLanguage\":\"en-US\"},{\"@type\":\"ImageObject\",\"@id\":\"https:\/\/reformat.cz\/en\/product\/washi-tape-matte-light-blue\/#primaryimage\",\"inLanguage\":\"en-US\",\"url\":\"https:\/\/reformat.cz\/wp-content\/uploads\/2024\/09\/Photo-11.09.2024-15-44-47-scaled.webp\",\"contentUrl\":\"https:\/\/reformat.cz\/wp-content\/uploads\/2024\/09\/Photo-11.09.2024-15-44-47-scaled.webp\",\"width\":2048,\"height\":1366},{\"@type\":\"WebPage\",\"@id\":\"https:\/\/reformat.cz\/en\/product\/washi-tape-matte-light-blue\/#webpage\",\"url\":\"https:\/\/reformat.cz\/en\/product\/washi-tape-matte-light-blue\/\",\"name\":\"Washi tape \/ matte light blue - Reform\u00e1t\",\"isPartOf\":{\"@id\":\"https:\/\/reformat.cz\/en\/#website\"},\"primaryImageOfPage\":{\"@id\":\"https:\/\/reformat.cz\/en\/product\/washi-tape-matte-light-blue\/#primaryimage\"},\"datePublished\":\"2024-09-11T16:46:04+00:00\",\"dateModified\":\"2025-04-11T14:36:42+00:00\",\"breadcrumb\":{\"@id\":\"https:\/\/reformat.cz\/en\/product\/washi-tape-matte-light-blue\/#breadcrumb\"},\"inLanguage\":\"en-US\",\"potentialAction\":[{\"@type\":\"ReadAction\",\"target\":[\"https:\/\/reformat.cz\/en\/product\/washi-tape-matte-light-blue\/\"]}]},{\"@type\":\"BreadcrumbList\",\"@id\":\"https:\/\/reformat.cz\/en\/product\/washi-tape-matte-light-blue\/#breadcrumb\",\"itemListElement\":[{\"@type\":\"ListItem\",\"position\":1,\"name\":\"Dom\u016f\",\"item\":\"https:\/\/reformat.cz\/en\/\"},{\"@type\":\"ListItem\",\"position\":2,\"name\":\"Shop\",\"item\":\"https:\/\/reformat.cz\/en\/shop\/\"},{\"@type\":\"ListItem\",\"position\":3,\"name\":\"Washi tape \/ matte light blue\"}]}]}<\/script>\n<!-- \/ Yoast SEO plugin. -->","yoast_head_json":{"title":"Washi tape \/ matte light blue - Reform\u00e1t","robots":{"index":"index","follow":"follow","max-snippet":"max-snippet:-1","max-image-preview":"max-image-preview:large","max-video-preview":"max-video-preview:-1"},"canonical":"https:\/\/reformat.cz\/en\/product\/washi-tape-matte-light-blue\/","og_locale":"en_US","og_type":"article","og_title":"Washi tape \/ matte light blue - Reform\u00e1t","og_description":"specification:  dimensions: 15 mm (tape width) 7 m (tape length) colour: matte light blue  description:  Decorative washi tape from Japan by the brand mt Masking Tape. Perfect for taping photos into albums, gift wrapping, scrapbooking, home decoration, and much more! This versatile tape sticks instantly and can be easily peeled off without leaving any marks.","og_url":"https:\/\/reformat.cz\/en\/product\/washi-tape-matte-light-blue\/","og_site_name":"Reform\u00e1t","article_publisher":"https:\/\/www.facebook.com\/reformatpapershop","article_modified_time":"2025-04-11T14:36:42+00:00","twitter_card":"summary_large_image","twitter_image":"https:\/\/reformat.cz\/wp-content\/uploads\/2024\/09\/Photo-11.09.2024-15-44-47-scaled.webp","schema":{"@context":"https:\/\/schema.org","@graph":[{"@type":"WebSite","@id":"https:\/\/reformat.cz\/en\/#website","url":"https:\/\/reformat.cz\/en\/","name":"Reform\u00e1t","description":"A\u017e doslou\u017e\u00edm, chci do bloku!","potentialAction":[{"@type":"SearchAction","target":{"@type":"EntryPoint","urlTemplate":"https:\/\/reformat.cz\/en\/?s={search_term_string}"},"query-input":"required name=search_term_string"}],"inLanguage":"en-US"},{"@type":"ImageObject","@id":"https:\/\/reformat.cz\/en\/product\/washi-tape-matte-light-blue\/#primaryimage","inLanguage":"en-US","url":"https:\/\/reformat.cz\/wp-content\/uploads\/2024\/09\/Photo-11.09.2024-15-44-47-scaled.webp","contentUrl":"https:\/\/reformat.cz\/wp-content\/uploads\/2024\/09\/Photo-11.09.2024-15-44-47-scaled.webp","width":2048,"height":1366},{"@type":"WebPage","@id":"https:\/\/reformat.cz\/en\/product\/washi-tape-matte-light-blue\/#webpage","url":"https:\/\/reformat.cz\/en\/product\/washi-tape-matte-light-blue\/","name":"Washi tape \/ matte light blue - Reform\u00e1t","isPartOf":{"@id":"https:\/\/reformat.cz\/en\/#website"},"primaryImageOfPage":{"@id":"https:\/\/reformat.cz\/en\/product\/washi-tape-matte-light-blue\/#primaryimage"},"datePublished":"2024-09-11T16:46:04+00:00","dateModified":"2025-04-11T14:36:42+00:00","breadcrumb":{"@id":"https:\/\/reformat.cz\/en\/product\/washi-tape-matte-light-blue\/#breadcrumb"},"inLanguage":"en-US","potentialAction":[{"@type":"ReadAction","target":["https:\/\/reformat.cz\/en\/product\/washi-tape-matte-light-blue\/"]}]},{"@type":"BreadcrumbList","@id":"https:\/\/reformat.cz\/en\/product\/washi-tape-matte-light-blue\/#breadcrumb","itemListElement":[{"@type":"ListItem","position":1,"name":"Dom\u016f","item":"https:\/\/reformat.cz\/en\/"},{"@type":"ListItem","position":2,"name":"Shop","item":"https:\/\/reformat.cz\/en\/shop\/"},{"@type":"ListItem","position":3,"name":"Washi tape \/ matte light blue"}]}]}},"jetpack_publicize_connections":[],"uagb_featured_image_src":{"full":["https:\/\/reformat.cz\/wp-content\/uploads\/2024\/09\/Photo-11.09.2024-15-44-47-scaled.webp",2048,1366,false],"thumbnail":["https:\/\/reformat.cz\/wp-content\/uploads\/2024\/09\/Photo-11.09.2024-15-44-47-150x150.webp",150,150,true],"medium":["https:\/\/reformat.cz\/wp-content\/uploads\/2024\/09\/Photo-11.09.2024-15-44-47-300x200.webp",300,200,true],"medium_large":["https:\/\/reformat.cz\/wp-content\/uploads\/2024\/09\/Photo-11.09.2024-15-44-47-768x512.webp",768,512,true],"large":["https:\/\/reformat.cz\/wp-content\/uploads\/2024\/09\/Photo-11.09.2024-15-44-47-1024x683.webp",980,654,true],"1536x1536":["https:\/\/reformat.cz\/wp-content\/uploads\/2024\/09\/Photo-11.09.2024-15-44-47-1536x1024.webp",1536,1024,true],"2048x2048":["https:\/\/reformat.cz\/wp-content\/uploads\/2024\/09\/Photo-11.09.2024-15-44-47-2048x1366.webp",2048,1366,true],"woocommerce_thumbnail":["https:\/\/reformat.cz\/wp-content\/uploads\/2024\/09\/Photo-11.09.2024-15-44-47-324x324.webp",324,324,true],"woocommerce_single":["https:\/\/reformat.cz\/wp-content\/uploads\/2024\/09\/Photo-11.09.2024-15-44-47-416x277.webp",416,277,true],"woocommerce_gallery_thumbnail":["https:\/\/reformat.cz\/wp-content\/uploads\/2024\/09\/Photo-11.09.2024-15-44-47-100x100.webp",100,100,true],"shop_catalog":["https:\/\/reformat.cz\/wp-content\/uploads\/2024\/09\/Photo-11.09.2024-15-44-47-324x324.webp",324,324,true],"shop_single":["https:\/\/reformat.cz\/wp-content\/uploads\/2024\/09\/Photo-11.09.2024-15-44-47-416x277.webp",416,277,true],"shop_thumbnail":["https:\/\/reformat.cz\/wp-content\/uploads\/2024\/09\/Photo-11.09.2024-15-44-47-100x100.webp",100,100,true]},"uagb_author_info":{"display_name":"admin","author_link":"https:\/\/reformat.cz\/en\/author\/"},"uagb_comment_info":0,"uagb_excerpt":"specification: dimensions: 15 mm (tape width) 7 m (tape length) colour: matte light blue description: Decorative washi tape from Japan by the brand mt Masking Tape. Perfect for taping photos into albums, gift wrapping, scrapbooking, home decoration, and much more! This versatile tape sticks instantly and can be easily peeled off without leaving any marks.","jetpack_sharing_enabled":true,"_links":{"self":[{"href":"https:\/\/reformat.cz\/en\/wp-json\/wp\/v2\/product\/13353"}],"collection":[{"href":"https:\/\/reformat.cz\/en\/wp-json\/wp\/v2\/product"}],"about":[{"href":"https:\/\/reformat.cz\/en\/wp-json\/wp\/v2\/types\/product"}],"wp:featuredmedia":[{"embeddable":true,"href":"https:\/\/reformat.cz\/en\/wp-json\/wp\/v2\/media\/13359"}],"wp:attachment":[{"href":"https:\/\/reformat.cz\/en\/wp-json\/wp\/v2\/media?parent=13353"}],"wp:term":[{"taxonomy":"product_cat","embeddable":true,"href":"https:\/\/reformat.cz\/en\/wp-json\/wp\/v2\/product_cat?post=13353"},{"taxonomy":"product_tag","embeddable":true,"href":"https:\/\/reformat.cz\/en\/wp-json\/wp\/v2\/product_tag?post=13353"}],"curies":[{"name":"wp","href":"https:\/\/api.w.org\/{rel}","templated":true}]}}