{"id":13293,"date":"2024-07-23T13:04:55","date_gmt":"2024-07-23T11:04:55","guid":{"rendered":"https:\/\/reformat.cz\/?post_type=product&#038;p=13293"},"modified":"2025-10-02T10:48:32","modified_gmt":"2025-10-02T08:48:32","slug":"making-of-photo-album-%e2%86%92-japanese-binding-22-11","status":"publish","type":"product","link":"https:\/\/reformat.cz\/en\/product\/making-of-photo-album-%e2%86%92-japanese-binding-22-11\/","title":{"rendered":"Making of Photo Album \u2192 Japanese Binding 22\/11"},"content":{"rendered":"","protected":false},"excerpt":{"rendered":"<p>The course is in Czech language. \/\/\/ Some of your sophisticated compositions, as well as snapshots, certainly deserve to be developed! And the developed photos deserve a beautiful photo album. <strong>Japanese binding is a traditional elegant form of joining an inner book and can be made even by those who are not very good at sewing.<\/strong> At the workshop, we will introduce you to the basic types of decorative stitching and guide you through the process of creating and coating hardcovers. Take home a photo album that will be passed down for generations.<\/p>\n<p><strong>What can you expect at the workshop?<\/strong><\/p>\n<ol>\n<li>Presentation of the Reformat project.<\/li>\n<li>Preparation of inner part (completing the pages, gluing the interleaving strips).<\/li>\n<li>Choice of materials and motifs for coating the covers<\/li>\n<li>Preparation and coating of hardcovers<\/li>\n<li>Choice of decorative stitching, creating holes with a paper drill or awl<\/li>\n<li>Connection of inner part and covers by sewing with waxed thread<\/li>\n<\/ol>\n<p><strong>Why come to one of our workshops?<\/strong><\/p>\n<ul>\n<li><span data-contrast=\"none\">\u00a0<strong>We take a sustainable approach to design<\/strong>, we upcycle unused materials. All the paper in our workshop is second hand.<\/span><\/li>\n<li>History meets new technologies in our bookbinding workshop. <strong>During the workshops, you have the opportunity to work with new bookbinding machines as well as ones that are several decades old.<\/strong><\/li>\n<\/ul>\n<p><strong>Teacher Eli\u0161ka Rom<\/strong><\/p>\n<p>Eli\u0161ka studied the field of &#8220;Conservation and Restoration of Paper, Books, and Museum Objects&#8221; at the Secondary Industrial School of Graphic Arts in Prague. This program, besides restoration itself, involved spending a lot of time creating historical book bindings, copies, and calligraphy. She is currently a master&#8217;s student in the &#8220;Art History&#8221; program at Charles University, focusing primarily on 20th-century architecture. As a restorer working in a museum, she is interested not only in the historical aspects of objects but also in the properties of paper and other materials, and in finding optimal ways to best preserve collection items. Bookbinding fascinates her mainly as a way to artistically shape a three-dimensional object and to connect artistic sensibility with technological knowledge and craftsmanship skills. She shares with Reform\u00e1t not only a love for bookbinding but also the opportunity for sustainable creation. In workshops, she sees a unique chance to revive the tradition of handmade paper objects and to inspire enthusiasm for this craft among other interested participants.<\/p>\n<p><span data-contrast=\"none\">\/ workshop date: <strong>Saturday 22\/11\/2025<\/strong><\/span><br \/>\n\/ time: <strong>13.00\u201316.30<\/strong><br \/>\n\/ course capacity<strong> max. 8 participants<\/strong><br \/>\n\/ for <strong>beginners and the advanced<\/strong><br \/>\n\/ the workshop is suitable for <strong>ages 12 and up<\/strong><br \/>\n\/\u00a0the workshop price includes <strong>materials and components<\/strong><\/p>\n","protected":false},"featured_media":9128,"template":"","meta":{"inline_featured_image":false,"_uag_custom_page_level_css":"","spay_email":""},"product_cat":[125],"product_tag":[],"acf":[],"yoast_head":"<!-- This site is optimized with the Yoast SEO plugin v18.0 - https:\/\/yoast.com\/wordpress\/plugins\/seo\/ -->\n<title>Making of Photo Album \u2192 Japanese Binding 22\/11 - Reform\u00e1t<\/title>\n<meta name=\"robots\" content=\"index, follow, max-snippet:-1, max-image-preview:large, max-video-preview:-1\" \/>\n<link rel=\"canonical\" href=\"https:\/\/reformat.cz\/en\/product\/making-of-photo-album-%e2%86%92-japanese-binding-22-11\/\" \/>\n<meta property=\"og:locale\" content=\"en_US\" \/>\n<meta property=\"og:type\" content=\"article\" \/>\n<meta property=\"og:title\" content=\"Making of Photo Album \u2192 Japanese Binding 22\/11 - Reform\u00e1t\" \/>\n<meta property=\"og:description\" content=\"The course is in Czech language. \/\/\/ Some of your sophisticated compositions, as well as snapshots, certainly deserve to be developed! And the developed photos deserve a beautiful photo album. Japanese binding is a traditional elegant form of joining an inner book and can be made even by those who are not very good at sewing. At the workshop, we will introduce you to the basic types of decorative stitching and guide you through the process of creating and coating hardcovers. Take home a photo album that will be passed down for generations.  What can you expect at the workshop?   Presentation of the Reformat project.  Preparation of inner part (completing the pages, gluing the interleaving strips).  Choice of materials and motifs for coating the covers  Preparation and coating of hardcovers  Choice of decorative stitching, creating holes with a paper drill or awl  Connection of inner part and covers by sewing with waxed thread  Why come to one of our workshops?   \u00a0We take a sustainable approach to design, we upcycle unused materials. All the paper in our workshop is second hand.  History meets new technologies in our bookbinding workshop. During the workshops, you have the opportunity to work with new bookbinding machines as well as ones that are several decades old.  Teacher Eli\u0161ka Rom  Eli\u0161ka studied the field of &quot;Conservation and Restoration of Paper, Books, and Museum Objects&quot; at the Secondary Industrial School of Graphic Arts in Prague. This program, besides restoration itself, involved spending a lot of time creating historical book bindings, copies, and calligraphy. She is currently a master&#039;s student in the &quot;Art History&quot; program at Charles University, focusing primarily on 20th-century architecture. As a restorer working in a museum, she is interested not only in the historical aspects of objects but also in the properties of paper and other materials, and in finding optimal ways to best preserve collection items. Bookbinding fascinates her mainly as a way to artistically shape a three-dimensional object and to connect artistic sensibility with technological knowledge and craftsmanship skills. She shares with Reform\u00e1t not only a love for bookbinding but also the opportunity for sustainable creation. In workshops, she sees a unique chance to revive the tradition of handmade paper objects and to inspire enthusiasm for this craft among other interested participants.  \/ workshop date: Saturday 22\/11\/2025 \/ time: 13.00\u201316.30 \/ course capacity max. 8 participants \/ for beginners and the advanced \/ the workshop is suitable for ages 12 and up \/\u00a0the workshop price includes materials and components\" \/>\n<meta property=\"og:url\" content=\"https:\/\/reformat.cz\/en\/product\/making-of-photo-album-%e2%86%92-japanese-binding-22-11\/\" \/>\n<meta property=\"og:site_name\" content=\"Reform\u00e1t\" \/>\n<meta property=\"article:publisher\" content=\"https:\/\/www.facebook.com\/reformatpapershop\" \/>\n<meta property=\"article:modified_time\" content=\"2025-10-02T08:48:32+00:00\" \/>\n<meta property=\"og:image\" content=\"https:\/\/reformat.cz\/wp-content\/uploads\/2019\/11\/2-1024x1024.png\" \/>\n\t<meta property=\"og:image:width\" content=\"1024\" \/>\n\t<meta property=\"og:image:height\" content=\"1024\" \/>\n\t<meta property=\"og:image:type\" content=\"image\/png\" \/>\n<meta name=\"twitter:card\" content=\"summary_large_image\" \/>\n<script type=\"application\/ld+json\" class=\"yoast-schema-graph\">{\"@context\":\"https:\/\/schema.org\",\"@graph\":[{\"@type\":\"WebSite\",\"@id\":\"https:\/\/reformat.cz\/en\/#website\",\"url\":\"https:\/\/reformat.cz\/en\/\",\"name\":\"Reform\u00e1t\",\"description\":\"A\u017e doslou\u017e\u00edm, chci do bloku!\",\"potentialAction\":[{\"@type\":\"SearchAction\",\"target\":{\"@type\":\"EntryPoint\",\"urlTemplate\":\"https:\/\/reformat.cz\/en\/?s={search_term_string}\"},\"query-input\":\"required name=search_term_string\"}],\"inLanguage\":\"en-US\"},{\"@type\":\"ImageObject\",\"@id\":\"https:\/\/reformat.cz\/en\/product\/making-of-photo-album-%e2%86%92-japanese-binding-22-11\/#primaryimage\",\"inLanguage\":\"en-US\",\"url\":\"https:\/\/reformat.cz\/wp-content\/uploads\/2019\/11\/2.png\",\"contentUrl\":\"https:\/\/reformat.cz\/wp-content\/uploads\/2019\/11\/2.png\",\"width\":2044,\"height\":2044},{\"@type\":\"WebPage\",\"@id\":\"https:\/\/reformat.cz\/en\/product\/making-of-photo-album-%e2%86%92-japanese-binding-22-11\/#webpage\",\"url\":\"https:\/\/reformat.cz\/en\/product\/making-of-photo-album-%e2%86%92-japanese-binding-22-11\/\",\"name\":\"Making of Photo Album \u2192 Japanese Binding 22\/11 - Reform\u00e1t\",\"isPartOf\":{\"@id\":\"https:\/\/reformat.cz\/en\/#website\"},\"primaryImageOfPage\":{\"@id\":\"https:\/\/reformat.cz\/en\/product\/making-of-photo-album-%e2%86%92-japanese-binding-22-11\/#primaryimage\"},\"datePublished\":\"2024-07-23T11:04:55+00:00\",\"dateModified\":\"2025-10-02T08:48:32+00:00\",\"breadcrumb\":{\"@id\":\"https:\/\/reformat.cz\/en\/product\/making-of-photo-album-%e2%86%92-japanese-binding-22-11\/#breadcrumb\"},\"inLanguage\":\"en-US\",\"potentialAction\":[{\"@type\":\"ReadAction\",\"target\":[\"https:\/\/reformat.cz\/en\/product\/making-of-photo-album-%e2%86%92-japanese-binding-22-11\/\"]}]},{\"@type\":\"BreadcrumbList\",\"@id\":\"https:\/\/reformat.cz\/en\/product\/making-of-photo-album-%e2%86%92-japanese-binding-22-11\/#breadcrumb\",\"itemListElement\":[{\"@type\":\"ListItem\",\"position\":1,\"name\":\"Dom\u016f\",\"item\":\"https:\/\/reformat.cz\/en\/\"},{\"@type\":\"ListItem\",\"position\":2,\"name\":\"Shop\",\"item\":\"https:\/\/reformat.cz\/en\/shop\/\"},{\"@type\":\"ListItem\",\"position\":3,\"name\":\"Making of Photo Album \u2192 Japanese Binding 22\/11\"}]}]}<\/script>\n<!-- \/ Yoast SEO plugin. -->","yoast_head_json":{"title":"Making of Photo Album \u2192 Japanese Binding 22\/11 - Reform\u00e1t","robots":{"index":"index","follow":"follow","max-snippet":"max-snippet:-1","max-image-preview":"max-image-preview:large","max-video-preview":"max-video-preview:-1"},"canonical":"https:\/\/reformat.cz\/en\/product\/making-of-photo-album-%e2%86%92-japanese-binding-22-11\/","og_locale":"en_US","og_type":"article","og_title":"Making of Photo Album \u2192 Japanese Binding 22\/11 - Reform\u00e1t","og_description":"The course is in Czech language. \/\/\/ Some of your sophisticated compositions, as well as snapshots, certainly deserve to be developed! And the developed photos deserve a beautiful photo album. Japanese binding is a traditional elegant form of joining an inner book and can be made even by those who are not very good at sewing. At the workshop, we will introduce you to the basic types of decorative stitching and guide you through the process of creating and coating hardcovers. Take home a photo album that will be passed down for generations.  What can you expect at the workshop?   Presentation of the Reformat project.  Preparation of inner part (completing the pages, gluing the interleaving strips).  Choice of materials and motifs for coating the covers  Preparation and coating of hardcovers  Choice of decorative stitching, creating holes with a paper drill or awl  Connection of inner part and covers by sewing with waxed thread  Why come to one of our workshops?   \u00a0We take a sustainable approach to design, we upcycle unused materials. All the paper in our workshop is second hand.  History meets new technologies in our bookbinding workshop. During the workshops, you have the opportunity to work with new bookbinding machines as well as ones that are several decades old.  Teacher Eli\u0161ka Rom  Eli\u0161ka studied the field of \"Conservation and Restoration of Paper, Books, and Museum Objects\" at the Secondary Industrial School of Graphic Arts in Prague. This program, besides restoration itself, involved spending a lot of time creating historical book bindings, copies, and calligraphy. She is currently a master's student in the \"Art History\" program at Charles University, focusing primarily on 20th-century architecture. As a restorer working in a museum, she is interested not only in the historical aspects of objects but also in the properties of paper and other materials, and in finding optimal ways to best preserve collection items. Bookbinding fascinates her mainly as a way to artistically shape a three-dimensional object and to connect artistic sensibility with technological knowledge and craftsmanship skills. She shares with Reform\u00e1t not only a love for bookbinding but also the opportunity for sustainable creation. In workshops, she sees a unique chance to revive the tradition of handmade paper objects and to inspire enthusiasm for this craft among other interested participants.  \/ workshop date: Saturday 22\/11\/2025 \/ time: 13.00\u201316.30 \/ course capacity max. 8 participants \/ for beginners and the advanced \/ the workshop is suitable for ages 12 and up \/\u00a0the workshop price includes materials and components","og_url":"https:\/\/reformat.cz\/en\/product\/making-of-photo-album-%e2%86%92-japanese-binding-22-11\/","og_site_name":"Reform\u00e1t","article_publisher":"https:\/\/www.facebook.com\/reformatpapershop","article_modified_time":"2025-10-02T08:48:32+00:00","og_image":[{"width":1024,"height":1024,"url":"https:\/\/reformat.cz\/wp-content\/uploads\/2019\/11\/2-1024x1024.png","type":"image\/png"}],"twitter_card":"summary_large_image","schema":{"@context":"https:\/\/schema.org","@graph":[{"@type":"WebSite","@id":"https:\/\/reformat.cz\/en\/#website","url":"https:\/\/reformat.cz\/en\/","name":"Reform\u00e1t","description":"A\u017e doslou\u017e\u00edm, chci do bloku!","potentialAction":[{"@type":"SearchAction","target":{"@type":"EntryPoint","urlTemplate":"https:\/\/reformat.cz\/en\/?s={search_term_string}"},"query-input":"required name=search_term_string"}],"inLanguage":"en-US"},{"@type":"ImageObject","@id":"https:\/\/reformat.cz\/en\/product\/making-of-photo-album-%e2%86%92-japanese-binding-22-11\/#primaryimage","inLanguage":"en-US","url":"https:\/\/reformat.cz\/wp-content\/uploads\/2019\/11\/2.png","contentUrl":"https:\/\/reformat.cz\/wp-content\/uploads\/2019\/11\/2.png","width":2044,"height":2044},{"@type":"WebPage","@id":"https:\/\/reformat.cz\/en\/product\/making-of-photo-album-%e2%86%92-japanese-binding-22-11\/#webpage","url":"https:\/\/reformat.cz\/en\/product\/making-of-photo-album-%e2%86%92-japanese-binding-22-11\/","name":"Making of Photo Album \u2192 Japanese Binding 22\/11 - Reform\u00e1t","isPartOf":{"@id":"https:\/\/reformat.cz\/en\/#website"},"primaryImageOfPage":{"@id":"https:\/\/reformat.cz\/en\/product\/making-of-photo-album-%e2%86%92-japanese-binding-22-11\/#primaryimage"},"datePublished":"2024-07-23T11:04:55+00:00","dateModified":"2025-10-02T08:48:32+00:00","breadcrumb":{"@id":"https:\/\/reformat.cz\/en\/product\/making-of-photo-album-%e2%86%92-japanese-binding-22-11\/#breadcrumb"},"inLanguage":"en-US","potentialAction":[{"@type":"ReadAction","target":["https:\/\/reformat.cz\/en\/product\/making-of-photo-album-%e2%86%92-japanese-binding-22-11\/"]}]},{"@type":"BreadcrumbList","@id":"https:\/\/reformat.cz\/en\/product\/making-of-photo-album-%e2%86%92-japanese-binding-22-11\/#breadcrumb","itemListElement":[{"@type":"ListItem","position":1,"name":"Dom\u016f","item":"https:\/\/reformat.cz\/en\/"},{"@type":"ListItem","position":2,"name":"Shop","item":"https:\/\/reformat.cz\/en\/shop\/"},{"@type":"ListItem","position":3,"name":"Making of Photo Album \u2192 Japanese Binding 22\/11"}]}]}},"jetpack_publicize_connections":[],"uagb_featured_image_src":{"full":["https:\/\/reformat.cz\/wp-content\/uploads\/2019\/11\/2.png",2044,2044,false],"thumbnail":["https:\/\/reformat.cz\/wp-content\/uploads\/2019\/11\/2-150x150.png",150,150,true],"medium":["https:\/\/reformat.cz\/wp-content\/uploads\/2019\/11\/2-300x300.png",300,300,true],"medium_large":["https:\/\/reformat.cz\/wp-content\/uploads\/2019\/11\/2-768x768.png",768,768,true],"large":["https:\/\/reformat.cz\/wp-content\/uploads\/2019\/11\/2-1024x1024.png",980,980,true],"1536x1536":["https:\/\/reformat.cz\/wp-content\/uploads\/2019\/11\/2.png",1536,1536,false],"2048x2048":["https:\/\/reformat.cz\/wp-content\/uploads\/2019\/11\/2.png",2044,2044,false],"woocommerce_thumbnail":["https:\/\/reformat.cz\/wp-content\/uploads\/2019\/11\/2-324x324.png",324,324,true],"woocommerce_single":["https:\/\/reformat.cz\/wp-content\/uploads\/2019\/11\/2-416x416.png",416,416,true],"woocommerce_gallery_thumbnail":["https:\/\/reformat.cz\/wp-content\/uploads\/2019\/11\/2-100x100.png",100,100,true],"shop_catalog":["https:\/\/reformat.cz\/wp-content\/uploads\/2019\/11\/2-324x324.png",324,324,true],"shop_single":["https:\/\/reformat.cz\/wp-content\/uploads\/2019\/11\/2-416x416.png",416,416,true],"shop_thumbnail":["https:\/\/reformat.cz\/wp-content\/uploads\/2019\/11\/2-100x100.png",100,100,true]},"uagb_author_info":{"display_name":"admin","author_link":"https:\/\/reformat.cz\/en\/author\/"},"uagb_comment_info":0,"uagb_excerpt":"The course is in Czech language. \/\/\/ Some of your sophisticated compositions, as well as snapshots, certainly deserve to be developed! And the developed photos deserve a beautiful photo album. Japanese binding is a traditional elegant form of joining an inner book and can be made even by those who are not very good at&hellip;","jetpack_sharing_enabled":true,"_links":{"self":[{"href":"https:\/\/reformat.cz\/en\/wp-json\/wp\/v2\/product\/13293"}],"collection":[{"href":"https:\/\/reformat.cz\/en\/wp-json\/wp\/v2\/product"}],"about":[{"href":"https:\/\/reformat.cz\/en\/wp-json\/wp\/v2\/types\/product"}],"wp:featuredmedia":[{"embeddable":true,"href":"https:\/\/reformat.cz\/en\/wp-json\/wp\/v2\/media\/9128"}],"wp:attachment":[{"href":"https:\/\/reformat.cz\/en\/wp-json\/wp\/v2\/media?parent=13293"}],"wp:term":[{"taxonomy":"product_cat","embeddable":true,"href":"https:\/\/reformat.cz\/en\/wp-json\/wp\/v2\/product_cat?post=13293"},{"taxonomy":"product_tag","embeddable":true,"href":"https:\/\/reformat.cz\/en\/wp-json\/wp\/v2\/product_tag?post=13293"}],"curies":[{"name":"wp","href":"https:\/\/api.w.org\/{rel}","templated":true}]}}