{"id":11824,"date":"2022-12-20T14:29:44","date_gmt":"2022-12-20T13:29:44","guid":{"rendered":"https:\/\/reformat.cz\/?post_type=product&#038;p=11824"},"modified":"2025-04-11T16:00:22","modified_gmt":"2025-04-11T14:00:22","slug":"a-gift-voucher-electronic-2","status":"publish","type":"product","link":"https:\/\/reformat.cz\/en\/product\/a-gift-voucher-electronic-2\/","title":{"rendered":"A gift voucher \u2013 electronic"},"content":{"rendered":"","protected":false},"excerpt":{"rendered":"<p class=\"\" data-start=\"126\" data-end=\"340\">Electronic gift voucher worth 1000 K\u010d for our products.\u00a0This voucher will be sent to your email within two working days after we receive your payment. You can then simply print it out \u2013 and your gift is ready.<\/p>\n<p class=\"\" data-start=\"342\" data-end=\"402\">The voucher is valid for one year from the date of purchase.<\/p>\n","protected":false},"featured_media":7903,"template":"","meta":{"inline_featured_image":false,"_uag_custom_page_level_css":"","spay_email":""},"product_cat":[142],"product_tag":[],"acf":[],"yoast_head":"<!-- This site is optimized with the Yoast SEO plugin v18.0 - https:\/\/yoast.com\/wordpress\/plugins\/seo\/ -->\n<title>A gift voucher \u2013 electronic - Reform\u00e1t<\/title>\n<meta name=\"robots\" content=\"index, follow, max-snippet:-1, max-image-preview:large, max-video-preview:-1\" \/>\n<link rel=\"canonical\" href=\"https:\/\/reformat.cz\/en\/product\/a-gift-voucher-electronic-2\/\" \/>\n<meta property=\"og:locale\" content=\"en_US\" \/>\n<meta property=\"og:type\" content=\"article\" \/>\n<meta property=\"og:title\" content=\"A gift voucher \u2013 electronic - Reform\u00e1t\" \/>\n<meta property=\"og:description\" content=\"Electronic gift voucher worth 1000 K\u010d for our products.\u00a0This voucher will be sent to your email within two working days after we receive your payment. You can then simply print it out \u2013 and your gift is ready. The voucher is valid for one year from the date of purchase.\" \/>\n<meta property=\"og:url\" content=\"https:\/\/reformat.cz\/en\/product\/a-gift-voucher-electronic-2\/\" \/>\n<meta property=\"og:site_name\" content=\"Reform\u00e1t\" \/>\n<meta property=\"article:publisher\" content=\"https:\/\/www.facebook.com\/reformatpapershop\" \/>\n<meta property=\"article:modified_time\" content=\"2025-04-11T14:00:22+00:00\" \/>\n<meta property=\"og:image\" content=\"https:\/\/reformat.cz\/wp-content\/uploads\/2019\/11\/IMG_1141.jpg\" \/>\n\t<meta property=\"og:image:width\" content=\"2866\" \/>\n\t<meta property=\"og:image:height\" content=\"2866\" \/>\n\t<meta property=\"og:image:type\" content=\"image\/jpeg\" \/>\n<meta name=\"twitter:card\" content=\"summary_large_image\" \/>\n<script type=\"application\/ld+json\" class=\"yoast-schema-graph\">{\"@context\":\"https:\/\/schema.org\",\"@graph\":[{\"@type\":\"WebSite\",\"@id\":\"https:\/\/reformat.cz\/en\/#website\",\"url\":\"https:\/\/reformat.cz\/en\/\",\"name\":\"Reform\u00e1t\",\"description\":\"A\u017e doslou\u017e\u00edm, chci do bloku!\",\"potentialAction\":[{\"@type\":\"SearchAction\",\"target\":{\"@type\":\"EntryPoint\",\"urlTemplate\":\"https:\/\/reformat.cz\/en\/?s={search_term_string}\"},\"query-input\":\"required name=search_term_string\"}],\"inLanguage\":\"en-US\"},{\"@type\":\"ImageObject\",\"@id\":\"https:\/\/reformat.cz\/en\/product\/a-gift-voucher-electronic-2\/#primaryimage\",\"inLanguage\":\"en-US\",\"url\":\"https:\/\/reformat.cz\/wp-content\/uploads\/2019\/11\/IMG_1141.jpg\",\"contentUrl\":\"https:\/\/reformat.cz\/wp-content\/uploads\/2019\/11\/IMG_1141.jpg\",\"width\":2866,\"height\":2866},{\"@type\":\"WebPage\",\"@id\":\"https:\/\/reformat.cz\/en\/product\/a-gift-voucher-electronic-2\/#webpage\",\"url\":\"https:\/\/reformat.cz\/en\/product\/a-gift-voucher-electronic-2\/\",\"name\":\"A gift voucher \u2013 electronic - Reform\u00e1t\",\"isPartOf\":{\"@id\":\"https:\/\/reformat.cz\/en\/#website\"},\"primaryImageOfPage\":{\"@id\":\"https:\/\/reformat.cz\/en\/product\/a-gift-voucher-electronic-2\/#primaryimage\"},\"datePublished\":\"2022-12-20T13:29:44+00:00\",\"dateModified\":\"2025-04-11T14:00:22+00:00\",\"breadcrumb\":{\"@id\":\"https:\/\/reformat.cz\/en\/product\/a-gift-voucher-electronic-2\/#breadcrumb\"},\"inLanguage\":\"en-US\",\"potentialAction\":[{\"@type\":\"ReadAction\",\"target\":[\"https:\/\/reformat.cz\/en\/product\/a-gift-voucher-electronic-2\/\"]}]},{\"@type\":\"BreadcrumbList\",\"@id\":\"https:\/\/reformat.cz\/en\/product\/a-gift-voucher-electronic-2\/#breadcrumb\",\"itemListElement\":[{\"@type\":\"ListItem\",\"position\":1,\"name\":\"Dom\u016f\",\"item\":\"https:\/\/reformat.cz\/en\/\"},{\"@type\":\"ListItem\",\"position\":2,\"name\":\"Shop\",\"item\":\"https:\/\/reformat.cz\/en\/shop\/\"},{\"@type\":\"ListItem\",\"position\":3,\"name\":\"A gift voucher \u2013 electronic\"}]}]}<\/script>\n<!-- \/ Yoast SEO plugin. -->","yoast_head_json":{"title":"A gift voucher \u2013 electronic - Reform\u00e1t","robots":{"index":"index","follow":"follow","max-snippet":"max-snippet:-1","max-image-preview":"max-image-preview:large","max-video-preview":"max-video-preview:-1"},"canonical":"https:\/\/reformat.cz\/en\/product\/a-gift-voucher-electronic-2\/","og_locale":"en_US","og_type":"article","og_title":"A gift voucher \u2013 electronic - Reform\u00e1t","og_description":"Electronic gift voucher worth 1000 K\u010d for our products.\u00a0This voucher will be sent to your email within two working days after we receive your payment. You can then simply print it out \u2013 and your gift is ready. The voucher is valid for one year from the date of purchase.","og_url":"https:\/\/reformat.cz\/en\/product\/a-gift-voucher-electronic-2\/","og_site_name":"Reform\u00e1t","article_publisher":"https:\/\/www.facebook.com\/reformatpapershop","article_modified_time":"2025-04-11T14:00:22+00:00","og_image":[{"width":2866,"height":2866,"url":"https:\/\/reformat.cz\/wp-content\/uploads\/2019\/11\/IMG_1141.jpg","type":"image\/jpeg"}],"twitter_card":"summary_large_image","schema":{"@context":"https:\/\/schema.org","@graph":[{"@type":"WebSite","@id":"https:\/\/reformat.cz\/en\/#website","url":"https:\/\/reformat.cz\/en\/","name":"Reform\u00e1t","description":"A\u017e doslou\u017e\u00edm, chci do bloku!","potentialAction":[{"@type":"SearchAction","target":{"@type":"EntryPoint","urlTemplate":"https:\/\/reformat.cz\/en\/?s={search_term_string}"},"query-input":"required name=search_term_string"}],"inLanguage":"en-US"},{"@type":"ImageObject","@id":"https:\/\/reformat.cz\/en\/product\/a-gift-voucher-electronic-2\/#primaryimage","inLanguage":"en-US","url":"https:\/\/reformat.cz\/wp-content\/uploads\/2019\/11\/IMG_1141.jpg","contentUrl":"https:\/\/reformat.cz\/wp-content\/uploads\/2019\/11\/IMG_1141.jpg","width":2866,"height":2866},{"@type":"WebPage","@id":"https:\/\/reformat.cz\/en\/product\/a-gift-voucher-electronic-2\/#webpage","url":"https:\/\/reformat.cz\/en\/product\/a-gift-voucher-electronic-2\/","name":"A gift voucher \u2013 electronic - Reform\u00e1t","isPartOf":{"@id":"https:\/\/reformat.cz\/en\/#website"},"primaryImageOfPage":{"@id":"https:\/\/reformat.cz\/en\/product\/a-gift-voucher-electronic-2\/#primaryimage"},"datePublished":"2022-12-20T13:29:44+00:00","dateModified":"2025-04-11T14:00:22+00:00","breadcrumb":{"@id":"https:\/\/reformat.cz\/en\/product\/a-gift-voucher-electronic-2\/#breadcrumb"},"inLanguage":"en-US","potentialAction":[{"@type":"ReadAction","target":["https:\/\/reformat.cz\/en\/product\/a-gift-voucher-electronic-2\/"]}]},{"@type":"BreadcrumbList","@id":"https:\/\/reformat.cz\/en\/product\/a-gift-voucher-electronic-2\/#breadcrumb","itemListElement":[{"@type":"ListItem","position":1,"name":"Dom\u016f","item":"https:\/\/reformat.cz\/en\/"},{"@type":"ListItem","position":2,"name":"Shop","item":"https:\/\/reformat.cz\/en\/shop\/"},{"@type":"ListItem","position":3,"name":"A gift voucher \u2013 electronic"}]}]}},"jetpack_publicize_connections":[],"uagb_featured_image_src":{"full":["https:\/\/reformat.cz\/wp-content\/uploads\/2019\/11\/IMG_1141.jpg",2866,2866,false],"thumbnail":["https:\/\/reformat.cz\/wp-content\/uploads\/2019\/11\/IMG_1141-150x150.jpg",150,150,true],"medium":["https:\/\/reformat.cz\/wp-content\/uploads\/2019\/11\/IMG_1141-300x300.jpg",300,300,true],"medium_large":["https:\/\/reformat.cz\/wp-content\/uploads\/2019\/11\/IMG_1141-768x768.jpg",768,768,true],"large":["https:\/\/reformat.cz\/wp-content\/uploads\/2019\/11\/IMG_1141-1024x1024.jpg",980,980,true],"1536x1536":["https:\/\/reformat.cz\/wp-content\/uploads\/2019\/11\/IMG_1141.jpg",1536,1536,false],"2048x2048":["https:\/\/reformat.cz\/wp-content\/uploads\/2019\/11\/IMG_1141.jpg",2048,2048,false],"woocommerce_thumbnail":["https:\/\/reformat.cz\/wp-content\/uploads\/2019\/11\/IMG_1141-324x324.jpg",324,324,true],"woocommerce_single":["https:\/\/reformat.cz\/wp-content\/uploads\/2019\/11\/IMG_1141-416x416.jpg",416,416,true],"woocommerce_gallery_thumbnail":["https:\/\/reformat.cz\/wp-content\/uploads\/2019\/11\/IMG_1141-100x100.jpg",100,100,true],"shop_catalog":["https:\/\/reformat.cz\/wp-content\/uploads\/2019\/11\/IMG_1141-324x324.jpg",324,324,true],"shop_single":["https:\/\/reformat.cz\/wp-content\/uploads\/2019\/11\/IMG_1141-416x416.jpg",416,416,true],"shop_thumbnail":["https:\/\/reformat.cz\/wp-content\/uploads\/2019\/11\/IMG_1141-100x100.jpg",100,100,true]},"uagb_author_info":{"display_name":"Produkce","author_link":"https:\/\/reformat.cz\/en\/author\/"},"uagb_comment_info":0,"uagb_excerpt":"Electronic gift voucher worth 1000 K\u010d for our products.\u00a0This voucher will be sent to your email within two working days after we receive your payment. You can then simply print it out \u2013 and your gift is ready. The voucher is valid for one year from the date of purchase.","jetpack_sharing_enabled":true,"_links":{"self":[{"href":"https:\/\/reformat.cz\/en\/wp-json\/wp\/v2\/product\/11824"}],"collection":[{"href":"https:\/\/reformat.cz\/en\/wp-json\/wp\/v2\/product"}],"about":[{"href":"https:\/\/reformat.cz\/en\/wp-json\/wp\/v2\/types\/product"}],"wp:featuredmedia":[{"embeddable":true,"href":"https:\/\/reformat.cz\/en\/wp-json\/wp\/v2\/media\/7903"}],"wp:attachment":[{"href":"https:\/\/reformat.cz\/en\/wp-json\/wp\/v2\/media?parent=11824"}],"wp:term":[{"taxonomy":"product_cat","embeddable":true,"href":"https:\/\/reformat.cz\/en\/wp-json\/wp\/v2\/product_cat?post=11824"},{"taxonomy":"product_tag","embeddable":true,"href":"https:\/\/reformat.cz\/en\/wp-json\/wp\/v2\/product_tag?post=11824"}],"curies":[{"name":"wp","href":"https:\/\/api.w.org\/{rel}","templated":true}]}}