{"id":11464,"date":"2022-11-17T15:50:06","date_gmt":"2022-11-17T14:50:06","guid":{"rendered":"https:\/\/reformat.cz\/?post_type=product&#038;p=11464"},"modified":"2026-03-17T15:29:41","modified_gmt":"2026-03-17T14:29:41","slug":"wine-notebook-unlined","status":"publish","type":"product","link":"https:\/\/reformat.cz\/en\/product\/wine-notebook-unlined\/","title":{"rendered":"Wine notebook \/ unlined"},"content":{"rendered":"","protected":false},"excerpt":{"rendered":"<p><strong>specifications:<\/strong><\/p>\n<p><u>dimension:<br \/>\n<\/u><span class=\"s1\">148 \u00d7 210 mm (A5)<br \/>\n<\/span><u>number of sheets:<\/u><br \/>\n60<br \/>\n<u>number of pages:<\/u><br \/>\n120<\/p>\n<div style=\"display: flex; align-items: center;\"><strong><img class=\"alignnone wp-image-11174\" src=\"https:\/\/reformat.cz\/wp-content\/uploads\/2021\/10\/vahainfografika-k-produktu_100x100px-1.png\" alt=\"\" width=\"50\" height=\"50\" \/><br \/>\n<\/strong><strong>\u00a0 50 min<\/strong>\u00a0of manual work<\/div>\n<div style=\"display: flex; align-items: center;\"><strong><img class=\"alignnone wp-image-11178\" src=\"https:\/\/reformat.cz\/wp-content\/uploads\/2021\/10\/vahainfografika-k-produktu_100x100px-3.png\" alt=\"\" width=\"50\" height=\"50\" \/><\/strong>\u00a0made from<strong>\u00a00,33 kg of waste<\/strong><\/div>\n<p><strong>description:<\/strong><\/p>\n<p class=\"p2\">The A5 notebook is handmade from more than 95% waste materials \u2013 the cover uses high-weight colored papers (around 240\u2013300g\/m\u00b2), while the inner pages are lighter (around 80\u2013110g\/m\u00b2). The covers with elastic bands hide clean sheets for notes without lines. By stitching two notebooks together, a pocket is created in the middle for all small printed materials (notes, tickets, folded sheets, etc.). The cover is proudly decorated with hot stamping, which we applied by hand in our Prague studio. The author of the illustration is Karla Gondekov\u00e1.<\/p>\n","protected":false},"featured_media":11454,"template":"","meta":{"inline_featured_image":false,"_uag_custom_page_level_css":"","spay_email":""},"product_cat":[222,241,135],"product_tag":[],"acf":[],"yoast_head":"<!-- This site is optimized with the Yoast SEO plugin v18.0 - https:\/\/yoast.com\/wordpress\/plugins\/seo\/ -->\n<title>Wine notebook \/ unlined - Reform\u00e1t<\/title>\n<meta name=\"robots\" content=\"index, follow, max-snippet:-1, max-image-preview:large, max-video-preview:-1\" \/>\n<link rel=\"canonical\" href=\"https:\/\/reformat.cz\/en\/product\/wine-notebook-unlined\/\" \/>\n<meta property=\"og:locale\" content=\"en_US\" \/>\n<meta property=\"og:type\" content=\"article\" \/>\n<meta property=\"og:title\" content=\"Wine notebook \/ unlined - Reform\u00e1t\" \/>\n<meta property=\"og:description\" content=\"specifications:  dimension: 148 \u00d7 210 mm (A5) number of sheets: 60 number of pages: 120  \u00a0 50 min\u00a0of manual work \u00a0made from\u00a00,33 kg of waste description: The A5 notebook is handmade from more than 95% waste materials \u2013 the cover uses high-weight colored papers (around 240\u2013300g\/m\u00b2), while the inner pages are lighter (around 80\u2013110g\/m\u00b2). The covers with elastic bands hide clean sheets for notes without lines. By stitching two notebooks together, a pocket is created in the middle for all small printed materials (notes, tickets, folded sheets, etc.). The cover is proudly decorated with hot stamping, which we applied by hand in our Prague studio. The author of the illustration is Karla Gondekov\u00e1.\" \/>\n<meta property=\"og:url\" content=\"https:\/\/reformat.cz\/en\/product\/wine-notebook-unlined\/\" \/>\n<meta property=\"og:site_name\" content=\"Reform\u00e1t\" \/>\n<meta property=\"article:publisher\" content=\"https:\/\/www.facebook.com\/reformatpapershop\" \/>\n<meta property=\"article:modified_time\" content=\"2026-03-17T14:29:41+00:00\" \/>\n<meta property=\"og:image\" content=\"https:\/\/reformat.cz\/wp-content\/uploads\/2022\/11\/01_zapisnik_2a-scaled.jpg\" \/>\n\t<meta property=\"og:image:width\" content=\"2048\" \/>\n\t<meta property=\"og:image:height\" content=\"2048\" \/>\n\t<meta property=\"og:image:type\" content=\"image\/jpeg\" \/>\n<meta name=\"twitter:card\" content=\"summary_large_image\" \/>\n<script type=\"application\/ld+json\" class=\"yoast-schema-graph\">{\"@context\":\"https:\/\/schema.org\",\"@graph\":[{\"@type\":\"WebSite\",\"@id\":\"https:\/\/reformat.cz\/en\/#website\",\"url\":\"https:\/\/reformat.cz\/en\/\",\"name\":\"Reform\u00e1t\",\"description\":\"A\u017e doslou\u017e\u00edm, chci do bloku!\",\"potentialAction\":[{\"@type\":\"SearchAction\",\"target\":{\"@type\":\"EntryPoint\",\"urlTemplate\":\"https:\/\/reformat.cz\/en\/?s={search_term_string}\"},\"query-input\":\"required name=search_term_string\"}],\"inLanguage\":\"en-US\"},{\"@type\":\"ImageObject\",\"@id\":\"https:\/\/reformat.cz\/en\/product\/wine-notebook-unlined\/#primaryimage\",\"inLanguage\":\"en-US\",\"url\":\"https:\/\/reformat.cz\/wp-content\/uploads\/2022\/11\/01_zapisnik_2a-scaled.jpg\",\"contentUrl\":\"https:\/\/reformat.cz\/wp-content\/uploads\/2022\/11\/01_zapisnik_2a-scaled.jpg\",\"width\":2048,\"height\":2048},{\"@type\":\"WebPage\",\"@id\":\"https:\/\/reformat.cz\/en\/product\/wine-notebook-unlined\/#webpage\",\"url\":\"https:\/\/reformat.cz\/en\/product\/wine-notebook-unlined\/\",\"name\":\"Wine notebook \/ unlined - Reform\u00e1t\",\"isPartOf\":{\"@id\":\"https:\/\/reformat.cz\/en\/#website\"},\"primaryImageOfPage\":{\"@id\":\"https:\/\/reformat.cz\/en\/product\/wine-notebook-unlined\/#primaryimage\"},\"datePublished\":\"2022-11-17T14:50:06+00:00\",\"dateModified\":\"2026-03-17T14:29:41+00:00\",\"breadcrumb\":{\"@id\":\"https:\/\/reformat.cz\/en\/product\/wine-notebook-unlined\/#breadcrumb\"},\"inLanguage\":\"en-US\",\"potentialAction\":[{\"@type\":\"ReadAction\",\"target\":[\"https:\/\/reformat.cz\/en\/product\/wine-notebook-unlined\/\"]}]},{\"@type\":\"BreadcrumbList\",\"@id\":\"https:\/\/reformat.cz\/en\/product\/wine-notebook-unlined\/#breadcrumb\",\"itemListElement\":[{\"@type\":\"ListItem\",\"position\":1,\"name\":\"Dom\u016f\",\"item\":\"https:\/\/reformat.cz\/en\/\"},{\"@type\":\"ListItem\",\"position\":2,\"name\":\"Shop\",\"item\":\"https:\/\/reformat.cz\/en\/shop\/\"},{\"@type\":\"ListItem\",\"position\":3,\"name\":\"Wine notebook \/ unlined\"}]}]}<\/script>\n<!-- \/ Yoast SEO plugin. -->","yoast_head_json":{"title":"Wine notebook \/ unlined - Reform\u00e1t","robots":{"index":"index","follow":"follow","max-snippet":"max-snippet:-1","max-image-preview":"max-image-preview:large","max-video-preview":"max-video-preview:-1"},"canonical":"https:\/\/reformat.cz\/en\/product\/wine-notebook-unlined\/","og_locale":"en_US","og_type":"article","og_title":"Wine notebook \/ unlined - Reform\u00e1t","og_description":"specifications:  dimension: 148 \u00d7 210 mm (A5) number of sheets: 60 number of pages: 120  \u00a0 50 min\u00a0of manual work \u00a0made from\u00a00,33 kg of waste description: The A5 notebook is handmade from more than 95% waste materials \u2013 the cover uses high-weight colored papers (around 240\u2013300g\/m\u00b2), while the inner pages are lighter (around 80\u2013110g\/m\u00b2). The covers with elastic bands hide clean sheets for notes without lines. By stitching two notebooks together, a pocket is created in the middle for all small printed materials (notes, tickets, folded sheets, etc.). The cover is proudly decorated with hot stamping, which we applied by hand in our Prague studio. The author of the illustration is Karla Gondekov\u00e1.","og_url":"https:\/\/reformat.cz\/en\/product\/wine-notebook-unlined\/","og_site_name":"Reform\u00e1t","article_publisher":"https:\/\/www.facebook.com\/reformatpapershop","article_modified_time":"2026-03-17T14:29:41+00:00","og_image":[{"width":2048,"height":2048,"url":"https:\/\/reformat.cz\/wp-content\/uploads\/2022\/11\/01_zapisnik_2a-scaled.jpg","type":"image\/jpeg"}],"twitter_card":"summary_large_image","schema":{"@context":"https:\/\/schema.org","@graph":[{"@type":"WebSite","@id":"https:\/\/reformat.cz\/en\/#website","url":"https:\/\/reformat.cz\/en\/","name":"Reform\u00e1t","description":"A\u017e doslou\u017e\u00edm, chci do bloku!","potentialAction":[{"@type":"SearchAction","target":{"@type":"EntryPoint","urlTemplate":"https:\/\/reformat.cz\/en\/?s={search_term_string}"},"query-input":"required name=search_term_string"}],"inLanguage":"en-US"},{"@type":"ImageObject","@id":"https:\/\/reformat.cz\/en\/product\/wine-notebook-unlined\/#primaryimage","inLanguage":"en-US","url":"https:\/\/reformat.cz\/wp-content\/uploads\/2022\/11\/01_zapisnik_2a-scaled.jpg","contentUrl":"https:\/\/reformat.cz\/wp-content\/uploads\/2022\/11\/01_zapisnik_2a-scaled.jpg","width":2048,"height":2048},{"@type":"WebPage","@id":"https:\/\/reformat.cz\/en\/product\/wine-notebook-unlined\/#webpage","url":"https:\/\/reformat.cz\/en\/product\/wine-notebook-unlined\/","name":"Wine notebook \/ unlined - Reform\u00e1t","isPartOf":{"@id":"https:\/\/reformat.cz\/en\/#website"},"primaryImageOfPage":{"@id":"https:\/\/reformat.cz\/en\/product\/wine-notebook-unlined\/#primaryimage"},"datePublished":"2022-11-17T14:50:06+00:00","dateModified":"2026-03-17T14:29:41+00:00","breadcrumb":{"@id":"https:\/\/reformat.cz\/en\/product\/wine-notebook-unlined\/#breadcrumb"},"inLanguage":"en-US","potentialAction":[{"@type":"ReadAction","target":["https:\/\/reformat.cz\/en\/product\/wine-notebook-unlined\/"]}]},{"@type":"BreadcrumbList","@id":"https:\/\/reformat.cz\/en\/product\/wine-notebook-unlined\/#breadcrumb","itemListElement":[{"@type":"ListItem","position":1,"name":"Dom\u016f","item":"https:\/\/reformat.cz\/en\/"},{"@type":"ListItem","position":2,"name":"Shop","item":"https:\/\/reformat.cz\/en\/shop\/"},{"@type":"ListItem","position":3,"name":"Wine notebook \/ unlined"}]}]}},"jetpack_publicize_connections":[],"uagb_featured_image_src":{"full":["https:\/\/reformat.cz\/wp-content\/uploads\/2022\/11\/01_zapisnik_2a-scaled.jpg",2048,2048,false],"thumbnail":["https:\/\/reformat.cz\/wp-content\/uploads\/2022\/11\/01_zapisnik_2a-150x150.jpg",150,150,true],"medium":["https:\/\/reformat.cz\/wp-content\/uploads\/2022\/11\/01_zapisnik_2a-300x300.jpg",300,300,true],"medium_large":["https:\/\/reformat.cz\/wp-content\/uploads\/2022\/11\/01_zapisnik_2a-768x768.jpg",768,768,true],"large":["https:\/\/reformat.cz\/wp-content\/uploads\/2022\/11\/01_zapisnik_2a-1024x1024.jpg",980,980,true],"1536x1536":["https:\/\/reformat.cz\/wp-content\/uploads\/2022\/11\/01_zapisnik_2a-1536x1536.jpg",1536,1536,true],"2048x2048":["https:\/\/reformat.cz\/wp-content\/uploads\/2022\/11\/01_zapisnik_2a-2048x2048.jpg",2048,2048,true],"woocommerce_thumbnail":["https:\/\/reformat.cz\/wp-content\/uploads\/2022\/11\/01_zapisnik_2a-324x324.jpg",324,324,true],"woocommerce_single":["https:\/\/reformat.cz\/wp-content\/uploads\/2022\/11\/01_zapisnik_2a-416x416.jpg",416,416,true],"woocommerce_gallery_thumbnail":["https:\/\/reformat.cz\/wp-content\/uploads\/2022\/11\/01_zapisnik_2a-100x100.jpg",100,100,true],"shop_catalog":["https:\/\/reformat.cz\/wp-content\/uploads\/2022\/11\/01_zapisnik_2a-324x324.jpg",324,324,true],"shop_single":["https:\/\/reformat.cz\/wp-content\/uploads\/2022\/11\/01_zapisnik_2a-416x416.jpg",416,416,true],"shop_thumbnail":["https:\/\/reformat.cz\/wp-content\/uploads\/2022\/11\/01_zapisnik_2a-100x100.jpg",100,100,true]},"uagb_author_info":{"display_name":"admin","author_link":"https:\/\/reformat.cz\/en\/author\/"},"uagb_comment_info":0,"uagb_excerpt":"specifications: dimension: 148 \u00d7 210 mm (A5) number of sheets: 60 number of pages: 120 \u00a0 50 min\u00a0of manual work \u00a0made from\u00a00,33 kg of waste description: The A5 notebook is handmade from more than 95% waste materials \u2013 the cover uses high-weight colored papers (around 240\u2013300g\/m\u00b2), while the inner pages are lighter (around 80\u2013110g\/m\u00b2). The&hellip;","jetpack_sharing_enabled":true,"_links":{"self":[{"href":"https:\/\/reformat.cz\/en\/wp-json\/wp\/v2\/product\/11464"}],"collection":[{"href":"https:\/\/reformat.cz\/en\/wp-json\/wp\/v2\/product"}],"about":[{"href":"https:\/\/reformat.cz\/en\/wp-json\/wp\/v2\/types\/product"}],"wp:featuredmedia":[{"embeddable":true,"href":"https:\/\/reformat.cz\/en\/wp-json\/wp\/v2\/media\/11454"}],"wp:attachment":[{"href":"https:\/\/reformat.cz\/en\/wp-json\/wp\/v2\/media?parent=11464"}],"wp:term":[{"taxonomy":"product_cat","embeddable":true,"href":"https:\/\/reformat.cz\/en\/wp-json\/wp\/v2\/product_cat?post=11464"},{"taxonomy":"product_tag","embeddable":true,"href":"https:\/\/reformat.cz\/en\/wp-json\/wp\/v2\/product_tag?post=11464"}],"curies":[{"name":"wp","href":"https:\/\/api.w.org\/{rel}","templated":true}]}}