{"id":10817,"date":"2020-09-15T17:06:38","date_gmt":"2020-09-15T15:06:38","guid":{"rendered":"https:\/\/reformat.cz\/produkt\/food-bag-fruit-illustration\/"},"modified":"2025-04-22T17:08:47","modified_gmt":"2025-04-22T15:08:47","slug":"food-bag-fruit-illustration","status":"publish","type":"product","link":"https:\/\/reformat.cz\/en\/product\/food-bag-fruit-illustration\/","title":{"rendered":"Food bag \/ fruit illustration"},"content":{"rendered":"","protected":false},"excerpt":{"rendered":"<p><strong>specifications:<\/strong><\/p>\n<p><u>dimensions:<\/u><br \/>\n210 \u00d7 290 mm<\/p>\n<p><u>material:<\/u><br \/>\nFood-Contact Tyvek\u00ae, polyester thread, cotton cord<\/p>\n<p><strong>description:<\/strong><\/p>\n<p>The bag is made of Tyvek\u00ae, a synthetic non-woven fabric that is lightweight, non-stretchable and resistant to water, abrasion, hazardous chemicals and viruses. This type is also certified for direct food contact, as are the dyes used for printing. The fruit motif was designed by illustrator Karla Gondekov\u00e1. The bag can be washed and laundered (at 30\u00baC), it serves as a long-term alternative to HDPE bags for buying, carrying and storing food.<\/p>\n<p>&nbsp;<\/p>\n","protected":false},"featured_media":8720,"template":"","meta":{"inline_featured_image":false,"_uag_custom_page_level_css":"","spay_email":""},"product_cat":[165],"product_tag":[],"acf":[],"yoast_head":"<!-- This site is optimized with the Yoast SEO plugin v18.0 - https:\/\/yoast.com\/wordpress\/plugins\/seo\/ -->\n<title>Food bag \/ fruit illustration - Reform\u00e1t<\/title>\n<meta name=\"robots\" content=\"index, follow, max-snippet:-1, max-image-preview:large, max-video-preview:-1\" \/>\n<link rel=\"canonical\" href=\"https:\/\/reformat.cz\/en\/product\/food-bag-fruit-illustration\/\" \/>\n<meta property=\"og:locale\" content=\"en_US\" \/>\n<meta property=\"og:type\" content=\"article\" \/>\n<meta property=\"og:title\" content=\"Food bag \/ fruit illustration - Reform\u00e1t\" \/>\n<meta property=\"og:description\" content=\"specifications:  dimensions: 210 \u00d7 290 mm  material: Food-Contact Tyvek\u00ae, polyester thread, cotton cord  description:  The bag is made of Tyvek\u00ae, a synthetic non-woven fabric that is lightweight, non-stretchable and resistant to water, abrasion, hazardous chemicals and viruses. This type is also certified for direct food contact, as are the dyes used for printing. The fruit motif was designed by illustrator Karla Gondekov\u00e1. The bag can be washed and laundered (at 30\u00baC), it serves as a long-term alternative to HDPE bags for buying, carrying and storing food.  &nbsp;\" \/>\n<meta property=\"og:url\" content=\"https:\/\/reformat.cz\/en\/product\/food-bag-fruit-illustration\/\" \/>\n<meta property=\"og:site_name\" content=\"Reform\u00e1t\" \/>\n<meta property=\"article:publisher\" content=\"https:\/\/www.facebook.com\/reformatpapershop\" \/>\n<meta property=\"article:modified_time\" content=\"2025-04-22T15:08:47+00:00\" \/>\n<meta property=\"og:image\" content=\"https:\/\/reformat.cz\/wp-content\/uploads\/2020\/09\/b_0014_ref_a-24.jpg\" \/>\n\t<meta property=\"og:image:width\" content=\"3500\" \/>\n\t<meta property=\"og:image:height\" content=\"3500\" \/>\n\t<meta property=\"og:image:type\" content=\"image\/jpeg\" \/>\n<meta name=\"twitter:card\" content=\"summary_large_image\" \/>\n<script type=\"application\/ld+json\" class=\"yoast-schema-graph\">{\"@context\":\"https:\/\/schema.org\",\"@graph\":[{\"@type\":\"WebSite\",\"@id\":\"https:\/\/reformat.cz\/en\/#website\",\"url\":\"https:\/\/reformat.cz\/en\/\",\"name\":\"Reform\u00e1t\",\"description\":\"A\u017e doslou\u017e\u00edm, chci do bloku!\",\"potentialAction\":[{\"@type\":\"SearchAction\",\"target\":{\"@type\":\"EntryPoint\",\"urlTemplate\":\"https:\/\/reformat.cz\/en\/?s={search_term_string}\"},\"query-input\":\"required name=search_term_string\"}],\"inLanguage\":\"en-US\"},{\"@type\":\"ImageObject\",\"@id\":\"https:\/\/reformat.cz\/en\/product\/food-bag-fruit-illustration\/#primaryimage\",\"inLanguage\":\"en-US\",\"url\":\"https:\/\/reformat.cz\/wp-content\/uploads\/2020\/09\/b_0014_ref_a-24.jpg\",\"contentUrl\":\"https:\/\/reformat.cz\/wp-content\/uploads\/2020\/09\/b_0014_ref_a-24.jpg\",\"width\":3500,\"height\":3500},{\"@type\":\"WebPage\",\"@id\":\"https:\/\/reformat.cz\/en\/product\/food-bag-fruit-illustration\/#webpage\",\"url\":\"https:\/\/reformat.cz\/en\/product\/food-bag-fruit-illustration\/\",\"name\":\"Food bag \/ fruit illustration - Reform\u00e1t\",\"isPartOf\":{\"@id\":\"https:\/\/reformat.cz\/en\/#website\"},\"primaryImageOfPage\":{\"@id\":\"https:\/\/reformat.cz\/en\/product\/food-bag-fruit-illustration\/#primaryimage\"},\"datePublished\":\"2020-09-15T15:06:38+00:00\",\"dateModified\":\"2025-04-22T15:08:47+00:00\",\"breadcrumb\":{\"@id\":\"https:\/\/reformat.cz\/en\/product\/food-bag-fruit-illustration\/#breadcrumb\"},\"inLanguage\":\"en-US\",\"potentialAction\":[{\"@type\":\"ReadAction\",\"target\":[\"https:\/\/reformat.cz\/en\/product\/food-bag-fruit-illustration\/\"]}]},{\"@type\":\"BreadcrumbList\",\"@id\":\"https:\/\/reformat.cz\/en\/product\/food-bag-fruit-illustration\/#breadcrumb\",\"itemListElement\":[{\"@type\":\"ListItem\",\"position\":1,\"name\":\"Dom\u016f\",\"item\":\"https:\/\/reformat.cz\/en\/\"},{\"@type\":\"ListItem\",\"position\":2,\"name\":\"Shop\",\"item\":\"https:\/\/reformat.cz\/en\/shop\/\"},{\"@type\":\"ListItem\",\"position\":3,\"name\":\"Food bag \/ fruit illustration\"}]}]}<\/script>\n<!-- \/ Yoast SEO plugin. -->","yoast_head_json":{"title":"Food bag \/ fruit illustration - Reform\u00e1t","robots":{"index":"index","follow":"follow","max-snippet":"max-snippet:-1","max-image-preview":"max-image-preview:large","max-video-preview":"max-video-preview:-1"},"canonical":"https:\/\/reformat.cz\/en\/product\/food-bag-fruit-illustration\/","og_locale":"en_US","og_type":"article","og_title":"Food bag \/ fruit illustration - Reform\u00e1t","og_description":"specifications:  dimensions: 210 \u00d7 290 mm  material: Food-Contact Tyvek\u00ae, polyester thread, cotton cord  description:  The bag is made of Tyvek\u00ae, a synthetic non-woven fabric that is lightweight, non-stretchable and resistant to water, abrasion, hazardous chemicals and viruses. This type is also certified for direct food contact, as are the dyes used for printing. The fruit motif was designed by illustrator Karla Gondekov\u00e1. The bag can be washed and laundered (at 30\u00baC), it serves as a long-term alternative to HDPE bags for buying, carrying and storing food.  &nbsp;","og_url":"https:\/\/reformat.cz\/en\/product\/food-bag-fruit-illustration\/","og_site_name":"Reform\u00e1t","article_publisher":"https:\/\/www.facebook.com\/reformatpapershop","article_modified_time":"2025-04-22T15:08:47+00:00","og_image":[{"width":3500,"height":3500,"url":"https:\/\/reformat.cz\/wp-content\/uploads\/2020\/09\/b_0014_ref_a-24.jpg","type":"image\/jpeg"}],"twitter_card":"summary_large_image","schema":{"@context":"https:\/\/schema.org","@graph":[{"@type":"WebSite","@id":"https:\/\/reformat.cz\/en\/#website","url":"https:\/\/reformat.cz\/en\/","name":"Reform\u00e1t","description":"A\u017e doslou\u017e\u00edm, chci do bloku!","potentialAction":[{"@type":"SearchAction","target":{"@type":"EntryPoint","urlTemplate":"https:\/\/reformat.cz\/en\/?s={search_term_string}"},"query-input":"required name=search_term_string"}],"inLanguage":"en-US"},{"@type":"ImageObject","@id":"https:\/\/reformat.cz\/en\/product\/food-bag-fruit-illustration\/#primaryimage","inLanguage":"en-US","url":"https:\/\/reformat.cz\/wp-content\/uploads\/2020\/09\/b_0014_ref_a-24.jpg","contentUrl":"https:\/\/reformat.cz\/wp-content\/uploads\/2020\/09\/b_0014_ref_a-24.jpg","width":3500,"height":3500},{"@type":"WebPage","@id":"https:\/\/reformat.cz\/en\/product\/food-bag-fruit-illustration\/#webpage","url":"https:\/\/reformat.cz\/en\/product\/food-bag-fruit-illustration\/","name":"Food bag \/ fruit illustration - Reform\u00e1t","isPartOf":{"@id":"https:\/\/reformat.cz\/en\/#website"},"primaryImageOfPage":{"@id":"https:\/\/reformat.cz\/en\/product\/food-bag-fruit-illustration\/#primaryimage"},"datePublished":"2020-09-15T15:06:38+00:00","dateModified":"2025-04-22T15:08:47+00:00","breadcrumb":{"@id":"https:\/\/reformat.cz\/en\/product\/food-bag-fruit-illustration\/#breadcrumb"},"inLanguage":"en-US","potentialAction":[{"@type":"ReadAction","target":["https:\/\/reformat.cz\/en\/product\/food-bag-fruit-illustration\/"]}]},{"@type":"BreadcrumbList","@id":"https:\/\/reformat.cz\/en\/product\/food-bag-fruit-illustration\/#breadcrumb","itemListElement":[{"@type":"ListItem","position":1,"name":"Dom\u016f","item":"https:\/\/reformat.cz\/en\/"},{"@type":"ListItem","position":2,"name":"Shop","item":"https:\/\/reformat.cz\/en\/shop\/"},{"@type":"ListItem","position":3,"name":"Food bag \/ fruit illustration"}]}]}},"jetpack_publicize_connections":[],"uagb_featured_image_src":{"full":["https:\/\/reformat.cz\/wp-content\/uploads\/2020\/09\/b_0014_ref_a-24.jpg",3500,3500,false],"thumbnail":["https:\/\/reformat.cz\/wp-content\/uploads\/2020\/09\/b_0014_ref_a-24-150x150.jpg",150,150,true],"medium":["https:\/\/reformat.cz\/wp-content\/uploads\/2020\/09\/b_0014_ref_a-24-300x300.jpg",300,300,true],"medium_large":["https:\/\/reformat.cz\/wp-content\/uploads\/2020\/09\/b_0014_ref_a-24-768x768.jpg",768,768,true],"large":["https:\/\/reformat.cz\/wp-content\/uploads\/2020\/09\/b_0014_ref_a-24-1024x1024.jpg",980,980,true],"1536x1536":["https:\/\/reformat.cz\/wp-content\/uploads\/2020\/09\/b_0014_ref_a-24.jpg",1536,1536,false],"2048x2048":["https:\/\/reformat.cz\/wp-content\/uploads\/2020\/09\/b_0014_ref_a-24.jpg",2048,2048,false],"woocommerce_thumbnail":["https:\/\/reformat.cz\/wp-content\/uploads\/2020\/09\/b_0014_ref_a-24-324x324.jpg",324,324,true],"woocommerce_single":["https:\/\/reformat.cz\/wp-content\/uploads\/2020\/09\/b_0014_ref_a-24-416x416.jpg",416,416,true],"woocommerce_gallery_thumbnail":["https:\/\/reformat.cz\/wp-content\/uploads\/2020\/09\/b_0014_ref_a-24-100x100.jpg",100,100,true],"shop_catalog":["https:\/\/reformat.cz\/wp-content\/uploads\/2020\/09\/b_0014_ref_a-24-324x324.jpg",324,324,true],"shop_single":["https:\/\/reformat.cz\/wp-content\/uploads\/2020\/09\/b_0014_ref_a-24-416x416.jpg",416,416,true],"shop_thumbnail":["https:\/\/reformat.cz\/wp-content\/uploads\/2020\/09\/b_0014_ref_a-24-100x100.jpg",100,100,true]},"uagb_author_info":{"display_name":"Produkce","author_link":"https:\/\/reformat.cz\/en\/author\/"},"uagb_comment_info":0,"uagb_excerpt":"specifications: dimensions: 210 \u00d7 290 mm material: Food-Contact Tyvek\u00ae, polyester thread, cotton cord description: The bag is made of Tyvek\u00ae, a synthetic non-woven fabric that is lightweight, non-stretchable and resistant to water, abrasion, hazardous chemicals and viruses. This type is also certified for direct food contact, as are the dyes used for printing. The fruit&hellip;","jetpack_sharing_enabled":true,"_links":{"self":[{"href":"https:\/\/reformat.cz\/en\/wp-json\/wp\/v2\/product\/10817"}],"collection":[{"href":"https:\/\/reformat.cz\/en\/wp-json\/wp\/v2\/product"}],"about":[{"href":"https:\/\/reformat.cz\/en\/wp-json\/wp\/v2\/types\/product"}],"wp:featuredmedia":[{"embeddable":true,"href":"https:\/\/reformat.cz\/en\/wp-json\/wp\/v2\/media\/8720"}],"wp:attachment":[{"href":"https:\/\/reformat.cz\/en\/wp-json\/wp\/v2\/media?parent=10817"}],"wp:term":[{"taxonomy":"product_cat","embeddable":true,"href":"https:\/\/reformat.cz\/en\/wp-json\/wp\/v2\/product_cat?post=10817"},{"taxonomy":"product_tag","embeddable":true,"href":"https:\/\/reformat.cz\/en\/wp-json\/wp\/v2\/product_tag?post=10817"}],"curies":[{"name":"wp","href":"https:\/\/api.w.org\/{rel}","templated":true}]}}