{"id":10787,"date":"2020-06-23T17:05:47","date_gmt":"2020-06-23T15:05:47","guid":{"rendered":"https:\/\/reformat.cz\/produkt\/paper-basket-l-illustration\/"},"modified":"2025-04-12T16:23:22","modified_gmt":"2025-04-12T14:23:22","slug":"paper-basket-l-illustration-black","status":"publish","type":"product","link":"https:\/\/reformat.cz\/en\/product\/paper-basket-l-illustration-black\/","title":{"rendered":"Paper basket \/ L (illustration) black"},"content":{"rendered":"","protected":false},"excerpt":{"rendered":"<p><strong>specifications:<\/strong><\/p>\n<p><u>dimensions:<\/u><br \/>\n470 \u00d7 440 mm<\/p>\n<p><u>material:<\/u><br \/>\nthree-layer upcycled paper, polyester thread, neodymium magnet (NdFeB)<\/p>\n<p><strong>description:<\/strong><\/p>\n<p>Product made from food waste bags, the minimum waste material content is 98%. The product is a suitable alternative for packaging-free storage of dry foods (vegetables, fruit, bakery products, legumes, rice, flour, tea, herbs, etc.), toys and more.<\/p>\n<p>You can use our 55\/30 L waste bag for this waste basket.<\/p>\n","protected":false},"featured_media":8551,"template":"","meta":{"inline_featured_image":false,"_uag_custom_page_level_css":"","spay_email":""},"product_cat":[162,161],"product_tag":[],"acf":[],"yoast_head":"<!-- This site is optimized with the Yoast SEO plugin v18.0 - https:\/\/yoast.com\/wordpress\/plugins\/seo\/ -->\n<title>Paper basket \/ L (illustration) black - Reform\u00e1t<\/title>\n<meta name=\"robots\" content=\"index, follow, max-snippet:-1, max-image-preview:large, max-video-preview:-1\" \/>\n<link rel=\"canonical\" href=\"https:\/\/reformat.cz\/en\/product\/paper-basket-l-illustration-black\/\" \/>\n<meta property=\"og:locale\" content=\"en_US\" \/>\n<meta property=\"og:type\" content=\"article\" \/>\n<meta property=\"og:title\" content=\"Paper basket \/ L (illustration) black - Reform\u00e1t\" \/>\n<meta property=\"og:description\" content=\"specifications:  dimensions: 470 \u00d7 440 mm  material: three-layer upcycled paper, polyester thread, neodymium magnet (NdFeB)  description:  Product made from food waste bags, the minimum waste material content is 98%. The product is a suitable alternative for packaging-free storage of dry foods (vegetables, fruit, bakery products, legumes, rice, flour, tea, herbs, etc.), toys and more.  You can use our 55\/30 L waste bag for this waste basket.\" \/>\n<meta property=\"og:url\" content=\"https:\/\/reformat.cz\/en\/product\/paper-basket-l-illustration-black\/\" \/>\n<meta property=\"og:site_name\" content=\"Reform\u00e1t\" \/>\n<meta property=\"article:publisher\" content=\"https:\/\/www.facebook.com\/reformatpapershop\" \/>\n<meta property=\"article:modified_time\" content=\"2025-04-12T14:23:22+00:00\" \/>\n<meta property=\"og:image\" content=\"https:\/\/reformat.cz\/wp-content\/uploads\/2020\/06\/0011_31.jpg\" \/>\n\t<meta property=\"og:image:width\" content=\"3500\" \/>\n\t<meta property=\"og:image:height\" content=\"3500\" \/>\n\t<meta property=\"og:image:type\" content=\"image\/jpeg\" \/>\n<meta name=\"twitter:card\" content=\"summary_large_image\" \/>\n<script type=\"application\/ld+json\" class=\"yoast-schema-graph\">{\"@context\":\"https:\/\/schema.org\",\"@graph\":[{\"@type\":\"WebSite\",\"@id\":\"https:\/\/reformat.cz\/en\/#website\",\"url\":\"https:\/\/reformat.cz\/en\/\",\"name\":\"Reform\u00e1t\",\"description\":\"A\u017e doslou\u017e\u00edm, chci do bloku!\",\"potentialAction\":[{\"@type\":\"SearchAction\",\"target\":{\"@type\":\"EntryPoint\",\"urlTemplate\":\"https:\/\/reformat.cz\/en\/?s={search_term_string}\"},\"query-input\":\"required name=search_term_string\"}],\"inLanguage\":\"en-US\"},{\"@type\":\"ImageObject\",\"@id\":\"https:\/\/reformat.cz\/en\/product\/paper-basket-l-illustration-black\/#primaryimage\",\"inLanguage\":\"en-US\",\"url\":\"https:\/\/reformat.cz\/wp-content\/uploads\/2020\/06\/0011_31.jpg\",\"contentUrl\":\"https:\/\/reformat.cz\/wp-content\/uploads\/2020\/06\/0011_31.jpg\",\"width\":3500,\"height\":3500},{\"@type\":\"WebPage\",\"@id\":\"https:\/\/reformat.cz\/en\/product\/paper-basket-l-illustration-black\/#webpage\",\"url\":\"https:\/\/reformat.cz\/en\/product\/paper-basket-l-illustration-black\/\",\"name\":\"Paper basket \/ L (illustration) black - Reform\u00e1t\",\"isPartOf\":{\"@id\":\"https:\/\/reformat.cz\/en\/#website\"},\"primaryImageOfPage\":{\"@id\":\"https:\/\/reformat.cz\/en\/product\/paper-basket-l-illustration-black\/#primaryimage\"},\"datePublished\":\"2020-06-23T15:05:47+00:00\",\"dateModified\":\"2025-04-12T14:23:22+00:00\",\"breadcrumb\":{\"@id\":\"https:\/\/reformat.cz\/en\/product\/paper-basket-l-illustration-black\/#breadcrumb\"},\"inLanguage\":\"en-US\",\"potentialAction\":[{\"@type\":\"ReadAction\",\"target\":[\"https:\/\/reformat.cz\/en\/product\/paper-basket-l-illustration-black\/\"]}]},{\"@type\":\"BreadcrumbList\",\"@id\":\"https:\/\/reformat.cz\/en\/product\/paper-basket-l-illustration-black\/#breadcrumb\",\"itemListElement\":[{\"@type\":\"ListItem\",\"position\":1,\"name\":\"Dom\u016f\",\"item\":\"https:\/\/reformat.cz\/en\/\"},{\"@type\":\"ListItem\",\"position\":2,\"name\":\"Shop\",\"item\":\"https:\/\/reformat.cz\/en\/shop\/\"},{\"@type\":\"ListItem\",\"position\":3,\"name\":\"Paper basket \/ L (illustration) black\"}]}]}<\/script>\n<!-- \/ Yoast SEO plugin. -->","yoast_head_json":{"title":"Paper basket \/ L (illustration) black - Reform\u00e1t","robots":{"index":"index","follow":"follow","max-snippet":"max-snippet:-1","max-image-preview":"max-image-preview:large","max-video-preview":"max-video-preview:-1"},"canonical":"https:\/\/reformat.cz\/en\/product\/paper-basket-l-illustration-black\/","og_locale":"en_US","og_type":"article","og_title":"Paper basket \/ L (illustration) black - Reform\u00e1t","og_description":"specifications:  dimensions: 470 \u00d7 440 mm  material: three-layer upcycled paper, polyester thread, neodymium magnet (NdFeB)  description:  Product made from food waste bags, the minimum waste material content is 98%. The product is a suitable alternative for packaging-free storage of dry foods (vegetables, fruit, bakery products, legumes, rice, flour, tea, herbs, etc.), toys and more.  You can use our 55\/30 L waste bag for this waste basket.","og_url":"https:\/\/reformat.cz\/en\/product\/paper-basket-l-illustration-black\/","og_site_name":"Reform\u00e1t","article_publisher":"https:\/\/www.facebook.com\/reformatpapershop","article_modified_time":"2025-04-12T14:23:22+00:00","og_image":[{"width":3500,"height":3500,"url":"https:\/\/reformat.cz\/wp-content\/uploads\/2020\/06\/0011_31.jpg","type":"image\/jpeg"}],"twitter_card":"summary_large_image","schema":{"@context":"https:\/\/schema.org","@graph":[{"@type":"WebSite","@id":"https:\/\/reformat.cz\/en\/#website","url":"https:\/\/reformat.cz\/en\/","name":"Reform\u00e1t","description":"A\u017e doslou\u017e\u00edm, chci do bloku!","potentialAction":[{"@type":"SearchAction","target":{"@type":"EntryPoint","urlTemplate":"https:\/\/reformat.cz\/en\/?s={search_term_string}"},"query-input":"required name=search_term_string"}],"inLanguage":"en-US"},{"@type":"ImageObject","@id":"https:\/\/reformat.cz\/en\/product\/paper-basket-l-illustration-black\/#primaryimage","inLanguage":"en-US","url":"https:\/\/reformat.cz\/wp-content\/uploads\/2020\/06\/0011_31.jpg","contentUrl":"https:\/\/reformat.cz\/wp-content\/uploads\/2020\/06\/0011_31.jpg","width":3500,"height":3500},{"@type":"WebPage","@id":"https:\/\/reformat.cz\/en\/product\/paper-basket-l-illustration-black\/#webpage","url":"https:\/\/reformat.cz\/en\/product\/paper-basket-l-illustration-black\/","name":"Paper basket \/ L (illustration) black - Reform\u00e1t","isPartOf":{"@id":"https:\/\/reformat.cz\/en\/#website"},"primaryImageOfPage":{"@id":"https:\/\/reformat.cz\/en\/product\/paper-basket-l-illustration-black\/#primaryimage"},"datePublished":"2020-06-23T15:05:47+00:00","dateModified":"2025-04-12T14:23:22+00:00","breadcrumb":{"@id":"https:\/\/reformat.cz\/en\/product\/paper-basket-l-illustration-black\/#breadcrumb"},"inLanguage":"en-US","potentialAction":[{"@type":"ReadAction","target":["https:\/\/reformat.cz\/en\/product\/paper-basket-l-illustration-black\/"]}]},{"@type":"BreadcrumbList","@id":"https:\/\/reformat.cz\/en\/product\/paper-basket-l-illustration-black\/#breadcrumb","itemListElement":[{"@type":"ListItem","position":1,"name":"Dom\u016f","item":"https:\/\/reformat.cz\/en\/"},{"@type":"ListItem","position":2,"name":"Shop","item":"https:\/\/reformat.cz\/en\/shop\/"},{"@type":"ListItem","position":3,"name":"Paper basket \/ L (illustration) black"}]}]}},"jetpack_publicize_connections":[],"uagb_featured_image_src":{"full":["https:\/\/reformat.cz\/wp-content\/uploads\/2020\/06\/0011_31.jpg",3500,3500,false],"thumbnail":["https:\/\/reformat.cz\/wp-content\/uploads\/2020\/06\/0011_31-150x150.jpg",150,150,true],"medium":["https:\/\/reformat.cz\/wp-content\/uploads\/2020\/06\/0011_31-300x300.jpg",300,300,true],"medium_large":["https:\/\/reformat.cz\/wp-content\/uploads\/2020\/06\/0011_31-768x768.jpg",768,768,true],"large":["https:\/\/reformat.cz\/wp-content\/uploads\/2020\/06\/0011_31-1024x1024.jpg",980,980,true],"1536x1536":["https:\/\/reformat.cz\/wp-content\/uploads\/2020\/06\/0011_31.jpg",1536,1536,false],"2048x2048":["https:\/\/reformat.cz\/wp-content\/uploads\/2020\/06\/0011_31.jpg",2048,2048,false],"woocommerce_thumbnail":["https:\/\/reformat.cz\/wp-content\/uploads\/2020\/06\/0011_31-324x324.jpg",324,324,true],"woocommerce_single":["https:\/\/reformat.cz\/wp-content\/uploads\/2020\/06\/0011_31-416x416.jpg",416,416,true],"woocommerce_gallery_thumbnail":["https:\/\/reformat.cz\/wp-content\/uploads\/2020\/06\/0011_31-100x100.jpg",100,100,true],"shop_catalog":["https:\/\/reformat.cz\/wp-content\/uploads\/2020\/06\/0011_31-324x324.jpg",324,324,true],"shop_single":["https:\/\/reformat.cz\/wp-content\/uploads\/2020\/06\/0011_31-416x416.jpg",416,416,true],"shop_thumbnail":["https:\/\/reformat.cz\/wp-content\/uploads\/2020\/06\/0011_31-100x100.jpg",100,100,true]},"uagb_author_info":{"display_name":"admin","author_link":"https:\/\/reformat.cz\/en\/author\/"},"uagb_comment_info":0,"uagb_excerpt":"specifications: dimensions: 470 \u00d7 440 mm material: three-layer upcycled paper, polyester thread, neodymium magnet (NdFeB) description: Product made from food waste bags, the minimum waste material content is 98%. The product is a suitable alternative for packaging-free storage of dry foods (vegetables, fruit, bakery products, legumes, rice, flour, tea, herbs, etc.), toys and more. You&hellip;","jetpack_sharing_enabled":true,"_links":{"self":[{"href":"https:\/\/reformat.cz\/en\/wp-json\/wp\/v2\/product\/10787"}],"collection":[{"href":"https:\/\/reformat.cz\/en\/wp-json\/wp\/v2\/product"}],"about":[{"href":"https:\/\/reformat.cz\/en\/wp-json\/wp\/v2\/types\/product"}],"wp:featuredmedia":[{"embeddable":true,"href":"https:\/\/reformat.cz\/en\/wp-json\/wp\/v2\/media\/8551"}],"wp:attachment":[{"href":"https:\/\/reformat.cz\/en\/wp-json\/wp\/v2\/media?parent=10787"}],"wp:term":[{"taxonomy":"product_cat","embeddable":true,"href":"https:\/\/reformat.cz\/en\/wp-json\/wp\/v2\/product_cat?post=10787"},{"taxonomy":"product_tag","embeddable":true,"href":"https:\/\/reformat.cz\/en\/wp-json\/wp\/v2\/product_tag?post=10787"}],"curies":[{"name":"wp","href":"https:\/\/api.w.org\/{rel}","templated":true}]}}