{"id":10781,"date":"2020-06-22T17:49:13","date_gmt":"2020-06-22T15:49:13","guid":{"rendered":"https:\/\/reformat.cz\/produkt\/waste-bag-55l-black-mixed\/"},"modified":"2020-06-22T17:49:13","modified_gmt":"2020-06-22T15:49:13","slug":"waste-bag-55l-black-mixed","status":"publish","type":"product","link":"https:\/\/reformat.cz\/en\/product\/waste-bag-55l-black-mixed\/","title":{"rendered":"waste bag \/ 55L (black \u2013 mixed))"},"content":{"rendered":"","protected":false},"excerpt":{"rendered":"<p><strong>specifications:<\/strong><\/p>\n<p><u>dimensions:<\/u><br \/>\n600 \u00d7 600 mm<br \/>\n<u>volume:<\/u><br \/>\n55 litres<br \/>\n<u>material:<\/u><br \/>\nTyvek\u00ae, cotton cord, polyester thread<\/p>\n<p><strong>description:<\/strong><\/p>\n<p>You sort, you empty, you wash.<br \/>\nDisposable single-use waste bags have had their time and Reformat is pushing the boundaries further &#8211; waste bags for everything made of tyvek. And what is tyvek? Polyethylene non-woven fabric, resistant to water, lead, asbestos dust and tear and abrasion, thus practically indestructible, perfectly maintainable and, above all, repeatedly washable. Tyvek\u00ae is high-density polyethylene (HDPE), 100% recyclable. Do not put sharp objects (glass, iron, wood, etc.) in a bag. The product is handmade in the Czech Republic. This bag is compatible with the Reformat paper basket size L.<\/p>\n","protected":false},"featured_media":8499,"template":"","meta":{"inline_featured_image":false,"_uag_custom_page_level_css":"","spay_email":""},"product_cat":[160],"product_tag":[],"acf":[],"yoast_head":"<!-- This site is optimized with the Yoast SEO plugin v18.0 - https:\/\/yoast.com\/wordpress\/plugins\/seo\/ -->\n<title>waste bag \/ 55L (black \u2013 mixed)) - Reform\u00e1t<\/title>\n<meta name=\"robots\" content=\"index, follow, max-snippet:-1, max-image-preview:large, max-video-preview:-1\" \/>\n<link rel=\"canonical\" href=\"https:\/\/reformat.cz\/en\/product\/waste-bag-55l-black-mixed\/\" \/>\n<meta property=\"og:locale\" content=\"en_US\" \/>\n<meta property=\"og:type\" content=\"article\" \/>\n<meta property=\"og:title\" content=\"waste bag \/ 55L (black \u2013 mixed)) - Reform\u00e1t\" \/>\n<meta property=\"og:description\" content=\"specifications:  dimensions: 600 \u00d7 600 mm volume: 55 litres material: Tyvek\u00ae, cotton cord, polyester thread  description:  You sort, you empty, you wash. Disposable single-use waste bags have had their time and Reformat is pushing the boundaries further - waste bags for everything made of tyvek. And what is tyvek? Polyethylene non-woven fabric, resistant to water, lead, asbestos dust and tear and abrasion, thus practically indestructible, perfectly maintainable and, above all, repeatedly washable. Tyvek\u00ae is high-density polyethylene (HDPE), 100% recyclable. Do not put sharp objects (glass, iron, wood, etc.) in a bag. The product is handmade in the Czech Republic. This bag is compatible with the Reformat paper basket size L.\" \/>\n<meta property=\"og:url\" content=\"https:\/\/reformat.cz\/en\/product\/waste-bag-55l-black-mixed\/\" \/>\n<meta property=\"og:site_name\" content=\"Reform\u00e1t\" \/>\n<meta property=\"article:publisher\" content=\"https:\/\/www.facebook.com\/reformatpapershop\" \/>\n<meta property=\"og:image\" content=\"https:\/\/reformat.cz\/wp-content\/uploads\/2020\/06\/refc-32.jpg\" \/>\n\t<meta property=\"og:image:width\" content=\"3500\" \/>\n\t<meta property=\"og:image:height\" content=\"3500\" \/>\n\t<meta property=\"og:image:type\" content=\"image\/jpeg\" \/>\n<meta name=\"twitter:card\" content=\"summary_large_image\" \/>\n<script type=\"application\/ld+json\" class=\"yoast-schema-graph\">{\"@context\":\"https:\/\/schema.org\",\"@graph\":[{\"@type\":\"WebSite\",\"@id\":\"https:\/\/reformat.cz\/en\/#website\",\"url\":\"https:\/\/reformat.cz\/en\/\",\"name\":\"Reform\u00e1t\",\"description\":\"A\u017e doslou\u017e\u00edm, chci do bloku!\",\"potentialAction\":[{\"@type\":\"SearchAction\",\"target\":{\"@type\":\"EntryPoint\",\"urlTemplate\":\"https:\/\/reformat.cz\/en\/?s={search_term_string}\"},\"query-input\":\"required name=search_term_string\"}],\"inLanguage\":\"en-US\"},{\"@type\":\"ImageObject\",\"@id\":\"https:\/\/reformat.cz\/en\/product\/waste-bag-55l-black-mixed\/#primaryimage\",\"inLanguage\":\"en-US\",\"url\":\"https:\/\/reformat.cz\/wp-content\/uploads\/2020\/06\/refc-32.jpg\",\"contentUrl\":\"https:\/\/reformat.cz\/wp-content\/uploads\/2020\/06\/refc-32.jpg\",\"width\":3500,\"height\":3500},{\"@type\":\"WebPage\",\"@id\":\"https:\/\/reformat.cz\/en\/product\/waste-bag-55l-black-mixed\/#webpage\",\"url\":\"https:\/\/reformat.cz\/en\/product\/waste-bag-55l-black-mixed\/\",\"name\":\"waste bag \/ 55L (black \u2013 mixed)) - Reform\u00e1t\",\"isPartOf\":{\"@id\":\"https:\/\/reformat.cz\/en\/#website\"},\"primaryImageOfPage\":{\"@id\":\"https:\/\/reformat.cz\/en\/product\/waste-bag-55l-black-mixed\/#primaryimage\"},\"datePublished\":\"2020-06-22T15:49:13+00:00\",\"dateModified\":\"2020-06-22T15:49:13+00:00\",\"breadcrumb\":{\"@id\":\"https:\/\/reformat.cz\/en\/product\/waste-bag-55l-black-mixed\/#breadcrumb\"},\"inLanguage\":\"en-US\",\"potentialAction\":[{\"@type\":\"ReadAction\",\"target\":[\"https:\/\/reformat.cz\/en\/product\/waste-bag-55l-black-mixed\/\"]}]},{\"@type\":\"BreadcrumbList\",\"@id\":\"https:\/\/reformat.cz\/en\/product\/waste-bag-55l-black-mixed\/#breadcrumb\",\"itemListElement\":[{\"@type\":\"ListItem\",\"position\":1,\"name\":\"Dom\u016f\",\"item\":\"https:\/\/reformat.cz\/en\/\"},{\"@type\":\"ListItem\",\"position\":2,\"name\":\"Shop\",\"item\":\"https:\/\/reformat.cz\/en\/shop\/\"},{\"@type\":\"ListItem\",\"position\":3,\"name\":\"waste bag \/ 55L (black \u2013 mixed))\"}]}]}<\/script>\n<!-- \/ Yoast SEO plugin. -->","yoast_head_json":{"title":"waste bag \/ 55L (black \u2013 mixed)) - Reform\u00e1t","robots":{"index":"index","follow":"follow","max-snippet":"max-snippet:-1","max-image-preview":"max-image-preview:large","max-video-preview":"max-video-preview:-1"},"canonical":"https:\/\/reformat.cz\/en\/product\/waste-bag-55l-black-mixed\/","og_locale":"en_US","og_type":"article","og_title":"waste bag \/ 55L (black \u2013 mixed)) - Reform\u00e1t","og_description":"specifications:  dimensions: 600 \u00d7 600 mm volume: 55 litres material: Tyvek\u00ae, cotton cord, polyester thread  description:  You sort, you empty, you wash. Disposable single-use waste bags have had their time and Reformat is pushing the boundaries further - waste bags for everything made of tyvek. And what is tyvek? Polyethylene non-woven fabric, resistant to water, lead, asbestos dust and tear and abrasion, thus practically indestructible, perfectly maintainable and, above all, repeatedly washable. Tyvek\u00ae is high-density polyethylene (HDPE), 100% recyclable. Do not put sharp objects (glass, iron, wood, etc.) in a bag. The product is handmade in the Czech Republic. This bag is compatible with the Reformat paper basket size L.","og_url":"https:\/\/reformat.cz\/en\/product\/waste-bag-55l-black-mixed\/","og_site_name":"Reform\u00e1t","article_publisher":"https:\/\/www.facebook.com\/reformatpapershop","og_image":[{"width":3500,"height":3500,"url":"https:\/\/reformat.cz\/wp-content\/uploads\/2020\/06\/refc-32.jpg","type":"image\/jpeg"}],"twitter_card":"summary_large_image","schema":{"@context":"https:\/\/schema.org","@graph":[{"@type":"WebSite","@id":"https:\/\/reformat.cz\/en\/#website","url":"https:\/\/reformat.cz\/en\/","name":"Reform\u00e1t","description":"A\u017e doslou\u017e\u00edm, chci do bloku!","potentialAction":[{"@type":"SearchAction","target":{"@type":"EntryPoint","urlTemplate":"https:\/\/reformat.cz\/en\/?s={search_term_string}"},"query-input":"required name=search_term_string"}],"inLanguage":"en-US"},{"@type":"ImageObject","@id":"https:\/\/reformat.cz\/en\/product\/waste-bag-55l-black-mixed\/#primaryimage","inLanguage":"en-US","url":"https:\/\/reformat.cz\/wp-content\/uploads\/2020\/06\/refc-32.jpg","contentUrl":"https:\/\/reformat.cz\/wp-content\/uploads\/2020\/06\/refc-32.jpg","width":3500,"height":3500},{"@type":"WebPage","@id":"https:\/\/reformat.cz\/en\/product\/waste-bag-55l-black-mixed\/#webpage","url":"https:\/\/reformat.cz\/en\/product\/waste-bag-55l-black-mixed\/","name":"waste bag \/ 55L (black \u2013 mixed)) - Reform\u00e1t","isPartOf":{"@id":"https:\/\/reformat.cz\/en\/#website"},"primaryImageOfPage":{"@id":"https:\/\/reformat.cz\/en\/product\/waste-bag-55l-black-mixed\/#primaryimage"},"datePublished":"2020-06-22T15:49:13+00:00","dateModified":"2020-06-22T15:49:13+00:00","breadcrumb":{"@id":"https:\/\/reformat.cz\/en\/product\/waste-bag-55l-black-mixed\/#breadcrumb"},"inLanguage":"en-US","potentialAction":[{"@type":"ReadAction","target":["https:\/\/reformat.cz\/en\/product\/waste-bag-55l-black-mixed\/"]}]},{"@type":"BreadcrumbList","@id":"https:\/\/reformat.cz\/en\/product\/waste-bag-55l-black-mixed\/#breadcrumb","itemListElement":[{"@type":"ListItem","position":1,"name":"Dom\u016f","item":"https:\/\/reformat.cz\/en\/"},{"@type":"ListItem","position":2,"name":"Shop","item":"https:\/\/reformat.cz\/en\/shop\/"},{"@type":"ListItem","position":3,"name":"waste bag \/ 55L (black \u2013 mixed))"}]}]}},"jetpack_publicize_connections":[],"uagb_featured_image_src":{"full":["https:\/\/reformat.cz\/wp-content\/uploads\/2020\/06\/refc-32.jpg",3500,3500,false],"thumbnail":["https:\/\/reformat.cz\/wp-content\/uploads\/2020\/06\/refc-32-150x150.jpg",150,150,true],"medium":["https:\/\/reformat.cz\/wp-content\/uploads\/2020\/06\/refc-32-300x300.jpg",300,300,true],"medium_large":["https:\/\/reformat.cz\/wp-content\/uploads\/2020\/06\/refc-32-768x768.jpg",768,768,true],"large":["https:\/\/reformat.cz\/wp-content\/uploads\/2020\/06\/refc-32-1024x1024.jpg",980,980,true],"1536x1536":["https:\/\/reformat.cz\/wp-content\/uploads\/2020\/06\/refc-32.jpg",1536,1536,false],"2048x2048":["https:\/\/reformat.cz\/wp-content\/uploads\/2020\/06\/refc-32.jpg",2048,2048,false],"woocommerce_thumbnail":["https:\/\/reformat.cz\/wp-content\/uploads\/2020\/06\/refc-32-324x324.jpg",324,324,true],"woocommerce_single":["https:\/\/reformat.cz\/wp-content\/uploads\/2020\/06\/refc-32-416x416.jpg",416,416,true],"woocommerce_gallery_thumbnail":["https:\/\/reformat.cz\/wp-content\/uploads\/2020\/06\/refc-32-100x100.jpg",100,100,true],"shop_catalog":["https:\/\/reformat.cz\/wp-content\/uploads\/2020\/06\/refc-32-324x324.jpg",324,324,true],"shop_single":["https:\/\/reformat.cz\/wp-content\/uploads\/2020\/06\/refc-32-416x416.jpg",416,416,true],"shop_thumbnail":["https:\/\/reformat.cz\/wp-content\/uploads\/2020\/06\/refc-32-100x100.jpg",100,100,true]},"uagb_author_info":{"display_name":"admin","author_link":"https:\/\/reformat.cz\/en\/author\/"},"uagb_comment_info":0,"uagb_excerpt":"specifications: dimensions: 600 \u00d7 600 mm volume: 55 litres material: Tyvek\u00ae, cotton cord, polyester thread description: You sort, you empty, you wash. Disposable single-use waste bags have had their time and Reformat is pushing the boundaries further - waste bags for everything made of tyvek. And what is tyvek? Polyethylene non-woven fabric, resistant to water,&hellip;","jetpack_sharing_enabled":true,"_links":{"self":[{"href":"https:\/\/reformat.cz\/en\/wp-json\/wp\/v2\/product\/10781"}],"collection":[{"href":"https:\/\/reformat.cz\/en\/wp-json\/wp\/v2\/product"}],"about":[{"href":"https:\/\/reformat.cz\/en\/wp-json\/wp\/v2\/types\/product"}],"wp:featuredmedia":[{"embeddable":true,"href":"https:\/\/reformat.cz\/en\/wp-json\/wp\/v2\/media\/8499"}],"wp:attachment":[{"href":"https:\/\/reformat.cz\/en\/wp-json\/wp\/v2\/media?parent=10781"}],"wp:term":[{"taxonomy":"product_cat","embeddable":true,"href":"https:\/\/reformat.cz\/en\/wp-json\/wp\/v2\/product_cat?post=10781"},{"taxonomy":"product_tag","embeddable":true,"href":"https:\/\/reformat.cz\/en\/wp-json\/wp\/v2\/product_tag?post=10781"}],"curies":[{"name":"wp","href":"https:\/\/api.w.org\/{rel}","templated":true}]}}