{"id":10685,"date":"2021-06-24T15:23:01","date_gmt":"2021-06-24T13:23:01","guid":{"rendered":"https:\/\/reformat.cz\/produkt\/notebook-duo-a4-brown-blank\/"},"modified":"2025-04-12T15:39:48","modified_gmt":"2025-04-12T13:39:48","slug":"notebook-duo-a4-brown-blank","status":"publish","type":"product","link":"https:\/\/reformat.cz\/en\/product\/notebook-duo-a4-brown-blank\/","title":{"rendered":"Notebook DUO A4 brown \/ blank"},"content":{"rendered":"","protected":false},"excerpt":{"rendered":"<p><strong>specifications:<\/strong><\/p>\n<p><u>dimensions:<\/u><br \/>\n210 \u00d7 297 mm<br \/>\n<u>number of sheets:<\/u><br \/>\n40<br \/>\n<u>number of pages:<\/u><br \/>\n80<\/p>\n<p><strong>description:<\/strong><\/p>\n<p>The A4 notebook consists of two sections, each with its own cover. That\u2019s why these duo notebooks can be so nicely colourful! Choose from a variety of colors and two paper options \u2014 blank or lined.. With plenty of pages, this notebook gives you the freedom to expand your drawings and write without the need to save space!<\/p>\n","protected":false},"featured_media":7939,"template":"","meta":{"inline_featured_image":false,"_uag_custom_page_level_css":"","spay_email":""},"product_cat":[156],"product_tag":[],"acf":[],"yoast_head":"<!-- This site is optimized with the Yoast SEO plugin v18.0 - https:\/\/yoast.com\/wordpress\/plugins\/seo\/ -->\n<title>Notebook DUO A4 brown \/ blank - Reform\u00e1t<\/title>\n<meta name=\"robots\" content=\"index, follow, max-snippet:-1, max-image-preview:large, max-video-preview:-1\" \/>\n<link rel=\"canonical\" href=\"https:\/\/reformat.cz\/en\/product\/notebook-duo-a4-brown-blank\/\" \/>\n<meta property=\"og:locale\" content=\"en_US\" \/>\n<meta property=\"og:type\" content=\"article\" \/>\n<meta property=\"og:title\" content=\"Notebook DUO A4 brown \/ blank - Reform\u00e1t\" \/>\n<meta property=\"og:description\" content=\"specifications:  dimensions: 210 \u00d7 297 mm number of sheets: 40 number of pages: 80  description:  The A4 notebook consists of two sections, each with its own cover. That\u2019s why these duo notebooks can be so nicely colourful! Choose from a variety of colors and two paper options \u2014 blank or lined.. With plenty of pages, this notebook gives you the freedom to expand your drawings and write without the need to save space!\" \/>\n<meta property=\"og:url\" content=\"https:\/\/reformat.cz\/en\/product\/notebook-duo-a4-brown-blank\/\" \/>\n<meta property=\"og:site_name\" content=\"Reform\u00e1t\" \/>\n<meta property=\"article:publisher\" content=\"https:\/\/www.facebook.com\/reformatpapershop\" \/>\n<meta property=\"article:modified_time\" content=\"2025-04-12T13:39:48+00:00\" \/>\n<meta property=\"og:image\" content=\"https:\/\/reformat.cz\/wp-content\/uploads\/2019\/11\/predni-strana-1024x1024.jpg\" \/>\n\t<meta property=\"og:image:width\" content=\"1024\" \/>\n\t<meta property=\"og:image:height\" content=\"1024\" \/>\n\t<meta property=\"og:image:type\" content=\"image\/jpeg\" \/>\n<meta name=\"twitter:card\" content=\"summary_large_image\" \/>\n<script type=\"application\/ld+json\" class=\"yoast-schema-graph\">{\"@context\":\"https:\/\/schema.org\",\"@graph\":[{\"@type\":\"WebSite\",\"@id\":\"https:\/\/reformat.cz\/en\/#website\",\"url\":\"https:\/\/reformat.cz\/en\/\",\"name\":\"Reform\u00e1t\",\"description\":\"A\u017e doslou\u017e\u00edm, chci do bloku!\",\"potentialAction\":[{\"@type\":\"SearchAction\",\"target\":{\"@type\":\"EntryPoint\",\"urlTemplate\":\"https:\/\/reformat.cz\/en\/?s={search_term_string}\"},\"query-input\":\"required name=search_term_string\"}],\"inLanguage\":\"en-US\"},{\"@type\":\"ImageObject\",\"@id\":\"https:\/\/reformat.cz\/en\/product\/notebook-duo-a4-brown-blank\/#primaryimage\",\"inLanguage\":\"en-US\",\"url\":\"https:\/\/reformat.cz\/wp-content\/uploads\/2019\/11\/predni-strana.jpg\",\"contentUrl\":\"https:\/\/reformat.cz\/wp-content\/uploads\/2019\/11\/predni-strana.jpg\",\"width\":3500,\"height\":3500},{\"@type\":\"WebPage\",\"@id\":\"https:\/\/reformat.cz\/en\/product\/notebook-duo-a4-brown-blank\/#webpage\",\"url\":\"https:\/\/reformat.cz\/en\/product\/notebook-duo-a4-brown-blank\/\",\"name\":\"Notebook DUO A4 brown \/ blank - Reform\u00e1t\",\"isPartOf\":{\"@id\":\"https:\/\/reformat.cz\/en\/#website\"},\"primaryImageOfPage\":{\"@id\":\"https:\/\/reformat.cz\/en\/product\/notebook-duo-a4-brown-blank\/#primaryimage\"},\"datePublished\":\"2021-06-24T13:23:01+00:00\",\"dateModified\":\"2025-04-12T13:39:48+00:00\",\"breadcrumb\":{\"@id\":\"https:\/\/reformat.cz\/en\/product\/notebook-duo-a4-brown-blank\/#breadcrumb\"},\"inLanguage\":\"en-US\",\"potentialAction\":[{\"@type\":\"ReadAction\",\"target\":[\"https:\/\/reformat.cz\/en\/product\/notebook-duo-a4-brown-blank\/\"]}]},{\"@type\":\"BreadcrumbList\",\"@id\":\"https:\/\/reformat.cz\/en\/product\/notebook-duo-a4-brown-blank\/#breadcrumb\",\"itemListElement\":[{\"@type\":\"ListItem\",\"position\":1,\"name\":\"Dom\u016f\",\"item\":\"https:\/\/reformat.cz\/en\/\"},{\"@type\":\"ListItem\",\"position\":2,\"name\":\"Shop\",\"item\":\"https:\/\/reformat.cz\/en\/shop\/\"},{\"@type\":\"ListItem\",\"position\":3,\"name\":\"Notebook DUO A4 brown \/ blank\"}]}]}<\/script>\n<!-- \/ Yoast SEO plugin. -->","yoast_head_json":{"title":"Notebook DUO A4 brown \/ blank - Reform\u00e1t","robots":{"index":"index","follow":"follow","max-snippet":"max-snippet:-1","max-image-preview":"max-image-preview:large","max-video-preview":"max-video-preview:-1"},"canonical":"https:\/\/reformat.cz\/en\/product\/notebook-duo-a4-brown-blank\/","og_locale":"en_US","og_type":"article","og_title":"Notebook DUO A4 brown \/ blank - Reform\u00e1t","og_description":"specifications:  dimensions: 210 \u00d7 297 mm number of sheets: 40 number of pages: 80  description:  The A4 notebook consists of two sections, each with its own cover. That\u2019s why these duo notebooks can be so nicely colourful! Choose from a variety of colors and two paper options \u2014 blank or lined.. With plenty of pages, this notebook gives you the freedom to expand your drawings and write without the need to save space!","og_url":"https:\/\/reformat.cz\/en\/product\/notebook-duo-a4-brown-blank\/","og_site_name":"Reform\u00e1t","article_publisher":"https:\/\/www.facebook.com\/reformatpapershop","article_modified_time":"2025-04-12T13:39:48+00:00","og_image":[{"width":1024,"height":1024,"url":"https:\/\/reformat.cz\/wp-content\/uploads\/2019\/11\/predni-strana-1024x1024.jpg","type":"image\/jpeg"}],"twitter_card":"summary_large_image","schema":{"@context":"https:\/\/schema.org","@graph":[{"@type":"WebSite","@id":"https:\/\/reformat.cz\/en\/#website","url":"https:\/\/reformat.cz\/en\/","name":"Reform\u00e1t","description":"A\u017e doslou\u017e\u00edm, chci do bloku!","potentialAction":[{"@type":"SearchAction","target":{"@type":"EntryPoint","urlTemplate":"https:\/\/reformat.cz\/en\/?s={search_term_string}"},"query-input":"required name=search_term_string"}],"inLanguage":"en-US"},{"@type":"ImageObject","@id":"https:\/\/reformat.cz\/en\/product\/notebook-duo-a4-brown-blank\/#primaryimage","inLanguage":"en-US","url":"https:\/\/reformat.cz\/wp-content\/uploads\/2019\/11\/predni-strana.jpg","contentUrl":"https:\/\/reformat.cz\/wp-content\/uploads\/2019\/11\/predni-strana.jpg","width":3500,"height":3500},{"@type":"WebPage","@id":"https:\/\/reformat.cz\/en\/product\/notebook-duo-a4-brown-blank\/#webpage","url":"https:\/\/reformat.cz\/en\/product\/notebook-duo-a4-brown-blank\/","name":"Notebook DUO A4 brown \/ blank - Reform\u00e1t","isPartOf":{"@id":"https:\/\/reformat.cz\/en\/#website"},"primaryImageOfPage":{"@id":"https:\/\/reformat.cz\/en\/product\/notebook-duo-a4-brown-blank\/#primaryimage"},"datePublished":"2021-06-24T13:23:01+00:00","dateModified":"2025-04-12T13:39:48+00:00","breadcrumb":{"@id":"https:\/\/reformat.cz\/en\/product\/notebook-duo-a4-brown-blank\/#breadcrumb"},"inLanguage":"en-US","potentialAction":[{"@type":"ReadAction","target":["https:\/\/reformat.cz\/en\/product\/notebook-duo-a4-brown-blank\/"]}]},{"@type":"BreadcrumbList","@id":"https:\/\/reformat.cz\/en\/product\/notebook-duo-a4-brown-blank\/#breadcrumb","itemListElement":[{"@type":"ListItem","position":1,"name":"Dom\u016f","item":"https:\/\/reformat.cz\/en\/"},{"@type":"ListItem","position":2,"name":"Shop","item":"https:\/\/reformat.cz\/en\/shop\/"},{"@type":"ListItem","position":3,"name":"Notebook DUO A4 brown \/ blank"}]}]}},"jetpack_publicize_connections":[],"uagb_featured_image_src":{"full":["https:\/\/reformat.cz\/wp-content\/uploads\/2019\/11\/predni-strana.jpg",3500,3500,false],"thumbnail":["https:\/\/reformat.cz\/wp-content\/uploads\/2019\/11\/predni-strana-150x150.jpg",150,150,true],"medium":["https:\/\/reformat.cz\/wp-content\/uploads\/2019\/11\/predni-strana-300x300.jpg",300,300,true],"medium_large":["https:\/\/reformat.cz\/wp-content\/uploads\/2019\/11\/predni-strana-768x768.jpg",768,768,true],"large":["https:\/\/reformat.cz\/wp-content\/uploads\/2019\/11\/predni-strana-1024x1024.jpg",980,980,true],"1536x1536":["https:\/\/reformat.cz\/wp-content\/uploads\/2019\/11\/predni-strana.jpg",1536,1536,false],"2048x2048":["https:\/\/reformat.cz\/wp-content\/uploads\/2019\/11\/predni-strana.jpg",2048,2048,false],"woocommerce_thumbnail":["https:\/\/reformat.cz\/wp-content\/uploads\/2019\/11\/predni-strana-324x324.jpg",324,324,true],"woocommerce_single":["https:\/\/reformat.cz\/wp-content\/uploads\/2019\/11\/predni-strana-416x416.jpg",416,416,true],"woocommerce_gallery_thumbnail":["https:\/\/reformat.cz\/wp-content\/uploads\/2019\/11\/predni-strana-100x100.jpg",100,100,true],"shop_catalog":["https:\/\/reformat.cz\/wp-content\/uploads\/2019\/11\/predni-strana-324x324.jpg",324,324,true],"shop_single":["https:\/\/reformat.cz\/wp-content\/uploads\/2019\/11\/predni-strana-416x416.jpg",416,416,true],"shop_thumbnail":["https:\/\/reformat.cz\/wp-content\/uploads\/2019\/11\/predni-strana-100x100.jpg",100,100,true]},"uagb_author_info":{"display_name":"Produkce","author_link":"https:\/\/reformat.cz\/en\/author\/"},"uagb_comment_info":0,"uagb_excerpt":"specifications: dimensions: 210 \u00d7 297 mm number of sheets: 40 number of pages: 80 description: The A4 notebook consists of two sections, each with its own cover. That\u2019s why these duo notebooks can be so nicely colourful! Choose from a variety of colors and two paper options \u2014 blank or lined.. With plenty of pages,&hellip;","jetpack_sharing_enabled":true,"_links":{"self":[{"href":"https:\/\/reformat.cz\/en\/wp-json\/wp\/v2\/product\/10685"}],"collection":[{"href":"https:\/\/reformat.cz\/en\/wp-json\/wp\/v2\/product"}],"about":[{"href":"https:\/\/reformat.cz\/en\/wp-json\/wp\/v2\/types\/product"}],"wp:featuredmedia":[{"embeddable":true,"href":"https:\/\/reformat.cz\/en\/wp-json\/wp\/v2\/media\/7939"}],"wp:attachment":[{"href":"https:\/\/reformat.cz\/en\/wp-json\/wp\/v2\/media?parent=10685"}],"wp:term":[{"taxonomy":"product_cat","embeddable":true,"href":"https:\/\/reformat.cz\/en\/wp-json\/wp\/v2\/product_cat?post=10685"},{"taxonomy":"product_tag","embeddable":true,"href":"https:\/\/reformat.cz\/en\/wp-json\/wp\/v2\/product_tag?post=10685"}],"curies":[{"name":"wp","href":"https:\/\/api.w.org\/{rel}","templated":true}]}}