{"id":10618,"date":"2022-03-14T13:51:53","date_gmt":"2022-03-14T12:51:53","guid":{"rendered":"https:\/\/reformat.cz\/produkt\/upcycling-workshop-for-schools\/"},"modified":"2025-04-12T13:49:43","modified_gmt":"2025-04-12T11:49:43","slug":"upcycling-workshop-for-schools-with-lecture-pocket-notepad","status":"publish","type":"product","link":"https:\/\/reformat.cz\/en\/product\/upcycling-workshop-for-schools-with-lecture-pocket-notepad\/","title":{"rendered":"Upcycling workshop for schools with lecture \u2013 Pocket notepad"},"content":{"rendered":"","protected":false},"excerpt":{"rendered":"<p>Offer your students a new perspective on environmental and sustainability issues.\u00a0Through a lecture with a slide show, <strong>we will introduce students to the Reformat project and its approach to sustainable production.<\/strong> During the following workshop, we will guide you through <strong>the production of an upcycled notebook<\/strong> and you will see for yourself that not all waste material has to go into the trash.<\/p>\n<p><strong>How will the event take place?<\/strong><\/p>\n<ol>\n<li>We will welcome you, seat you and start the<strong> 30-minute lecture with a slide show.<\/strong><\/li>\n<li>We will introduce the Reformat project and explain what <strong>recycling<\/strong>\u00a0and\u00a0<strong>upcycling<\/strong> is.\u00a0We will show you how to approach production and creation sustainably.<\/li>\n<li>We\u2019ll leave room for questions<strong>, we will discuss<\/strong> and take a short break.<\/li>\n<li>We will introduce you to our <strong>bookbinding workshop equipment<\/strong>, tools and machines.<\/li>\n<li>Everyone chooses <strong>their own pad of paper,<\/strong> then we format them to the desired size and assemble them.<\/li>\n<li>At the end, with the teacher\u2019s assistance, everyone <strong>punches through their own pad<\/strong>, connects it with bookbinding screws and adds an elastic band, if required.<\/li>\n<\/ol>\n<p>&nbsp;<\/p>\n<p><strong>What will it give to the pupils?<\/strong><\/p>\n<p>\/ Understanding how<strong> sustainability <\/strong>can work<strong> in production and creative industries.<\/strong><br \/>\n\/<strong> Practical experience<\/strong> on how to use waste materials in a meaningful way.<br \/>\n\/ Self-made<strong> upcycled notepad.<\/strong><br \/>\n\/ <strong>Getting to know a bookbinding workshop<\/strong> and getting acquainted with the bookbinding craft.<br \/>\n\/<strong>\u00a0<\/strong>Option of <strong>trying out bookbinding machines<\/strong> with the assistance of the teacher (an experienced bookbinder).<br \/>\n\/ <strong>A shared experience<\/strong> to remember.<\/p>\n<p><strong>What\u2019s included in the price?<\/strong><\/p>\n<p>The price includes all materials, components and a teacher who will guide your class through the entire workshop. The presence of a school teacher who is responsible for the students is required throughout the workshop. A teacher accompanying students enters free of charge. <strong>The price of a workshop ranges from CZK 4,000 per group.<\/strong><\/p>\n<p><strong>Can there be a workshop with more than 20 students?<\/strong><\/p>\n<p>As much as we would like it, our workshop is not inflatable. That is why we organize practical workshops for larger groups in stages. Write to us and we\u2019ll come to an agreement.<\/p>\n<p>\/ length: <strong>2,25\u00a0hours\u00a0<\/strong>(135 minutes)<br \/>\n\/ number of pupils: <strong>5-20<\/strong>\u00a0(larger number of students can be divided into two groups)<br \/>\n\/ suitable <strong>f<\/strong><b><span lang=\"EN-GB\">or Secondary Schools<\/span><\/b><\/p>\n","protected":false},"featured_media":10490,"template":"","meta":{"inline_featured_image":false,"_uag_custom_page_level_css":"","spay_email":""},"product_cat":[167],"product_tag":[],"acf":[],"yoast_head":"<!-- This site is optimized with the Yoast SEO plugin v18.0 - https:\/\/yoast.com\/wordpress\/plugins\/seo\/ -->\n<title>Upcycling workshop for schools with lecture \u2013 Pocket notepad - Reform\u00e1t<\/title>\n<meta name=\"robots\" content=\"index, follow, max-snippet:-1, max-image-preview:large, max-video-preview:-1\" \/>\n<link rel=\"canonical\" href=\"https:\/\/reformat.cz\/en\/product\/upcycling-workshop-for-schools-with-lecture-pocket-notepad\/\" \/>\n<meta property=\"og:locale\" content=\"en_US\" \/>\n<meta property=\"og:type\" content=\"article\" \/>\n<meta property=\"og:title\" content=\"Upcycling workshop for schools with lecture \u2013 Pocket notepad - Reform\u00e1t\" \/>\n<meta property=\"og:description\" content=\"Offer your students a new perspective on environmental and sustainability issues.\u00a0Through a lecture with a slide show, we will introduce students to the Reformat project and its approach to sustainable production. During the following workshop, we will guide you through the production of an upcycled notebook and you will see for yourself that not all waste material has to go into the trash.  How will the event take place?   We will welcome you, seat you and start the 30-minute lecture with a slide show.  We will introduce the Reformat project and explain what recycling\u00a0and\u00a0upcycling is.\u00a0We will show you how to approach production and creation sustainably.  We\u2019ll leave room for questions, we will discuss and take a short break.  We will introduce you to our bookbinding workshop equipment, tools and machines.  Everyone chooses their own pad of paper, then we format them to the desired size and assemble them.  At the end, with the teacher\u2019s assistance, everyone punches through their own pad, connects it with bookbinding screws and adds an elastic band, if required.  &nbsp;  What will it give to the pupils?  \/ Understanding how sustainability can work in production and creative industries. \/ Practical experience on how to use waste materials in a meaningful way. \/ Self-made upcycled notepad. \/ Getting to know a bookbinding workshop and getting acquainted with the bookbinding craft. \/\u00a0Option of trying out bookbinding machines with the assistance of the teacher (an experienced bookbinder). \/ A shared experience to remember.  What\u2019s included in the price?  The price includes all materials, components and a teacher who will guide your class through the entire workshop. The presence of a school teacher who is responsible for the students is required throughout the workshop. A teacher accompanying students enters free of charge. The price of a workshop ranges from CZK 4,000 per group.  Can there be a workshop with more than 20 students?  As much as we would like it, our workshop is not inflatable. That is why we organize practical workshops for larger groups in stages. Write to us and we\u2019ll come to an agreement.  \/ length: 2,25\u00a0hours\u00a0(135 minutes) \/ number of pupils: 5-20\u00a0(larger number of students can be divided into two groups) \/ suitable for Secondary Schools\" \/>\n<meta property=\"og:url\" content=\"https:\/\/reformat.cz\/en\/product\/upcycling-workshop-for-schools-with-lecture-pocket-notepad\/\" \/>\n<meta property=\"og:site_name\" content=\"Reform\u00e1t\" \/>\n<meta property=\"article:publisher\" content=\"https:\/\/www.facebook.com\/reformatpapershop\" \/>\n<meta property=\"article:modified_time\" content=\"2025-04-12T11:49:43+00:00\" \/>\n<meta property=\"og:image\" content=\"https:\/\/reformat.cz\/wp-content\/uploads\/2022\/03\/BLOK1-1024x1024.png\" \/>\n\t<meta property=\"og:image:width\" content=\"1024\" \/>\n\t<meta property=\"og:image:height\" content=\"1024\" \/>\n\t<meta property=\"og:image:type\" content=\"image\/png\" \/>\n<meta name=\"twitter:card\" content=\"summary_large_image\" \/>\n<script type=\"application\/ld+json\" class=\"yoast-schema-graph\">{\"@context\":\"https:\/\/schema.org\",\"@graph\":[{\"@type\":\"WebSite\",\"@id\":\"https:\/\/reformat.cz\/en\/#website\",\"url\":\"https:\/\/reformat.cz\/en\/\",\"name\":\"Reform\u00e1t\",\"description\":\"A\u017e doslou\u017e\u00edm, chci do bloku!\",\"potentialAction\":[{\"@type\":\"SearchAction\",\"target\":{\"@type\":\"EntryPoint\",\"urlTemplate\":\"https:\/\/reformat.cz\/en\/?s={search_term_string}\"},\"query-input\":\"required name=search_term_string\"}],\"inLanguage\":\"en-US\"},{\"@type\":\"ImageObject\",\"@id\":\"https:\/\/reformat.cz\/en\/product\/upcycling-workshop-for-schools-with-lecture-pocket-notepad\/#primaryimage\",\"inLanguage\":\"en-US\",\"url\":\"https:\/\/reformat.cz\/wp-content\/uploads\/2022\/03\/BLOK1.png\",\"contentUrl\":\"https:\/\/reformat.cz\/wp-content\/uploads\/2022\/03\/BLOK1.png\",\"width\":2044,\"height\":2044},{\"@type\":\"WebPage\",\"@id\":\"https:\/\/reformat.cz\/en\/product\/upcycling-workshop-for-schools-with-lecture-pocket-notepad\/#webpage\",\"url\":\"https:\/\/reformat.cz\/en\/product\/upcycling-workshop-for-schools-with-lecture-pocket-notepad\/\",\"name\":\"Upcycling workshop for schools with lecture \u2013 Pocket notepad - Reform\u00e1t\",\"isPartOf\":{\"@id\":\"https:\/\/reformat.cz\/en\/#website\"},\"primaryImageOfPage\":{\"@id\":\"https:\/\/reformat.cz\/en\/product\/upcycling-workshop-for-schools-with-lecture-pocket-notepad\/#primaryimage\"},\"datePublished\":\"2022-03-14T12:51:53+00:00\",\"dateModified\":\"2025-04-12T11:49:43+00:00\",\"breadcrumb\":{\"@id\":\"https:\/\/reformat.cz\/en\/product\/upcycling-workshop-for-schools-with-lecture-pocket-notepad\/#breadcrumb\"},\"inLanguage\":\"en-US\",\"potentialAction\":[{\"@type\":\"ReadAction\",\"target\":[\"https:\/\/reformat.cz\/en\/product\/upcycling-workshop-for-schools-with-lecture-pocket-notepad\/\"]}]},{\"@type\":\"BreadcrumbList\",\"@id\":\"https:\/\/reformat.cz\/en\/product\/upcycling-workshop-for-schools-with-lecture-pocket-notepad\/#breadcrumb\",\"itemListElement\":[{\"@type\":\"ListItem\",\"position\":1,\"name\":\"Dom\u016f\",\"item\":\"https:\/\/reformat.cz\/en\/\"},{\"@type\":\"ListItem\",\"position\":2,\"name\":\"Shop\",\"item\":\"https:\/\/reformat.cz\/en\/shop\/\"},{\"@type\":\"ListItem\",\"position\":3,\"name\":\"Upcycling workshop for schools with lecture \u2013 Pocket notepad\"}]}]}<\/script>\n<!-- \/ Yoast SEO plugin. -->","yoast_head_json":{"title":"Upcycling workshop for schools with lecture \u2013 Pocket notepad - Reform\u00e1t","robots":{"index":"index","follow":"follow","max-snippet":"max-snippet:-1","max-image-preview":"max-image-preview:large","max-video-preview":"max-video-preview:-1"},"canonical":"https:\/\/reformat.cz\/en\/product\/upcycling-workshop-for-schools-with-lecture-pocket-notepad\/","og_locale":"en_US","og_type":"article","og_title":"Upcycling workshop for schools with lecture \u2013 Pocket notepad - Reform\u00e1t","og_description":"Offer your students a new perspective on environmental and sustainability issues.\u00a0Through a lecture with a slide show, we will introduce students to the Reformat project and its approach to sustainable production. During the following workshop, we will guide you through the production of an upcycled notebook and you will see for yourself that not all waste material has to go into the trash.  How will the event take place?   We will welcome you, seat you and start the 30-minute lecture with a slide show.  We will introduce the Reformat project and explain what recycling\u00a0and\u00a0upcycling is.\u00a0We will show you how to approach production and creation sustainably.  We\u2019ll leave room for questions, we will discuss and take a short break.  We will introduce you to our bookbinding workshop equipment, tools and machines.  Everyone chooses their own pad of paper, then we format them to the desired size and assemble them.  At the end, with the teacher\u2019s assistance, everyone punches through their own pad, connects it with bookbinding screws and adds an elastic band, if required.  &nbsp;  What will it give to the pupils?  \/ Understanding how sustainability can work in production and creative industries. \/ Practical experience on how to use waste materials in a meaningful way. \/ Self-made upcycled notepad. \/ Getting to know a bookbinding workshop and getting acquainted with the bookbinding craft. \/\u00a0Option of trying out bookbinding machines with the assistance of the teacher (an experienced bookbinder). \/ A shared experience to remember.  What\u2019s included in the price?  The price includes all materials, components and a teacher who will guide your class through the entire workshop. The presence of a school teacher who is responsible for the students is required throughout the workshop. A teacher accompanying students enters free of charge. The price of a workshop ranges from CZK 4,000 per group.  Can there be a workshop with more than 20 students?  As much as we would like it, our workshop is not inflatable. That is why we organize practical workshops for larger groups in stages. Write to us and we\u2019ll come to an agreement.  \/ length: 2,25\u00a0hours\u00a0(135 minutes) \/ number of pupils: 5-20\u00a0(larger number of students can be divided into two groups) \/ suitable for Secondary Schools","og_url":"https:\/\/reformat.cz\/en\/product\/upcycling-workshop-for-schools-with-lecture-pocket-notepad\/","og_site_name":"Reform\u00e1t","article_publisher":"https:\/\/www.facebook.com\/reformatpapershop","article_modified_time":"2025-04-12T11:49:43+00:00","og_image":[{"width":1024,"height":1024,"url":"https:\/\/reformat.cz\/wp-content\/uploads\/2022\/03\/BLOK1-1024x1024.png","type":"image\/png"}],"twitter_card":"summary_large_image","schema":{"@context":"https:\/\/schema.org","@graph":[{"@type":"WebSite","@id":"https:\/\/reformat.cz\/en\/#website","url":"https:\/\/reformat.cz\/en\/","name":"Reform\u00e1t","description":"A\u017e doslou\u017e\u00edm, chci do bloku!","potentialAction":[{"@type":"SearchAction","target":{"@type":"EntryPoint","urlTemplate":"https:\/\/reformat.cz\/en\/?s={search_term_string}"},"query-input":"required name=search_term_string"}],"inLanguage":"en-US"},{"@type":"ImageObject","@id":"https:\/\/reformat.cz\/en\/product\/upcycling-workshop-for-schools-with-lecture-pocket-notepad\/#primaryimage","inLanguage":"en-US","url":"https:\/\/reformat.cz\/wp-content\/uploads\/2022\/03\/BLOK1.png","contentUrl":"https:\/\/reformat.cz\/wp-content\/uploads\/2022\/03\/BLOK1.png","width":2044,"height":2044},{"@type":"WebPage","@id":"https:\/\/reformat.cz\/en\/product\/upcycling-workshop-for-schools-with-lecture-pocket-notepad\/#webpage","url":"https:\/\/reformat.cz\/en\/product\/upcycling-workshop-for-schools-with-lecture-pocket-notepad\/","name":"Upcycling workshop for schools with lecture \u2013 Pocket notepad - Reform\u00e1t","isPartOf":{"@id":"https:\/\/reformat.cz\/en\/#website"},"primaryImageOfPage":{"@id":"https:\/\/reformat.cz\/en\/product\/upcycling-workshop-for-schools-with-lecture-pocket-notepad\/#primaryimage"},"datePublished":"2022-03-14T12:51:53+00:00","dateModified":"2025-04-12T11:49:43+00:00","breadcrumb":{"@id":"https:\/\/reformat.cz\/en\/product\/upcycling-workshop-for-schools-with-lecture-pocket-notepad\/#breadcrumb"},"inLanguage":"en-US","potentialAction":[{"@type":"ReadAction","target":["https:\/\/reformat.cz\/en\/product\/upcycling-workshop-for-schools-with-lecture-pocket-notepad\/"]}]},{"@type":"BreadcrumbList","@id":"https:\/\/reformat.cz\/en\/product\/upcycling-workshop-for-schools-with-lecture-pocket-notepad\/#breadcrumb","itemListElement":[{"@type":"ListItem","position":1,"name":"Dom\u016f","item":"https:\/\/reformat.cz\/en\/"},{"@type":"ListItem","position":2,"name":"Shop","item":"https:\/\/reformat.cz\/en\/shop\/"},{"@type":"ListItem","position":3,"name":"Upcycling workshop for schools with lecture \u2013 Pocket notepad"}]}]}},"jetpack_publicize_connections":[],"uagb_featured_image_src":{"full":["https:\/\/reformat.cz\/wp-content\/uploads\/2022\/03\/BLOK1.png",2044,2044,false],"thumbnail":["https:\/\/reformat.cz\/wp-content\/uploads\/2022\/03\/BLOK1-150x150.png",150,150,true],"medium":["https:\/\/reformat.cz\/wp-content\/uploads\/2022\/03\/BLOK1-300x300.png",300,300,true],"medium_large":["https:\/\/reformat.cz\/wp-content\/uploads\/2022\/03\/BLOK1-768x768.png",768,768,true],"large":["https:\/\/reformat.cz\/wp-content\/uploads\/2022\/03\/BLOK1-1024x1024.png",980,980,true],"1536x1536":["https:\/\/reformat.cz\/wp-content\/uploads\/2022\/03\/BLOK1-1536x1536.png",1536,1536,true],"2048x2048":["https:\/\/reformat.cz\/wp-content\/uploads\/2022\/03\/BLOK1.png",2044,2044,false],"woocommerce_thumbnail":["https:\/\/reformat.cz\/wp-content\/uploads\/2022\/03\/BLOK1-324x324.png",324,324,true],"woocommerce_single":["https:\/\/reformat.cz\/wp-content\/uploads\/2022\/03\/BLOK1-416x416.png",416,416,true],"woocommerce_gallery_thumbnail":["https:\/\/reformat.cz\/wp-content\/uploads\/2022\/03\/BLOK1-100x100.png",100,100,true],"shop_catalog":["https:\/\/reformat.cz\/wp-content\/uploads\/2022\/03\/BLOK1-324x324.png",324,324,true],"shop_single":["https:\/\/reformat.cz\/wp-content\/uploads\/2022\/03\/BLOK1-416x416.png",416,416,true],"shop_thumbnail":["https:\/\/reformat.cz\/wp-content\/uploads\/2022\/03\/BLOK1-100x100.png",100,100,true]},"uagb_author_info":{"display_name":"Produkce","author_link":"https:\/\/reformat.cz\/en\/author\/"},"uagb_comment_info":0,"uagb_excerpt":"Offer your students a new perspective on environmental and sustainability issues.\u00a0Through a lecture with a slide show, we will introduce students to the Reformat project and its approach to sustainable production. During the following workshop, we will guide you through the production of an upcycled notebook and you will see for yourself that not all&hellip;","jetpack_sharing_enabled":true,"_links":{"self":[{"href":"https:\/\/reformat.cz\/en\/wp-json\/wp\/v2\/product\/10618"}],"collection":[{"href":"https:\/\/reformat.cz\/en\/wp-json\/wp\/v2\/product"}],"about":[{"href":"https:\/\/reformat.cz\/en\/wp-json\/wp\/v2\/types\/product"}],"wp:featuredmedia":[{"embeddable":true,"href":"https:\/\/reformat.cz\/en\/wp-json\/wp\/v2\/media\/10490"}],"wp:attachment":[{"href":"https:\/\/reformat.cz\/en\/wp-json\/wp\/v2\/media?parent=10618"}],"wp:term":[{"taxonomy":"product_cat","embeddable":true,"href":"https:\/\/reformat.cz\/en\/wp-json\/wp\/v2\/product_cat?post=10618"},{"taxonomy":"product_tag","embeddable":true,"href":"https:\/\/reformat.cz\/en\/wp-json\/wp\/v2\/product_tag?post=10618"}],"curies":[{"name":"wp","href":"https:\/\/api.w.org\/{rel}","templated":true}]}}