{"id":10617,"date":"2022-02-10T15:00:29","date_gmt":"2022-02-10T14:00:29","guid":{"rendered":"https:\/\/reformat.cz\/produkt\/upcycling-workshop-sew-a-notebook\/"},"modified":"2022-10-15T13:19:36","modified_gmt":"2022-10-15T11:19:36","slug":"upcycling-workshop-sew-a-notebook","status":"publish","type":"product","link":"https:\/\/reformat.cz\/en\/product\/upcycling-workshop-sew-a-notebook\/","title":{"rendered":"Upcycling workshop for Schools \u2013 Sew a Notebook"},"content":{"rendered":"","protected":false},"excerpt":{"rendered":"<p>Are you thinking about an unusual experience for your class? Bring your pupils to our bookbinding workshop and make your own holiday books or pupil books. We will guide you through the creation process using old paper saved from disposal. In addition to working with bookbinding machines, the pupils will experience how to create sustainably.<\/p>\n<p><strong>How will the workshop take place?<\/strong><\/p>\n<ol>\n<li>We will welcome you, introduce the Reformat project and explain what <strong>recycling<\/strong> is and what <strong>upcycling<\/strong> is.<\/li>\n<li>We will introduce you to <strong>the equipment in the bookbinding workshop<\/strong>, tools and machines.<\/li>\n<li>Everyone chooses the <strong>paper in their notebook<\/strong>, then we assemble them and connect them with staples on our gang stitcher.<\/li>\n<li>At the end, with the teacher\u2019s assistance, everyone will <strong>cut their book on an electric cutter<\/strong> and decorate it according to their own ideas. Such as using stamps or a collage.<\/li>\n<\/ol>\n<p>What will it give the pupils?<\/p>\n<p>\/<strong> Practical experience<\/strong> on how to use waste materials in a meaningful way.<\/p>\n<p>\/ <strong>A self-made notebook that can be practically used during school lessons.<\/strong><\/p>\n<p>\/<strong> Getting to know a bookbinding workshop<\/strong> and getting acquainted with the bookbinding craft.<\/p>\n<p>\/ Option of <strong>trying out bookbinding machines<\/strong> with the assistance of the teacher (an experienced bookbinder).<\/p>\n<p>\/<strong> A shared experience<\/strong> to remember.<\/p>\n<p><strong>What\u2019s included in the price?<\/strong><\/p>\n<p>The price includes all materials, components and a teacher who will guide your class through the entire workshop. The presence of a school teacher who is responsible for the students is required throughout the workshop. A teacher accompanying students enters free of charge. <strong>The price of a workshop ranges from CZK 3,400 to CZK 4,300 per group.<\/strong><\/p>\n<p><strong>Can there be a workshop with more than 15 students?<\/strong><\/p>\n<p>As much as we would like it, our premises is not inflatable. That is why we organize practical workshops for larger groups in stages. Write to us and we\u2019ll come to an agreement.<\/p>\n<p>\/ length: <strong>1.5 hours\u00a0<\/strong>(90 minutes)<br \/>\n\/ number of pupils: <strong>5-15<\/strong> (over 16 pupils can be divided into two groups)<br \/>\n\/ suitable for<strong> 1st and 2nd sections of primary and secondary schools<\/strong><\/p>\n<p>&nbsp;<\/p>\n<p>&nbsp;<\/p>\n<p>&nbsp;<\/p>\n","protected":false},"featured_media":10092,"template":"","meta":{"inline_featured_image":false,"_uag_custom_page_level_css":"","spay_email":""},"product_cat":[167],"product_tag":[],"acf":[],"yoast_head":"<!-- This site is optimized with the Yoast SEO plugin v18.0 - https:\/\/yoast.com\/wordpress\/plugins\/seo\/ -->\n<title>Upcycling workshop for Schools \u2013 Sew a Notebook - Reform\u00e1t<\/title>\n<meta name=\"robots\" content=\"index, follow, max-snippet:-1, max-image-preview:large, max-video-preview:-1\" \/>\n<link rel=\"canonical\" href=\"https:\/\/reformat.cz\/en\/product\/upcycling-workshop-sew-a-notebook\/\" \/>\n<meta property=\"og:locale\" content=\"en_US\" \/>\n<meta property=\"og:type\" content=\"article\" \/>\n<meta property=\"og:title\" content=\"Upcycling workshop for Schools \u2013 Sew a Notebook - Reform\u00e1t\" \/>\n<meta property=\"og:description\" content=\"Are you thinking about an unusual experience for your class? Bring your pupils to our bookbinding workshop and make your own holiday books or pupil books. We will guide you through the creation process using old paper saved from disposal. In addition to working with bookbinding machines, the pupils will experience how to create sustainably.  How will the workshop take place?   We will welcome you, introduce the Reformat project and explain what recycling is and what upcycling is.  We will introduce you to the equipment in the bookbinding workshop, tools and machines.  Everyone chooses the paper in their notebook, then we assemble them and connect them with staples on our gang stitcher.  At the end, with the teacher\u2019s assistance, everyone will cut their book on an electric cutter and decorate it according to their own ideas. Such as using stamps or a collage.  What will it give the pupils?  \/ Practical experience on how to use waste materials in a meaningful way.  \/ A self-made notebook that can be practically used during school lessons.  \/ Getting to know a bookbinding workshop and getting acquainted with the bookbinding craft.  \/ Option of trying out bookbinding machines with the assistance of the teacher (an experienced bookbinder).  \/ A shared experience to remember.  What\u2019s included in the price?  The price includes all materials, components and a teacher who will guide your class through the entire workshop. The presence of a school teacher who is responsible for the students is required throughout the workshop. A teacher accompanying students enters free of charge. The price of a workshop ranges from CZK 3,400 to CZK 4,300 per group.  Can there be a workshop with more than 15 students?  As much as we would like it, our premises is not inflatable. That is why we organize practical workshops for larger groups in stages. Write to us and we\u2019ll come to an agreement.  \/ length: 1.5 hours\u00a0(90 minutes) \/ number of pupils: 5-15 (over 16 pupils can be divided into two groups) \/ suitable for 1st and 2nd sections of primary and secondary schools  &nbsp;  &nbsp;  &nbsp;\" \/>\n<meta property=\"og:url\" content=\"https:\/\/reformat.cz\/en\/product\/upcycling-workshop-sew-a-notebook\/\" \/>\n<meta property=\"og:site_name\" content=\"Reform\u00e1t\" \/>\n<meta property=\"article:publisher\" content=\"https:\/\/www.facebook.com\/reformatpapershop\" \/>\n<meta property=\"article:modified_time\" content=\"2022-10-15T11:19:36+00:00\" \/>\n<meta property=\"og:image\" content=\"https:\/\/reformat.cz\/wp-content\/uploads\/2022\/02\/sesit1-1024x1024.png\" \/>\n\t<meta property=\"og:image:width\" content=\"1024\" \/>\n\t<meta property=\"og:image:height\" content=\"1024\" \/>\n\t<meta property=\"og:image:type\" content=\"image\/png\" \/>\n<meta name=\"twitter:card\" content=\"summary_large_image\" \/>\n<script type=\"application\/ld+json\" class=\"yoast-schema-graph\">{\"@context\":\"https:\/\/schema.org\",\"@graph\":[{\"@type\":\"WebSite\",\"@id\":\"https:\/\/reformat.cz\/en\/#website\",\"url\":\"https:\/\/reformat.cz\/en\/\",\"name\":\"Reform\u00e1t\",\"description\":\"A\u017e doslou\u017e\u00edm, chci do bloku!\",\"potentialAction\":[{\"@type\":\"SearchAction\",\"target\":{\"@type\":\"EntryPoint\",\"urlTemplate\":\"https:\/\/reformat.cz\/en\/?s={search_term_string}\"},\"query-input\":\"required name=search_term_string\"}],\"inLanguage\":\"en-US\"},{\"@type\":\"ImageObject\",\"@id\":\"https:\/\/reformat.cz\/en\/product\/upcycling-workshop-sew-a-notebook\/#primaryimage\",\"inLanguage\":\"en-US\",\"url\":\"https:\/\/reformat.cz\/wp-content\/uploads\/2022\/02\/sesit1.png\",\"contentUrl\":\"https:\/\/reformat.cz\/wp-content\/uploads\/2022\/02\/sesit1.png\",\"width\":3500,\"height\":3500},{\"@type\":\"WebPage\",\"@id\":\"https:\/\/reformat.cz\/en\/product\/upcycling-workshop-sew-a-notebook\/#webpage\",\"url\":\"https:\/\/reformat.cz\/en\/product\/upcycling-workshop-sew-a-notebook\/\",\"name\":\"Upcycling workshop for Schools \u2013 Sew a Notebook - Reform\u00e1t\",\"isPartOf\":{\"@id\":\"https:\/\/reformat.cz\/en\/#website\"},\"primaryImageOfPage\":{\"@id\":\"https:\/\/reformat.cz\/en\/product\/upcycling-workshop-sew-a-notebook\/#primaryimage\"},\"datePublished\":\"2022-02-10T14:00:29+00:00\",\"dateModified\":\"2022-10-15T11:19:36+00:00\",\"breadcrumb\":{\"@id\":\"https:\/\/reformat.cz\/en\/product\/upcycling-workshop-sew-a-notebook\/#breadcrumb\"},\"inLanguage\":\"en-US\",\"potentialAction\":[{\"@type\":\"ReadAction\",\"target\":[\"https:\/\/reformat.cz\/en\/product\/upcycling-workshop-sew-a-notebook\/\"]}]},{\"@type\":\"BreadcrumbList\",\"@id\":\"https:\/\/reformat.cz\/en\/product\/upcycling-workshop-sew-a-notebook\/#breadcrumb\",\"itemListElement\":[{\"@type\":\"ListItem\",\"position\":1,\"name\":\"Dom\u016f\",\"item\":\"https:\/\/reformat.cz\/en\/\"},{\"@type\":\"ListItem\",\"position\":2,\"name\":\"Shop\",\"item\":\"https:\/\/reformat.cz\/en\/shop\/\"},{\"@type\":\"ListItem\",\"position\":3,\"name\":\"Upcycling workshop for Schools \u2013 Sew a Notebook\"}]}]}<\/script>\n<!-- \/ Yoast SEO plugin. -->","yoast_head_json":{"title":"Upcycling workshop for Schools \u2013 Sew a Notebook - Reform\u00e1t","robots":{"index":"index","follow":"follow","max-snippet":"max-snippet:-1","max-image-preview":"max-image-preview:large","max-video-preview":"max-video-preview:-1"},"canonical":"https:\/\/reformat.cz\/en\/product\/upcycling-workshop-sew-a-notebook\/","og_locale":"en_US","og_type":"article","og_title":"Upcycling workshop for Schools \u2013 Sew a Notebook - Reform\u00e1t","og_description":"Are you thinking about an unusual experience for your class? Bring your pupils to our bookbinding workshop and make your own holiday books or pupil books. We will guide you through the creation process using old paper saved from disposal. In addition to working with bookbinding machines, the pupils will experience how to create sustainably.  How will the workshop take place?   We will welcome you, introduce the Reformat project and explain what recycling is and what upcycling is.  We will introduce you to the equipment in the bookbinding workshop, tools and machines.  Everyone chooses the paper in their notebook, then we assemble them and connect them with staples on our gang stitcher.  At the end, with the teacher\u2019s assistance, everyone will cut their book on an electric cutter and decorate it according to their own ideas. Such as using stamps or a collage.  What will it give the pupils?  \/ Practical experience on how to use waste materials in a meaningful way.  \/ A self-made notebook that can be practically used during school lessons.  \/ Getting to know a bookbinding workshop and getting acquainted with the bookbinding craft.  \/ Option of trying out bookbinding machines with the assistance of the teacher (an experienced bookbinder).  \/ A shared experience to remember.  What\u2019s included in the price?  The price includes all materials, components and a teacher who will guide your class through the entire workshop. The presence of a school teacher who is responsible for the students is required throughout the workshop. A teacher accompanying students enters free of charge. The price of a workshop ranges from CZK 3,400 to CZK 4,300 per group.  Can there be a workshop with more than 15 students?  As much as we would like it, our premises is not inflatable. That is why we organize practical workshops for larger groups in stages. Write to us and we\u2019ll come to an agreement.  \/ length: 1.5 hours\u00a0(90 minutes) \/ number of pupils: 5-15 (over 16 pupils can be divided into two groups) \/ suitable for 1st and 2nd sections of primary and secondary schools  &nbsp;  &nbsp;  &nbsp;","og_url":"https:\/\/reformat.cz\/en\/product\/upcycling-workshop-sew-a-notebook\/","og_site_name":"Reform\u00e1t","article_publisher":"https:\/\/www.facebook.com\/reformatpapershop","article_modified_time":"2022-10-15T11:19:36+00:00","og_image":[{"width":1024,"height":1024,"url":"https:\/\/reformat.cz\/wp-content\/uploads\/2022\/02\/sesit1-1024x1024.png","type":"image\/png"}],"twitter_card":"summary_large_image","schema":{"@context":"https:\/\/schema.org","@graph":[{"@type":"WebSite","@id":"https:\/\/reformat.cz\/en\/#website","url":"https:\/\/reformat.cz\/en\/","name":"Reform\u00e1t","description":"A\u017e doslou\u017e\u00edm, chci do bloku!","potentialAction":[{"@type":"SearchAction","target":{"@type":"EntryPoint","urlTemplate":"https:\/\/reformat.cz\/en\/?s={search_term_string}"},"query-input":"required name=search_term_string"}],"inLanguage":"en-US"},{"@type":"ImageObject","@id":"https:\/\/reformat.cz\/en\/product\/upcycling-workshop-sew-a-notebook\/#primaryimage","inLanguage":"en-US","url":"https:\/\/reformat.cz\/wp-content\/uploads\/2022\/02\/sesit1.png","contentUrl":"https:\/\/reformat.cz\/wp-content\/uploads\/2022\/02\/sesit1.png","width":3500,"height":3500},{"@type":"WebPage","@id":"https:\/\/reformat.cz\/en\/product\/upcycling-workshop-sew-a-notebook\/#webpage","url":"https:\/\/reformat.cz\/en\/product\/upcycling-workshop-sew-a-notebook\/","name":"Upcycling workshop for Schools \u2013 Sew a Notebook - Reform\u00e1t","isPartOf":{"@id":"https:\/\/reformat.cz\/en\/#website"},"primaryImageOfPage":{"@id":"https:\/\/reformat.cz\/en\/product\/upcycling-workshop-sew-a-notebook\/#primaryimage"},"datePublished":"2022-02-10T14:00:29+00:00","dateModified":"2022-10-15T11:19:36+00:00","breadcrumb":{"@id":"https:\/\/reformat.cz\/en\/product\/upcycling-workshop-sew-a-notebook\/#breadcrumb"},"inLanguage":"en-US","potentialAction":[{"@type":"ReadAction","target":["https:\/\/reformat.cz\/en\/product\/upcycling-workshop-sew-a-notebook\/"]}]},{"@type":"BreadcrumbList","@id":"https:\/\/reformat.cz\/en\/product\/upcycling-workshop-sew-a-notebook\/#breadcrumb","itemListElement":[{"@type":"ListItem","position":1,"name":"Dom\u016f","item":"https:\/\/reformat.cz\/en\/"},{"@type":"ListItem","position":2,"name":"Shop","item":"https:\/\/reformat.cz\/en\/shop\/"},{"@type":"ListItem","position":3,"name":"Upcycling workshop for Schools \u2013 Sew a Notebook"}]}]}},"jetpack_publicize_connections":[],"uagb_featured_image_src":{"full":["https:\/\/reformat.cz\/wp-content\/uploads\/2022\/02\/sesit1.png",3500,3500,false],"thumbnail":["https:\/\/reformat.cz\/wp-content\/uploads\/2022\/02\/sesit1-150x150.png",150,150,true],"medium":["https:\/\/reformat.cz\/wp-content\/uploads\/2022\/02\/sesit1-300x300.png",300,300,true],"medium_large":["https:\/\/reformat.cz\/wp-content\/uploads\/2022\/02\/sesit1-768x768.png",768,768,true],"large":["https:\/\/reformat.cz\/wp-content\/uploads\/2022\/02\/sesit1-1024x1024.png",980,980,true],"1536x1536":["https:\/\/reformat.cz\/wp-content\/uploads\/2022\/02\/sesit1-1536x1536.png",1536,1536,true],"2048x2048":["https:\/\/reformat.cz\/wp-content\/uploads\/2022\/02\/sesit1-2048x2048.png",2048,2048,true],"woocommerce_thumbnail":["https:\/\/reformat.cz\/wp-content\/uploads\/2022\/02\/sesit1-324x324.png",324,324,true],"woocommerce_single":["https:\/\/reformat.cz\/wp-content\/uploads\/2022\/02\/sesit1-416x416.png",416,416,true],"woocommerce_gallery_thumbnail":["https:\/\/reformat.cz\/wp-content\/uploads\/2022\/02\/sesit1-100x100.png",100,100,true],"shop_catalog":["https:\/\/reformat.cz\/wp-content\/uploads\/2022\/02\/sesit1-324x324.png",324,324,true],"shop_single":["https:\/\/reformat.cz\/wp-content\/uploads\/2022\/02\/sesit1-416x416.png",416,416,true],"shop_thumbnail":["https:\/\/reformat.cz\/wp-content\/uploads\/2022\/02\/sesit1-100x100.png",100,100,true]},"uagb_author_info":{"display_name":"Produkce","author_link":"https:\/\/reformat.cz\/en\/author\/"},"uagb_comment_info":0,"uagb_excerpt":"Are you thinking about an unusual experience for your class? Bring your pupils to our bookbinding workshop and make your own holiday books or pupil books. We will guide you through the creation process using old paper saved from disposal. In addition to working with bookbinding machines, the pupils will experience how to create sustainably.&hellip;","jetpack_sharing_enabled":true,"_links":{"self":[{"href":"https:\/\/reformat.cz\/en\/wp-json\/wp\/v2\/product\/10617"}],"collection":[{"href":"https:\/\/reformat.cz\/en\/wp-json\/wp\/v2\/product"}],"about":[{"href":"https:\/\/reformat.cz\/en\/wp-json\/wp\/v2\/types\/product"}],"wp:featuredmedia":[{"embeddable":true,"href":"https:\/\/reformat.cz\/en\/wp-json\/wp\/v2\/media\/10092"}],"wp:attachment":[{"href":"https:\/\/reformat.cz\/en\/wp-json\/wp\/v2\/media?parent=10617"}],"wp:term":[{"taxonomy":"product_cat","embeddable":true,"href":"https:\/\/reformat.cz\/en\/wp-json\/wp\/v2\/product_cat?post=10617"},{"taxonomy":"product_tag","embeddable":true,"href":"https:\/\/reformat.cz\/en\/wp-json\/wp\/v2\/product_tag?post=10617"}],"curies":[{"name":"wp","href":"https:\/\/api.w.org\/{rel}","templated":true}]}}