{"id":10616,"date":"2022-02-10T15:38:52","date_gmt":"2022-02-10T14:38:52","guid":{"rendered":"https:\/\/reformat.cz\/produkt\/upcycling-workshop-for-companies-basic\/"},"modified":"2022-02-10T15:38:52","modified_gmt":"2022-02-10T14:38:52","slug":"upcycling-workshop-for-companies-basic","status":"publish","type":"product","link":"https:\/\/reformat.cz\/en\/product\/upcycling-workshop-for-companies-basic\/","title":{"rendered":"Upcycling Workshop for Companies (basic)"},"content":{"rendered":"","protected":false},"excerpt":{"rendered":"<p>Enjoy a relaxing evening with your colleagues in a bookbinding workshop. Unleash your imagination and create your own personal notebook from old paper and scraps. We will introduce you to bookbinding machines and the idea of upcycling. The workshop is also suitable for absolute beginners, so in addition to relaxation, creative work will give you plenty of time to chat with others in peace.<\/p>\n<p><strong>What can you produce?<\/strong><\/p>\n<p>You can choose from three products:<\/p>\n<ol>\n<li><strong>pocket notepad with screws<\/strong> &#8211; softcover notepad bound with bookbinding screws and complete with elastic band<\/li>\n<li><strong>notebook<\/strong> &#8211; A5 notebook with staples or thread binding, with a handy pocket and elastic band<\/li>\n<li><strong>ring-bound pocket notepad<\/strong> &#8211; hardcover ring-bound notepad, complete with elastic band<\/li>\n<\/ol>\n<p><strong>What can you expect at the workshop?<\/strong><\/p>\n<ol>\n<li>Definitions of <strong>recycling<\/strong> and<strong> upcycling,<\/strong> introduction to bookbinding machines<\/li>\n<li>Explanation of the workflow, s<strong>election of materials, creation of products under the teacher\u2019s guidance<\/strong><\/li>\n<li>Product finishing, WS finishing<\/li>\n<\/ol>\n<p>We use waste and residual materials for production. Do you have old paper that could be used? Bring it with you to the workshop.<\/p>\n<p><strong>Why take a course with us?<\/strong><\/p>\n<p><strong>\/ We take a sustainable approach to design,<\/strong> we upcycle unused materials. All the paper in our workshop is second hand.<br \/>\n<span lang=\"EN-GB\">\/ Creative and handicraft activities calm you down, <strong>you forget your everyday worries.<\/strong><br \/>\n\/\u00a0History meets new technologies in our bookbinding workshop. D<strong>uring the workshops, you have the opportunity to work with new bookbinding machines as well as ones that are several decades old.<\/strong><br \/>\n\/\u00a0<strong>We can organize a workshop at your company premises<\/strong> and for a larger number of participants.<\/span><\/p>\n<p><strong>How much will it cost?<\/strong><br \/>\n<span lang=\"EN-GB\">The price of a workshop ranges\u00a0<\/span>from CZK 3.500.<\/p>\n<div>\/ length: 1,5 hours (90 minutes)<br \/>\n<span lang=\"EN-GB\">\/ number of participants: 4-8<\/span><\/div>\n<div>\n<p>&nbsp;<\/p>\n<\/div>\n","protected":false},"featured_media":9603,"template":"","meta":{"inline_featured_image":false,"_uag_custom_page_level_css":"","spay_email":""},"product_cat":[168],"product_tag":[],"acf":[],"yoast_head":"<!-- This site is optimized with the Yoast SEO plugin v18.0 - https:\/\/yoast.com\/wordpress\/plugins\/seo\/ -->\n<title>Upcycling Workshop for Companies (basic) - Reform\u00e1t<\/title>\n<meta name=\"robots\" content=\"index, follow, max-snippet:-1, max-image-preview:large, max-video-preview:-1\" \/>\n<link rel=\"canonical\" href=\"https:\/\/reformat.cz\/en\/product\/upcycling-workshop-for-companies-basic\/\" \/>\n<meta property=\"og:locale\" content=\"en_US\" \/>\n<meta property=\"og:type\" content=\"article\" \/>\n<meta property=\"og:title\" content=\"Upcycling Workshop for Companies (basic) - Reform\u00e1t\" \/>\n<meta property=\"og:description\" content=\"Enjoy a relaxing evening with your colleagues in a bookbinding workshop. Unleash your imagination and create your own personal notebook from old paper and scraps. We will introduce you to bookbinding machines and the idea of upcycling. The workshop is also suitable for absolute beginners, so in addition to relaxation, creative work will give you plenty of time to chat with others in peace.  What can you produce?  You can choose from three products:   pocket notepad with screws - softcover notepad bound with bookbinding screws and complete with elastic band  notebook - A5 notebook with staples or thread binding, with a handy pocket and elastic band  ring-bound pocket notepad - hardcover ring-bound notepad, complete with elastic band  What can you expect at the workshop?   Definitions of recycling and upcycling, introduction to bookbinding machines  Explanation of the workflow, selection of materials, creation of products under the teacher\u2019s guidance  Product finishing, WS finishing  We use waste and residual materials for production. Do you have old paper that could be used? Bring it with you to the workshop.  Why take a course with us?  \/ We take a sustainable approach to design, we upcycle unused materials. All the paper in our workshop is second hand. \/ Creative and handicraft activities calm you down, you forget your everyday worries. \/\u00a0History meets new technologies in our bookbinding workshop. During the workshops, you have the opportunity to work with new bookbinding machines as well as ones that are several decades old. \/\u00a0We can organize a workshop at your company premises and for a larger number of participants.  How much will it cost? The price of a workshop ranges\u00a0from CZK 3.500. \/ length: 1,5 hours (90 minutes) \/ number of participants: 4-8   &nbsp;\" \/>\n<meta property=\"og:url\" content=\"https:\/\/reformat.cz\/en\/product\/upcycling-workshop-for-companies-basic\/\" \/>\n<meta property=\"og:site_name\" content=\"Reform\u00e1t\" \/>\n<meta property=\"article:publisher\" content=\"https:\/\/www.facebook.com\/reformatpapershop\" \/>\n<meta property=\"og:image\" content=\"https:\/\/reformat.cz\/wp-content\/uploads\/2021\/09\/ZZM3web-1.jpg\" \/>\n\t<meta property=\"og:image:width\" content=\"3500\" \/>\n\t<meta property=\"og:image:height\" content=\"3500\" \/>\n\t<meta property=\"og:image:type\" content=\"image\/jpeg\" \/>\n<meta name=\"twitter:card\" content=\"summary_large_image\" \/>\n<script type=\"application\/ld+json\" class=\"yoast-schema-graph\">{\"@context\":\"https:\/\/schema.org\",\"@graph\":[{\"@type\":\"WebSite\",\"@id\":\"https:\/\/reformat.cz\/en\/#website\",\"url\":\"https:\/\/reformat.cz\/en\/\",\"name\":\"Reform\u00e1t\",\"description\":\"A\u017e doslou\u017e\u00edm, chci do bloku!\",\"potentialAction\":[{\"@type\":\"SearchAction\",\"target\":{\"@type\":\"EntryPoint\",\"urlTemplate\":\"https:\/\/reformat.cz\/en\/?s={search_term_string}\"},\"query-input\":\"required name=search_term_string\"}],\"inLanguage\":\"en-US\"},{\"@type\":\"ImageObject\",\"@id\":\"https:\/\/reformat.cz\/en\/product\/upcycling-workshop-for-companies-basic\/#primaryimage\",\"inLanguage\":\"en-US\",\"url\":\"https:\/\/reformat.cz\/wp-content\/uploads\/2021\/09\/ZZM3web-1.jpg\",\"contentUrl\":\"https:\/\/reformat.cz\/wp-content\/uploads\/2021\/09\/ZZM3web-1.jpg\",\"width\":3500,\"height\":3500},{\"@type\":\"WebPage\",\"@id\":\"https:\/\/reformat.cz\/en\/product\/upcycling-workshop-for-companies-basic\/#webpage\",\"url\":\"https:\/\/reformat.cz\/en\/product\/upcycling-workshop-for-companies-basic\/\",\"name\":\"Upcycling Workshop for Companies (basic) - Reform\u00e1t\",\"isPartOf\":{\"@id\":\"https:\/\/reformat.cz\/en\/#website\"},\"primaryImageOfPage\":{\"@id\":\"https:\/\/reformat.cz\/en\/product\/upcycling-workshop-for-companies-basic\/#primaryimage\"},\"datePublished\":\"2022-02-10T14:38:52+00:00\",\"dateModified\":\"2022-02-10T14:38:52+00:00\",\"breadcrumb\":{\"@id\":\"https:\/\/reformat.cz\/en\/product\/upcycling-workshop-for-companies-basic\/#breadcrumb\"},\"inLanguage\":\"en-US\",\"potentialAction\":[{\"@type\":\"ReadAction\",\"target\":[\"https:\/\/reformat.cz\/en\/product\/upcycling-workshop-for-companies-basic\/\"]}]},{\"@type\":\"BreadcrumbList\",\"@id\":\"https:\/\/reformat.cz\/en\/product\/upcycling-workshop-for-companies-basic\/#breadcrumb\",\"itemListElement\":[{\"@type\":\"ListItem\",\"position\":1,\"name\":\"Dom\u016f\",\"item\":\"https:\/\/reformat.cz\/en\/\"},{\"@type\":\"ListItem\",\"position\":2,\"name\":\"Shop\",\"item\":\"https:\/\/reformat.cz\/en\/shop\/\"},{\"@type\":\"ListItem\",\"position\":3,\"name\":\"Upcycling Workshop for Companies (basic)\"}]}]}<\/script>\n<!-- \/ Yoast SEO plugin. -->","yoast_head_json":{"title":"Upcycling Workshop for Companies (basic) - Reform\u00e1t","robots":{"index":"index","follow":"follow","max-snippet":"max-snippet:-1","max-image-preview":"max-image-preview:large","max-video-preview":"max-video-preview:-1"},"canonical":"https:\/\/reformat.cz\/en\/product\/upcycling-workshop-for-companies-basic\/","og_locale":"en_US","og_type":"article","og_title":"Upcycling Workshop for Companies (basic) - Reform\u00e1t","og_description":"Enjoy a relaxing evening with your colleagues in a bookbinding workshop. Unleash your imagination and create your own personal notebook from old paper and scraps. We will introduce you to bookbinding machines and the idea of upcycling. The workshop is also suitable for absolute beginners, so in addition to relaxation, creative work will give you plenty of time to chat with others in peace.  What can you produce?  You can choose from three products:   pocket notepad with screws - softcover notepad bound with bookbinding screws and complete with elastic band  notebook - A5 notebook with staples or thread binding, with a handy pocket and elastic band  ring-bound pocket notepad - hardcover ring-bound notepad, complete with elastic band  What can you expect at the workshop?   Definitions of recycling and upcycling, introduction to bookbinding machines  Explanation of the workflow, selection of materials, creation of products under the teacher\u2019s guidance  Product finishing, WS finishing  We use waste and residual materials for production. Do you have old paper that could be used? Bring it with you to the workshop.  Why take a course with us?  \/ We take a sustainable approach to design, we upcycle unused materials. All the paper in our workshop is second hand. \/ Creative and handicraft activities calm you down, you forget your everyday worries. \/\u00a0History meets new technologies in our bookbinding workshop. During the workshops, you have the opportunity to work with new bookbinding machines as well as ones that are several decades old. \/\u00a0We can organize a workshop at your company premises and for a larger number of participants.  How much will it cost? The price of a workshop ranges\u00a0from CZK 3.500. \/ length: 1,5 hours (90 minutes) \/ number of participants: 4-8   &nbsp;","og_url":"https:\/\/reformat.cz\/en\/product\/upcycling-workshop-for-companies-basic\/","og_site_name":"Reform\u00e1t","article_publisher":"https:\/\/www.facebook.com\/reformatpapershop","og_image":[{"width":3500,"height":3500,"url":"https:\/\/reformat.cz\/wp-content\/uploads\/2021\/09\/ZZM3web-1.jpg","type":"image\/jpeg"}],"twitter_card":"summary_large_image","schema":{"@context":"https:\/\/schema.org","@graph":[{"@type":"WebSite","@id":"https:\/\/reformat.cz\/en\/#website","url":"https:\/\/reformat.cz\/en\/","name":"Reform\u00e1t","description":"A\u017e doslou\u017e\u00edm, chci do bloku!","potentialAction":[{"@type":"SearchAction","target":{"@type":"EntryPoint","urlTemplate":"https:\/\/reformat.cz\/en\/?s={search_term_string}"},"query-input":"required name=search_term_string"}],"inLanguage":"en-US"},{"@type":"ImageObject","@id":"https:\/\/reformat.cz\/en\/product\/upcycling-workshop-for-companies-basic\/#primaryimage","inLanguage":"en-US","url":"https:\/\/reformat.cz\/wp-content\/uploads\/2021\/09\/ZZM3web-1.jpg","contentUrl":"https:\/\/reformat.cz\/wp-content\/uploads\/2021\/09\/ZZM3web-1.jpg","width":3500,"height":3500},{"@type":"WebPage","@id":"https:\/\/reformat.cz\/en\/product\/upcycling-workshop-for-companies-basic\/#webpage","url":"https:\/\/reformat.cz\/en\/product\/upcycling-workshop-for-companies-basic\/","name":"Upcycling Workshop for Companies (basic) - Reform\u00e1t","isPartOf":{"@id":"https:\/\/reformat.cz\/en\/#website"},"primaryImageOfPage":{"@id":"https:\/\/reformat.cz\/en\/product\/upcycling-workshop-for-companies-basic\/#primaryimage"},"datePublished":"2022-02-10T14:38:52+00:00","dateModified":"2022-02-10T14:38:52+00:00","breadcrumb":{"@id":"https:\/\/reformat.cz\/en\/product\/upcycling-workshop-for-companies-basic\/#breadcrumb"},"inLanguage":"en-US","potentialAction":[{"@type":"ReadAction","target":["https:\/\/reformat.cz\/en\/product\/upcycling-workshop-for-companies-basic\/"]}]},{"@type":"BreadcrumbList","@id":"https:\/\/reformat.cz\/en\/product\/upcycling-workshop-for-companies-basic\/#breadcrumb","itemListElement":[{"@type":"ListItem","position":1,"name":"Dom\u016f","item":"https:\/\/reformat.cz\/en\/"},{"@type":"ListItem","position":2,"name":"Shop","item":"https:\/\/reformat.cz\/en\/shop\/"},{"@type":"ListItem","position":3,"name":"Upcycling Workshop for Companies (basic)"}]}]}},"jetpack_publicize_connections":[],"uagb_featured_image_src":{"full":["https:\/\/reformat.cz\/wp-content\/uploads\/2021\/09\/ZZM3web-1.jpg",3500,3500,false],"thumbnail":["https:\/\/reformat.cz\/wp-content\/uploads\/2021\/09\/ZZM3web-1-150x150.jpg",150,150,true],"medium":["https:\/\/reformat.cz\/wp-content\/uploads\/2021\/09\/ZZM3web-1-300x300.jpg",300,300,true],"medium_large":["https:\/\/reformat.cz\/wp-content\/uploads\/2021\/09\/ZZM3web-1-768x768.jpg",768,768,true],"large":["https:\/\/reformat.cz\/wp-content\/uploads\/2021\/09\/ZZM3web-1-1024x1024.jpg",980,980,true],"1536x1536":["https:\/\/reformat.cz\/wp-content\/uploads\/2021\/09\/ZZM3web-1.jpg",1536,1536,false],"2048x2048":["https:\/\/reformat.cz\/wp-content\/uploads\/2021\/09\/ZZM3web-1.jpg",2048,2048,false],"woocommerce_thumbnail":["https:\/\/reformat.cz\/wp-content\/uploads\/2021\/09\/ZZM3web-1-324x324.jpg",324,324,true],"woocommerce_single":["https:\/\/reformat.cz\/wp-content\/uploads\/2021\/09\/ZZM3web-1-416x416.jpg",416,416,true],"woocommerce_gallery_thumbnail":["https:\/\/reformat.cz\/wp-content\/uploads\/2021\/09\/ZZM3web-1-100x100.jpg",100,100,true],"shop_catalog":["https:\/\/reformat.cz\/wp-content\/uploads\/2021\/09\/ZZM3web-1-324x324.jpg",324,324,true],"shop_single":["https:\/\/reformat.cz\/wp-content\/uploads\/2021\/09\/ZZM3web-1-416x416.jpg",416,416,true],"shop_thumbnail":["https:\/\/reformat.cz\/wp-content\/uploads\/2021\/09\/ZZM3web-1-100x100.jpg",100,100,true]},"uagb_author_info":{"display_name":"Produkce","author_link":"https:\/\/reformat.cz\/en\/author\/"},"uagb_comment_info":0,"uagb_excerpt":"Enjoy a relaxing evening with your colleagues in a bookbinding workshop. Unleash your imagination and create your own personal notebook from old paper and scraps. We will introduce you to bookbinding machines and the idea of upcycling. The workshop is also suitable for absolute beginners, so in addition to relaxation, creative work will give you&hellip;","jetpack_sharing_enabled":true,"_links":{"self":[{"href":"https:\/\/reformat.cz\/en\/wp-json\/wp\/v2\/product\/10616"}],"collection":[{"href":"https:\/\/reformat.cz\/en\/wp-json\/wp\/v2\/product"}],"about":[{"href":"https:\/\/reformat.cz\/en\/wp-json\/wp\/v2\/types\/product"}],"wp:featuredmedia":[{"embeddable":true,"href":"https:\/\/reformat.cz\/en\/wp-json\/wp\/v2\/media\/9603"}],"wp:attachment":[{"href":"https:\/\/reformat.cz\/en\/wp-json\/wp\/v2\/media?parent=10616"}],"wp:term":[{"taxonomy":"product_cat","embeddable":true,"href":"https:\/\/reformat.cz\/en\/wp-json\/wp\/v2\/product_cat?post=10616"},{"taxonomy":"product_tag","embeddable":true,"href":"https:\/\/reformat.cz\/en\/wp-json\/wp\/v2\/product_tag?post=10616"}],"curies":[{"name":"wp","href":"https:\/\/api.w.org\/{rel}","templated":true}]}}