{"id":10462,"date":"2019-06-21T15:09:41","date_gmt":"2019-06-21T13:09:41","guid":{"rendered":"https:\/\/reformat.cz\/produkt\/desk-planner\/"},"modified":"2026-02-03T14:11:52","modified_gmt":"2026-02-03T13:11:52","slug":"desk-planner","status":"publish","type":"product","link":"https:\/\/reformat.cz\/en\/product\/desk-planner\/","title":{"rendered":"Desk planner"},"content":{"rendered":"","protected":false},"excerpt":{"rendered":"<p><strong>specifications:<br \/>\n<\/strong><u>dimension:<br \/>\n<\/u><span class=\"s1\">212 \u00d7 310 mm<br \/>\n<\/span><u>number of sheets:<\/u><br \/>\n54<\/p>\n<div style=\"display: flex; align-items: center;\"><strong><img class=\"alignnone wp-image-11174\" src=\"https:\/\/reformat.cz\/wp-content\/uploads\/2021\/10\/vahainfografika-k-produktu_100x100px-1.png\" alt=\"\" width=\"50\" height=\"50\" \/><br \/>\n<\/strong><strong>\u00a0 45 min<\/strong>\u00a0handwork<\/div>\n<div style=\"display: flex; align-items: center;\"><strong><img class=\"alignnone wp-image-11178\" src=\"https:\/\/reformat.cz\/wp-content\/uploads\/2021\/10\/vahainfografika-k-produktu_100x100px-3.png\" alt=\"\" width=\"50\" height=\"50\" \/><\/strong> \u00a0created from<strong>\u00a00,28 kg of waste<\/strong><\/div>\n<p><strong><br \/>\ndescription:<br \/>\n<\/strong><\/p>\n<p>A tear-off planner that you can use as a monthly planner, or arrange it as a weekly or daily planner. The planner has 54 sheets, which covers either 54 months (4.5 years) or 54 weeks (1 year). The product is handmade from more than 80% waste or leftover materials. Thanks to the cut-out &#8220;calendar legs&#8221;, the planner can be easily placed on a table or laid down. As your schedule and work demands. In addition to the calendar, each sheet also contains space for notes and tasks. <strong>The calendar alternates randomly colored sheets (beige, yellow, green, gray), and the first page of the planner varies accordingly.<\/strong><\/p>\n","protected":false},"featured_media":14366,"template":"","meta":{"inline_featured_image":false,"_uag_custom_page_level_css":"","spay_email":""},"product_cat":[131,137],"product_tag":[],"acf":[],"yoast_head":"<!-- This site is optimized with the Yoast SEO plugin v18.0 - https:\/\/yoast.com\/wordpress\/plugins\/seo\/ -->\n<title>Desk planner - Reform\u00e1t<\/title>\n<meta name=\"robots\" content=\"index, follow, max-snippet:-1, max-image-preview:large, max-video-preview:-1\" \/>\n<link rel=\"canonical\" href=\"https:\/\/reformat.cz\/en\/product\/desk-planner\/\" \/>\n<meta property=\"og:locale\" content=\"en_US\" \/>\n<meta property=\"og:type\" content=\"article\" \/>\n<meta property=\"og:title\" content=\"Desk planner - Reform\u00e1t\" \/>\n<meta property=\"og:description\" content=\"specifications: dimension: 212 \u00d7 310 mm number of sheets: 54  \u00a0 45 min\u00a0handwork  \u00a0created from\u00a00,28 kg of waste  description:   A tear-off planner that you can use as a monthly planner, or arrange it as a weekly or daily planner. The planner has 54 sheets, which covers either 54 months (4.5 years) or 54 weeks (1 year). The product is handmade from more than 80% waste or leftover materials. Thanks to the cut-out &quot;calendar legs&quot;, the planner can be easily placed on a table or laid down. As your schedule and work demands. In addition to the calendar, each sheet also contains space for notes and tasks. The calendar alternates randomly colored sheets (beige, yellow, green, gray), and the first page of the planner varies accordingly.\" \/>\n<meta property=\"og:url\" content=\"https:\/\/reformat.cz\/en\/product\/desk-planner\/\" \/>\n<meta property=\"og:site_name\" content=\"Reform\u00e1t\" \/>\n<meta property=\"article:publisher\" content=\"https:\/\/www.facebook.com\/reformatpapershop\" \/>\n<meta property=\"article:modified_time\" content=\"2026-02-03T13:11:52+00:00\" \/>\n<meta property=\"og:image\" content=\"https:\/\/reformat.cz\/wp-content\/uploads\/2019\/06\/uvodni-stolni-planovac-scaled.jpg\" \/>\n\t<meta property=\"og:image:width\" content=\"2048\" \/>\n\t<meta property=\"og:image:height\" content=\"2048\" \/>\n\t<meta property=\"og:image:type\" content=\"image\/jpeg\" \/>\n<meta name=\"twitter:card\" content=\"summary_large_image\" \/>\n<script type=\"application\/ld+json\" class=\"yoast-schema-graph\">{\"@context\":\"https:\/\/schema.org\",\"@graph\":[{\"@type\":\"WebSite\",\"@id\":\"https:\/\/reformat.cz\/en\/#website\",\"url\":\"https:\/\/reformat.cz\/en\/\",\"name\":\"Reform\u00e1t\",\"description\":\"A\u017e doslou\u017e\u00edm, chci do bloku!\",\"potentialAction\":[{\"@type\":\"SearchAction\",\"target\":{\"@type\":\"EntryPoint\",\"urlTemplate\":\"https:\/\/reformat.cz\/en\/?s={search_term_string}\"},\"query-input\":\"required name=search_term_string\"}],\"inLanguage\":\"en-US\"},{\"@type\":\"ImageObject\",\"@id\":\"https:\/\/reformat.cz\/en\/product\/desk-planner\/#primaryimage\",\"inLanguage\":\"en-US\",\"url\":\"https:\/\/reformat.cz\/wp-content\/uploads\/2019\/06\/uvodni-stolni-planovac-scaled.jpg\",\"contentUrl\":\"https:\/\/reformat.cz\/wp-content\/uploads\/2019\/06\/uvodni-stolni-planovac-scaled.jpg\",\"width\":2048,\"height\":2048},{\"@type\":\"WebPage\",\"@id\":\"https:\/\/reformat.cz\/en\/product\/desk-planner\/#webpage\",\"url\":\"https:\/\/reformat.cz\/en\/product\/desk-planner\/\",\"name\":\"Desk planner - Reform\u00e1t\",\"isPartOf\":{\"@id\":\"https:\/\/reformat.cz\/en\/#website\"},\"primaryImageOfPage\":{\"@id\":\"https:\/\/reformat.cz\/en\/product\/desk-planner\/#primaryimage\"},\"datePublished\":\"2019-06-21T13:09:41+00:00\",\"dateModified\":\"2026-02-03T13:11:52+00:00\",\"breadcrumb\":{\"@id\":\"https:\/\/reformat.cz\/en\/product\/desk-planner\/#breadcrumb\"},\"inLanguage\":\"en-US\",\"potentialAction\":[{\"@type\":\"ReadAction\",\"target\":[\"https:\/\/reformat.cz\/en\/product\/desk-planner\/\"]}]},{\"@type\":\"BreadcrumbList\",\"@id\":\"https:\/\/reformat.cz\/en\/product\/desk-planner\/#breadcrumb\",\"itemListElement\":[{\"@type\":\"ListItem\",\"position\":1,\"name\":\"Dom\u016f\",\"item\":\"https:\/\/reformat.cz\/en\/\"},{\"@type\":\"ListItem\",\"position\":2,\"name\":\"Shop\",\"item\":\"https:\/\/reformat.cz\/en\/shop\/\"},{\"@type\":\"ListItem\",\"position\":3,\"name\":\"Desk planner\"}]}]}<\/script>\n<!-- \/ Yoast SEO plugin. -->","yoast_head_json":{"title":"Desk planner - Reform\u00e1t","robots":{"index":"index","follow":"follow","max-snippet":"max-snippet:-1","max-image-preview":"max-image-preview:large","max-video-preview":"max-video-preview:-1"},"canonical":"https:\/\/reformat.cz\/en\/product\/desk-planner\/","og_locale":"en_US","og_type":"article","og_title":"Desk planner - Reform\u00e1t","og_description":"specifications: dimension: 212 \u00d7 310 mm number of sheets: 54  \u00a0 45 min\u00a0handwork  \u00a0created from\u00a00,28 kg of waste  description:   A tear-off planner that you can use as a monthly planner, or arrange it as a weekly or daily planner. The planner has 54 sheets, which covers either 54 months (4.5 years) or 54 weeks (1 year). The product is handmade from more than 80% waste or leftover materials. Thanks to the cut-out \"calendar legs\", the planner can be easily placed on a table or laid down. As your schedule and work demands. In addition to the calendar, each sheet also contains space for notes and tasks. The calendar alternates randomly colored sheets (beige, yellow, green, gray), and the first page of the planner varies accordingly.","og_url":"https:\/\/reformat.cz\/en\/product\/desk-planner\/","og_site_name":"Reform\u00e1t","article_publisher":"https:\/\/www.facebook.com\/reformatpapershop","article_modified_time":"2026-02-03T13:11:52+00:00","og_image":[{"width":2048,"height":2048,"url":"https:\/\/reformat.cz\/wp-content\/uploads\/2019\/06\/uvodni-stolni-planovac-scaled.jpg","type":"image\/jpeg"}],"twitter_card":"summary_large_image","schema":{"@context":"https:\/\/schema.org","@graph":[{"@type":"WebSite","@id":"https:\/\/reformat.cz\/en\/#website","url":"https:\/\/reformat.cz\/en\/","name":"Reform\u00e1t","description":"A\u017e doslou\u017e\u00edm, chci do bloku!","potentialAction":[{"@type":"SearchAction","target":{"@type":"EntryPoint","urlTemplate":"https:\/\/reformat.cz\/en\/?s={search_term_string}"},"query-input":"required name=search_term_string"}],"inLanguage":"en-US"},{"@type":"ImageObject","@id":"https:\/\/reformat.cz\/en\/product\/desk-planner\/#primaryimage","inLanguage":"en-US","url":"https:\/\/reformat.cz\/wp-content\/uploads\/2019\/06\/uvodni-stolni-planovac-scaled.jpg","contentUrl":"https:\/\/reformat.cz\/wp-content\/uploads\/2019\/06\/uvodni-stolni-planovac-scaled.jpg","width":2048,"height":2048},{"@type":"WebPage","@id":"https:\/\/reformat.cz\/en\/product\/desk-planner\/#webpage","url":"https:\/\/reformat.cz\/en\/product\/desk-planner\/","name":"Desk planner - Reform\u00e1t","isPartOf":{"@id":"https:\/\/reformat.cz\/en\/#website"},"primaryImageOfPage":{"@id":"https:\/\/reformat.cz\/en\/product\/desk-planner\/#primaryimage"},"datePublished":"2019-06-21T13:09:41+00:00","dateModified":"2026-02-03T13:11:52+00:00","breadcrumb":{"@id":"https:\/\/reformat.cz\/en\/product\/desk-planner\/#breadcrumb"},"inLanguage":"en-US","potentialAction":[{"@type":"ReadAction","target":["https:\/\/reformat.cz\/en\/product\/desk-planner\/"]}]},{"@type":"BreadcrumbList","@id":"https:\/\/reformat.cz\/en\/product\/desk-planner\/#breadcrumb","itemListElement":[{"@type":"ListItem","position":1,"name":"Dom\u016f","item":"https:\/\/reformat.cz\/en\/"},{"@type":"ListItem","position":2,"name":"Shop","item":"https:\/\/reformat.cz\/en\/shop\/"},{"@type":"ListItem","position":3,"name":"Desk planner"}]}]}},"jetpack_publicize_connections":[],"uagb_featured_image_src":{"full":["https:\/\/reformat.cz\/wp-content\/uploads\/2019\/06\/uvodni-stolni-planovac-scaled.jpg",2048,2048,false],"thumbnail":["https:\/\/reformat.cz\/wp-content\/uploads\/2019\/06\/uvodni-stolni-planovac-150x150.jpg",150,150,true],"medium":["https:\/\/reformat.cz\/wp-content\/uploads\/2019\/06\/uvodni-stolni-planovac-300x300.jpg",300,300,true],"medium_large":["https:\/\/reformat.cz\/wp-content\/uploads\/2019\/06\/uvodni-stolni-planovac-768x768.jpg",768,768,true],"large":["https:\/\/reformat.cz\/wp-content\/uploads\/2019\/06\/uvodni-stolni-planovac-1024x1024.jpg",980,980,true],"1536x1536":["https:\/\/reformat.cz\/wp-content\/uploads\/2019\/06\/uvodni-stolni-planovac-1536x1536.jpg",1536,1536,true],"2048x2048":["https:\/\/reformat.cz\/wp-content\/uploads\/2019\/06\/uvodni-stolni-planovac-2048x2048.jpg",2048,2048,true],"woocommerce_thumbnail":["https:\/\/reformat.cz\/wp-content\/uploads\/2019\/06\/uvodni-stolni-planovac-324x324.jpg",324,324,true],"woocommerce_single":["https:\/\/reformat.cz\/wp-content\/uploads\/2019\/06\/uvodni-stolni-planovac-416x416.jpg",416,416,true],"woocommerce_gallery_thumbnail":["https:\/\/reformat.cz\/wp-content\/uploads\/2019\/06\/uvodni-stolni-planovac-100x100.jpg",100,100,true],"shop_catalog":["https:\/\/reformat.cz\/wp-content\/uploads\/2019\/06\/uvodni-stolni-planovac-324x324.jpg",324,324,true],"shop_single":["https:\/\/reformat.cz\/wp-content\/uploads\/2019\/06\/uvodni-stolni-planovac-416x416.jpg",416,416,true],"shop_thumbnail":["https:\/\/reformat.cz\/wp-content\/uploads\/2019\/06\/uvodni-stolni-planovac-100x100.jpg",100,100,true]},"uagb_author_info":{"display_name":"admin","author_link":"https:\/\/reformat.cz\/en\/author\/"},"uagb_comment_info":0,"uagb_excerpt":"specifications: dimension: 212 \u00d7 310 mm number of sheets: 54 \u00a0 45 min\u00a0handwork \u00a0created from\u00a00,28 kg of waste description: A tear-off planner that you can use as a monthly planner, or arrange it as a weekly or daily planner. The planner has 54 sheets, which covers either 54 months (4.5 years) or 54 weeks (1&hellip;","jetpack_sharing_enabled":true,"_links":{"self":[{"href":"https:\/\/reformat.cz\/en\/wp-json\/wp\/v2\/product\/10462"}],"collection":[{"href":"https:\/\/reformat.cz\/en\/wp-json\/wp\/v2\/product"}],"about":[{"href":"https:\/\/reformat.cz\/en\/wp-json\/wp\/v2\/types\/product"}],"wp:featuredmedia":[{"embeddable":true,"href":"https:\/\/reformat.cz\/en\/wp-json\/wp\/v2\/media\/14366"}],"wp:attachment":[{"href":"https:\/\/reformat.cz\/en\/wp-json\/wp\/v2\/media?parent=10462"}],"wp:term":[{"taxonomy":"product_cat","embeddable":true,"href":"https:\/\/reformat.cz\/en\/wp-json\/wp\/v2\/product_cat?post=10462"},{"taxonomy":"product_tag","embeddable":true,"href":"https:\/\/reformat.cz\/en\/wp-json\/wp\/v2\/product_tag?post=10462"}],"curies":[{"name":"wp","href":"https:\/\/api.w.org\/{rel}","templated":true}]}}