{"id":10460,"date":"2021-04-22T11:21:08","date_gmt":"2021-04-22T09:21:08","guid":{"rendered":"https:\/\/reformat.cz\/produkt\/wall-planner\/"},"modified":"2025-04-11T15:46:08","modified_gmt":"2025-04-11T13:46:08","slug":"wall-planner","status":"publish","type":"product","link":"https:\/\/reformat.cz\/en\/product\/wall-planner\/","title":{"rendered":"Wall planner"},"content":{"rendered":"","protected":false},"excerpt":{"rendered":"<p><strong>specifications:<\/strong><\/p>\n<p><u>dimensions:<\/u><br \/>\n310 x 450 mm<br \/>\n<u>number of sheets:<\/u><br \/>\n<span lang=\"EN-GB\">54<\/span><span lang=\"EN-GB\"><br \/>\n<\/span><\/p>\n<div><\/div>\n<p><strong>description:<\/strong><\/p>\n<div><span lang=\"EN-GB\">A tear-off wall planner in almost SRA3 format that you can use as a monthly or weekly planner. The planner has 54 sheets, covering either 54 months (4.5 years) or 54 weeks (just over 1 year). As your schedule and workload demands. In addition to the calendar, each sheet contains space for notes and tasks. The calendar alternates between red, white and grey pages, and the first page of the planner varies accordingly. The waste paper used is 100% upcycled; it is a premium material for the most demanding processing. The planner\u2019s back cover has a pocket for storing, for example, business cards, short messages and stickers. The planner includes a cotton cord for attaching it to the wall (the cord can be easily removed and the planner can be hung in another way &#8211; e.g. on a nail, hook, etc.)<\/span><\/div>\n","protected":false},"featured_media":12540,"template":"","meta":{"inline_featured_image":false,"_uag_custom_page_level_css":"","spay_email":""},"product_cat":[131,137],"product_tag":[],"acf":[],"yoast_head":"<!-- This site is optimized with the Yoast SEO plugin v18.0 - https:\/\/yoast.com\/wordpress\/plugins\/seo\/ -->\n<title>Wall planner - Reform\u00e1t<\/title>\n<meta name=\"robots\" content=\"index, follow, max-snippet:-1, max-image-preview:large, max-video-preview:-1\" \/>\n<link rel=\"canonical\" href=\"https:\/\/reformat.cz\/en\/product\/wall-planner\/\" \/>\n<meta property=\"og:locale\" content=\"en_US\" \/>\n<meta property=\"og:type\" content=\"article\" \/>\n<meta property=\"og:title\" content=\"Wall planner - Reform\u00e1t\" \/>\n<meta property=\"og:description\" content=\"specifications:  dimensions: 310 x 450 mm number of sheets: 54   description: A tear-off wall planner in almost SRA3 format that you can use as a monthly or weekly planner. The planner has 54 sheets, covering either 54 months (4.5 years) or 54 weeks (just over 1 year). As your schedule and workload demands. In addition to the calendar, each sheet contains space for notes and tasks. The calendar alternates between red, white and grey pages, and the first page of the planner varies accordingly. The waste paper used is 100% upcycled; it is a premium material for the most demanding processing. The planner\u2019s back cover has a pocket for storing, for example, business cards, short messages and stickers. The planner includes a cotton cord for attaching it to the wall (the cord can be easily removed and the planner can be hung in another way - e.g. on a nail, hook, etc.)\" \/>\n<meta property=\"og:url\" content=\"https:\/\/reformat.cz\/en\/product\/wall-planner\/\" \/>\n<meta property=\"og:site_name\" content=\"Reform\u00e1t\" \/>\n<meta property=\"article:publisher\" content=\"https:\/\/www.facebook.com\/reformatpapershop\" \/>\n<meta property=\"article:modified_time\" content=\"2025-04-11T13:46:08+00:00\" \/>\n<meta property=\"og:image\" content=\"https:\/\/reformat.cz\/wp-content\/uploads\/2021\/04\/planovac_1-scaled.jpg\" \/>\n\t<meta property=\"og:image:width\" content=\"2048\" \/>\n\t<meta property=\"og:image:height\" content=\"2048\" \/>\n\t<meta property=\"og:image:type\" content=\"image\/jpeg\" \/>\n<meta name=\"twitter:card\" content=\"summary_large_image\" \/>\n<script type=\"application\/ld+json\" class=\"yoast-schema-graph\">{\"@context\":\"https:\/\/schema.org\",\"@graph\":[{\"@type\":\"WebSite\",\"@id\":\"https:\/\/reformat.cz\/en\/#website\",\"url\":\"https:\/\/reformat.cz\/en\/\",\"name\":\"Reform\u00e1t\",\"description\":\"A\u017e doslou\u017e\u00edm, chci do bloku!\",\"potentialAction\":[{\"@type\":\"SearchAction\",\"target\":{\"@type\":\"EntryPoint\",\"urlTemplate\":\"https:\/\/reformat.cz\/en\/?s={search_term_string}\"},\"query-input\":\"required name=search_term_string\"}],\"inLanguage\":\"en-US\"},{\"@type\":\"ImageObject\",\"@id\":\"https:\/\/reformat.cz\/en\/product\/wall-planner\/#primaryimage\",\"inLanguage\":\"en-US\",\"url\":\"https:\/\/reformat.cz\/wp-content\/uploads\/2021\/04\/planovac_1-scaled.jpg\",\"contentUrl\":\"https:\/\/reformat.cz\/wp-content\/uploads\/2021\/04\/planovac_1-scaled.jpg\",\"width\":2048,\"height\":2048},{\"@type\":\"WebPage\",\"@id\":\"https:\/\/reformat.cz\/en\/product\/wall-planner\/#webpage\",\"url\":\"https:\/\/reformat.cz\/en\/product\/wall-planner\/\",\"name\":\"Wall planner - Reform\u00e1t\",\"isPartOf\":{\"@id\":\"https:\/\/reformat.cz\/en\/#website\"},\"primaryImageOfPage\":{\"@id\":\"https:\/\/reformat.cz\/en\/product\/wall-planner\/#primaryimage\"},\"datePublished\":\"2021-04-22T09:21:08+00:00\",\"dateModified\":\"2025-04-11T13:46:08+00:00\",\"breadcrumb\":{\"@id\":\"https:\/\/reformat.cz\/en\/product\/wall-planner\/#breadcrumb\"},\"inLanguage\":\"en-US\",\"potentialAction\":[{\"@type\":\"ReadAction\",\"target\":[\"https:\/\/reformat.cz\/en\/product\/wall-planner\/\"]}]},{\"@type\":\"BreadcrumbList\",\"@id\":\"https:\/\/reformat.cz\/en\/product\/wall-planner\/#breadcrumb\",\"itemListElement\":[{\"@type\":\"ListItem\",\"position\":1,\"name\":\"Dom\u016f\",\"item\":\"https:\/\/reformat.cz\/en\/\"},{\"@type\":\"ListItem\",\"position\":2,\"name\":\"Shop\",\"item\":\"https:\/\/reformat.cz\/en\/shop\/\"},{\"@type\":\"ListItem\",\"position\":3,\"name\":\"Wall planner\"}]}]}<\/script>\n<!-- \/ Yoast SEO plugin. -->","yoast_head_json":{"title":"Wall planner - Reform\u00e1t","robots":{"index":"index","follow":"follow","max-snippet":"max-snippet:-1","max-image-preview":"max-image-preview:large","max-video-preview":"max-video-preview:-1"},"canonical":"https:\/\/reformat.cz\/en\/product\/wall-planner\/","og_locale":"en_US","og_type":"article","og_title":"Wall planner - Reform\u00e1t","og_description":"specifications:  dimensions: 310 x 450 mm number of sheets: 54   description: A tear-off wall planner in almost SRA3 format that you can use as a monthly or weekly planner. The planner has 54 sheets, covering either 54 months (4.5 years) or 54 weeks (just over 1 year). As your schedule and workload demands. In addition to the calendar, each sheet contains space for notes and tasks. The calendar alternates between red, white and grey pages, and the first page of the planner varies accordingly. The waste paper used is 100% upcycled; it is a premium material for the most demanding processing. The planner\u2019s back cover has a pocket for storing, for example, business cards, short messages and stickers. The planner includes a cotton cord for attaching it to the wall (the cord can be easily removed and the planner can be hung in another way - e.g. on a nail, hook, etc.)","og_url":"https:\/\/reformat.cz\/en\/product\/wall-planner\/","og_site_name":"Reform\u00e1t","article_publisher":"https:\/\/www.facebook.com\/reformatpapershop","article_modified_time":"2025-04-11T13:46:08+00:00","og_image":[{"width":2048,"height":2048,"url":"https:\/\/reformat.cz\/wp-content\/uploads\/2021\/04\/planovac_1-scaled.jpg","type":"image\/jpeg"}],"twitter_card":"summary_large_image","schema":{"@context":"https:\/\/schema.org","@graph":[{"@type":"WebSite","@id":"https:\/\/reformat.cz\/en\/#website","url":"https:\/\/reformat.cz\/en\/","name":"Reform\u00e1t","description":"A\u017e doslou\u017e\u00edm, chci do bloku!","potentialAction":[{"@type":"SearchAction","target":{"@type":"EntryPoint","urlTemplate":"https:\/\/reformat.cz\/en\/?s={search_term_string}"},"query-input":"required name=search_term_string"}],"inLanguage":"en-US"},{"@type":"ImageObject","@id":"https:\/\/reformat.cz\/en\/product\/wall-planner\/#primaryimage","inLanguage":"en-US","url":"https:\/\/reformat.cz\/wp-content\/uploads\/2021\/04\/planovac_1-scaled.jpg","contentUrl":"https:\/\/reformat.cz\/wp-content\/uploads\/2021\/04\/planovac_1-scaled.jpg","width":2048,"height":2048},{"@type":"WebPage","@id":"https:\/\/reformat.cz\/en\/product\/wall-planner\/#webpage","url":"https:\/\/reformat.cz\/en\/product\/wall-planner\/","name":"Wall planner - Reform\u00e1t","isPartOf":{"@id":"https:\/\/reformat.cz\/en\/#website"},"primaryImageOfPage":{"@id":"https:\/\/reformat.cz\/en\/product\/wall-planner\/#primaryimage"},"datePublished":"2021-04-22T09:21:08+00:00","dateModified":"2025-04-11T13:46:08+00:00","breadcrumb":{"@id":"https:\/\/reformat.cz\/en\/product\/wall-planner\/#breadcrumb"},"inLanguage":"en-US","potentialAction":[{"@type":"ReadAction","target":["https:\/\/reformat.cz\/en\/product\/wall-planner\/"]}]},{"@type":"BreadcrumbList","@id":"https:\/\/reformat.cz\/en\/product\/wall-planner\/#breadcrumb","itemListElement":[{"@type":"ListItem","position":1,"name":"Dom\u016f","item":"https:\/\/reformat.cz\/en\/"},{"@type":"ListItem","position":2,"name":"Shop","item":"https:\/\/reformat.cz\/en\/shop\/"},{"@type":"ListItem","position":3,"name":"Wall planner"}]}]}},"jetpack_publicize_connections":[],"uagb_featured_image_src":{"full":["https:\/\/reformat.cz\/wp-content\/uploads\/2021\/04\/planovac_1-scaled.jpg",2048,2048,false],"thumbnail":["https:\/\/reformat.cz\/wp-content\/uploads\/2021\/04\/planovac_1-150x150.jpg",150,150,true],"medium":["https:\/\/reformat.cz\/wp-content\/uploads\/2021\/04\/planovac_1-300x300.jpg",300,300,true],"medium_large":["https:\/\/reformat.cz\/wp-content\/uploads\/2021\/04\/planovac_1-768x768.jpg",768,768,true],"large":["https:\/\/reformat.cz\/wp-content\/uploads\/2021\/04\/planovac_1-1024x1024.jpg",980,980,true],"1536x1536":["https:\/\/reformat.cz\/wp-content\/uploads\/2021\/04\/planovac_1-1536x1536.jpg",1536,1536,true],"2048x2048":["https:\/\/reformat.cz\/wp-content\/uploads\/2021\/04\/planovac_1-2048x2048.jpg",2048,2048,true],"woocommerce_thumbnail":["https:\/\/reformat.cz\/wp-content\/uploads\/2021\/04\/planovac_1-324x324.jpg",324,324,true],"woocommerce_single":["https:\/\/reformat.cz\/wp-content\/uploads\/2021\/04\/planovac_1-416x416.jpg",416,416,true],"woocommerce_gallery_thumbnail":["https:\/\/reformat.cz\/wp-content\/uploads\/2021\/04\/planovac_1-100x100.jpg",100,100,true],"shop_catalog":["https:\/\/reformat.cz\/wp-content\/uploads\/2021\/04\/planovac_1-324x324.jpg",324,324,true],"shop_single":["https:\/\/reformat.cz\/wp-content\/uploads\/2021\/04\/planovac_1-416x416.jpg",416,416,true],"shop_thumbnail":["https:\/\/reformat.cz\/wp-content\/uploads\/2021\/04\/planovac_1-100x100.jpg",100,100,true]},"uagb_author_info":{"display_name":"admin","author_link":"https:\/\/reformat.cz\/en\/author\/"},"uagb_comment_info":0,"uagb_excerpt":"specifications: dimensions: 310 x 450 mm number of sheets: 54 description: A tear-off wall planner in almost SRA3 format that you can use as a monthly or weekly planner. The planner has 54 sheets, covering either 54 months (4.5 years) or 54 weeks (just over 1 year). As your schedule and workload demands. In addition&hellip;","jetpack_sharing_enabled":true,"_links":{"self":[{"href":"https:\/\/reformat.cz\/en\/wp-json\/wp\/v2\/product\/10460"}],"collection":[{"href":"https:\/\/reformat.cz\/en\/wp-json\/wp\/v2\/product"}],"about":[{"href":"https:\/\/reformat.cz\/en\/wp-json\/wp\/v2\/types\/product"}],"wp:featuredmedia":[{"embeddable":true,"href":"https:\/\/reformat.cz\/en\/wp-json\/wp\/v2\/media\/12540"}],"wp:attachment":[{"href":"https:\/\/reformat.cz\/en\/wp-json\/wp\/v2\/media?parent=10460"}],"wp:term":[{"taxonomy":"product_cat","embeddable":true,"href":"https:\/\/reformat.cz\/en\/wp-json\/wp\/v2\/product_cat?post=10460"},{"taxonomy":"product_tag","embeddable":true,"href":"https:\/\/reformat.cz\/en\/wp-json\/wp\/v2\/product_tag?post=10460"}],"curies":[{"name":"wp","href":"https:\/\/api.w.org\/{rel}","templated":true}]}}