{"id":10366,"date":"2021-11-12T15:36:53","date_gmt":"2021-11-12T14:36:53","guid":{"rendered":"https:\/\/reformat.cz\/produkt\/dateless-diary-hardcover-78\/"},"modified":"2021-11-12T15:36:53","modified_gmt":"2021-11-12T14:36:53","slug":"dateless-diary-hardcover-78","status":"publish","type":"product","link":"https:\/\/reformat.cz\/en\/product\/dateless-diary-hardcover-78\/","title":{"rendered":"Dateless diary \/ hardcover"},"content":{"rendered":"","protected":false},"excerpt":{"rendered":"<p><strong>specifications:<\/strong><\/p>\n<p><u>dimensions:<\/u><br \/>\n152 x 180 mm<br \/>\n<span style=\"text-decoration: underline;\">number of double pages for the calendar:<\/span><br \/>\n<span lang=\"EN-GB\">62<\/span><\/p>\n<p><strong>description:<\/strong><\/p>\n<p>A dateless hardcover diary that you can start to use at any time of the year. In addition, the calendar\u2019s composition\u00a0 allows you to use it to plan either a week or a whole month &#8211; even as a one-day overview on extremely busy days! The diary\u2019s covers are laminated, so a little dirt can be easily removed. An elastic band holds not only the entire diary, but also a pocket in the centre of the diary. Last but not least, the alphabetical list of Czech holidays could be useful.<\/p>\n","protected":false},"featured_media":9912,"template":"","meta":{"inline_featured_image":false,"_uag_custom_page_level_css":"","spay_email":""},"product_cat":[15],"product_tag":[],"acf":[],"yoast_head":"<!-- This site is optimized with the Yoast SEO plugin v18.0 - https:\/\/yoast.com\/wordpress\/plugins\/seo\/ -->\n<title>Dateless diary \/ hardcover - Reform\u00e1t<\/title>\n<meta name=\"robots\" content=\"index, follow, max-snippet:-1, max-image-preview:large, max-video-preview:-1\" \/>\n<link rel=\"canonical\" href=\"https:\/\/reformat.cz\/en\/product\/dateless-diary-hardcover-78\/\" \/>\n<meta property=\"og:locale\" content=\"en_US\" \/>\n<meta property=\"og:type\" content=\"article\" \/>\n<meta property=\"og:title\" content=\"Dateless diary \/ hardcover - Reform\u00e1t\" \/>\n<meta property=\"og:description\" content=\"specifications:  dimensions: 152 x 180 mm number of double pages for the calendar: 62  description:  A dateless hardcover diary that you can start to use at any time of the year. In addition, the calendar\u2019s composition\u00a0 allows you to use it to plan either a week or a whole month - even as a one-day overview on extremely busy days! The diary\u2019s covers are laminated, so a little dirt can be easily removed. An elastic band holds not only the entire diary, but also a pocket in the centre of the diary. Last but not least, the alphabetical list of Czech holidays could be useful.\" \/>\n<meta property=\"og:url\" content=\"https:\/\/reformat.cz\/en\/product\/dateless-diary-hardcover-78\/\" \/>\n<meta property=\"og:site_name\" content=\"Reform\u00e1t\" \/>\n<meta property=\"article:publisher\" content=\"https:\/\/www.facebook.com\/reformatpapershop\" \/>\n<meta property=\"og:image\" content=\"https:\/\/reformat.cz\/wp-content\/uploads\/2021\/11\/49Amock-uppredni-obal_bezdatovy-diar_pevne-desky.png\" \/>\n\t<meta property=\"og:image:width\" content=\"2048\" \/>\n\t<meta property=\"og:image:height\" content=\"2048\" \/>\n\t<meta property=\"og:image:type\" content=\"image\/png\" \/>\n<meta name=\"twitter:card\" content=\"summary_large_image\" \/>\n<script type=\"application\/ld+json\" class=\"yoast-schema-graph\">{\"@context\":\"https:\/\/schema.org\",\"@graph\":[{\"@type\":\"WebSite\",\"@id\":\"https:\/\/reformat.cz\/en\/#website\",\"url\":\"https:\/\/reformat.cz\/en\/\",\"name\":\"Reform\u00e1t\",\"description\":\"A\u017e doslou\u017e\u00edm, chci do bloku!\",\"potentialAction\":[{\"@type\":\"SearchAction\",\"target\":{\"@type\":\"EntryPoint\",\"urlTemplate\":\"https:\/\/reformat.cz\/en\/?s={search_term_string}\"},\"query-input\":\"required name=search_term_string\"}],\"inLanguage\":\"en-US\"},{\"@type\":\"ImageObject\",\"@id\":\"https:\/\/reformat.cz\/en\/product\/dateless-diary-hardcover-78\/#primaryimage\",\"inLanguage\":\"en-US\",\"url\":\"https:\/\/reformat.cz\/wp-content\/uploads\/2021\/11\/49Amock-uppredni-obal_bezdatovy-diar_pevne-desky.png\",\"contentUrl\":\"https:\/\/reformat.cz\/wp-content\/uploads\/2021\/11\/49Amock-uppredni-obal_bezdatovy-diar_pevne-desky.png\",\"width\":2048,\"height\":2048},{\"@type\":\"WebPage\",\"@id\":\"https:\/\/reformat.cz\/en\/product\/dateless-diary-hardcover-78\/#webpage\",\"url\":\"https:\/\/reformat.cz\/en\/product\/dateless-diary-hardcover-78\/\",\"name\":\"Dateless diary \/ hardcover - Reform\u00e1t\",\"isPartOf\":{\"@id\":\"https:\/\/reformat.cz\/en\/#website\"},\"primaryImageOfPage\":{\"@id\":\"https:\/\/reformat.cz\/en\/product\/dateless-diary-hardcover-78\/#primaryimage\"},\"datePublished\":\"2021-11-12T14:36:53+00:00\",\"dateModified\":\"2021-11-12T14:36:53+00:00\",\"breadcrumb\":{\"@id\":\"https:\/\/reformat.cz\/en\/product\/dateless-diary-hardcover-78\/#breadcrumb\"},\"inLanguage\":\"en-US\",\"potentialAction\":[{\"@type\":\"ReadAction\",\"target\":[\"https:\/\/reformat.cz\/en\/product\/dateless-diary-hardcover-78\/\"]}]},{\"@type\":\"BreadcrumbList\",\"@id\":\"https:\/\/reformat.cz\/en\/product\/dateless-diary-hardcover-78\/#breadcrumb\",\"itemListElement\":[{\"@type\":\"ListItem\",\"position\":1,\"name\":\"Dom\u016f\",\"item\":\"https:\/\/reformat.cz\/en\/\"},{\"@type\":\"ListItem\",\"position\":2,\"name\":\"Shop\",\"item\":\"https:\/\/reformat.cz\/en\/shop\/\"},{\"@type\":\"ListItem\",\"position\":3,\"name\":\"Dateless diary \/ hardcover\"}]}]}<\/script>\n<!-- \/ Yoast SEO plugin. -->","yoast_head_json":{"title":"Dateless diary \/ hardcover - Reform\u00e1t","robots":{"index":"index","follow":"follow","max-snippet":"max-snippet:-1","max-image-preview":"max-image-preview:large","max-video-preview":"max-video-preview:-1"},"canonical":"https:\/\/reformat.cz\/en\/product\/dateless-diary-hardcover-78\/","og_locale":"en_US","og_type":"article","og_title":"Dateless diary \/ hardcover - Reform\u00e1t","og_description":"specifications:  dimensions: 152 x 180 mm number of double pages for the calendar: 62  description:  A dateless hardcover diary that you can start to use at any time of the year. In addition, the calendar\u2019s composition\u00a0 allows you to use it to plan either a week or a whole month - even as a one-day overview on extremely busy days! The diary\u2019s covers are laminated, so a little dirt can be easily removed. An elastic band holds not only the entire diary, but also a pocket in the centre of the diary. Last but not least, the alphabetical list of Czech holidays could be useful.","og_url":"https:\/\/reformat.cz\/en\/product\/dateless-diary-hardcover-78\/","og_site_name":"Reform\u00e1t","article_publisher":"https:\/\/www.facebook.com\/reformatpapershop","og_image":[{"width":2048,"height":2048,"url":"https:\/\/reformat.cz\/wp-content\/uploads\/2021\/11\/49Amock-uppredni-obal_bezdatovy-diar_pevne-desky.png","type":"image\/png"}],"twitter_card":"summary_large_image","schema":{"@context":"https:\/\/schema.org","@graph":[{"@type":"WebSite","@id":"https:\/\/reformat.cz\/en\/#website","url":"https:\/\/reformat.cz\/en\/","name":"Reform\u00e1t","description":"A\u017e doslou\u017e\u00edm, chci do bloku!","potentialAction":[{"@type":"SearchAction","target":{"@type":"EntryPoint","urlTemplate":"https:\/\/reformat.cz\/en\/?s={search_term_string}"},"query-input":"required name=search_term_string"}],"inLanguage":"en-US"},{"@type":"ImageObject","@id":"https:\/\/reformat.cz\/en\/product\/dateless-diary-hardcover-78\/#primaryimage","inLanguage":"en-US","url":"https:\/\/reformat.cz\/wp-content\/uploads\/2021\/11\/49Amock-uppredni-obal_bezdatovy-diar_pevne-desky.png","contentUrl":"https:\/\/reformat.cz\/wp-content\/uploads\/2021\/11\/49Amock-uppredni-obal_bezdatovy-diar_pevne-desky.png","width":2048,"height":2048},{"@type":"WebPage","@id":"https:\/\/reformat.cz\/en\/product\/dateless-diary-hardcover-78\/#webpage","url":"https:\/\/reformat.cz\/en\/product\/dateless-diary-hardcover-78\/","name":"Dateless diary \/ hardcover - Reform\u00e1t","isPartOf":{"@id":"https:\/\/reformat.cz\/en\/#website"},"primaryImageOfPage":{"@id":"https:\/\/reformat.cz\/en\/product\/dateless-diary-hardcover-78\/#primaryimage"},"datePublished":"2021-11-12T14:36:53+00:00","dateModified":"2021-11-12T14:36:53+00:00","breadcrumb":{"@id":"https:\/\/reformat.cz\/en\/product\/dateless-diary-hardcover-78\/#breadcrumb"},"inLanguage":"en-US","potentialAction":[{"@type":"ReadAction","target":["https:\/\/reformat.cz\/en\/product\/dateless-diary-hardcover-78\/"]}]},{"@type":"BreadcrumbList","@id":"https:\/\/reformat.cz\/en\/product\/dateless-diary-hardcover-78\/#breadcrumb","itemListElement":[{"@type":"ListItem","position":1,"name":"Dom\u016f","item":"https:\/\/reformat.cz\/en\/"},{"@type":"ListItem","position":2,"name":"Shop","item":"https:\/\/reformat.cz\/en\/shop\/"},{"@type":"ListItem","position":3,"name":"Dateless diary \/ hardcover"}]}]}},"jetpack_publicize_connections":[],"uagb_featured_image_src":{"full":["https:\/\/reformat.cz\/wp-content\/uploads\/2021\/11\/49Amock-uppredni-obal_bezdatovy-diar_pevne-desky.png",2048,2048,false],"thumbnail":["https:\/\/reformat.cz\/wp-content\/uploads\/2021\/11\/49Amock-uppredni-obal_bezdatovy-diar_pevne-desky-150x150.png",150,150,true],"medium":["https:\/\/reformat.cz\/wp-content\/uploads\/2021\/11\/49Amock-uppredni-obal_bezdatovy-diar_pevne-desky-300x300.png",300,300,true],"medium_large":["https:\/\/reformat.cz\/wp-content\/uploads\/2021\/11\/49Amock-uppredni-obal_bezdatovy-diar_pevne-desky-768x768.png",768,768,true],"large":["https:\/\/reformat.cz\/wp-content\/uploads\/2021\/11\/49Amock-uppredni-obal_bezdatovy-diar_pevne-desky-1024x1024.png",980,980,true],"1536x1536":["https:\/\/reformat.cz\/wp-content\/uploads\/2021\/11\/49Amock-uppredni-obal_bezdatovy-diar_pevne-desky-1536x1536.png",1536,1536,true],"2048x2048":["https:\/\/reformat.cz\/wp-content\/uploads\/2021\/11\/49Amock-uppredni-obal_bezdatovy-diar_pevne-desky-2048x2048.png",2048,2048,true],"woocommerce_thumbnail":["https:\/\/reformat.cz\/wp-content\/uploads\/2021\/11\/49Amock-uppredni-obal_bezdatovy-diar_pevne-desky-324x324.png",324,324,true],"woocommerce_single":["https:\/\/reformat.cz\/wp-content\/uploads\/2021\/11\/49Amock-uppredni-obal_bezdatovy-diar_pevne-desky-416x416.png",416,416,true],"woocommerce_gallery_thumbnail":["https:\/\/reformat.cz\/wp-content\/uploads\/2021\/11\/49Amock-uppredni-obal_bezdatovy-diar_pevne-desky-100x100.png",100,100,true],"shop_catalog":["https:\/\/reformat.cz\/wp-content\/uploads\/2021\/11\/49Amock-uppredni-obal_bezdatovy-diar_pevne-desky-324x324.png",324,324,true],"shop_single":["https:\/\/reformat.cz\/wp-content\/uploads\/2021\/11\/49Amock-uppredni-obal_bezdatovy-diar_pevne-desky-416x416.png",416,416,true],"shop_thumbnail":["https:\/\/reformat.cz\/wp-content\/uploads\/2021\/11\/49Amock-uppredni-obal_bezdatovy-diar_pevne-desky-100x100.png",100,100,true]},"uagb_author_info":{"display_name":"Produkce","author_link":"https:\/\/reformat.cz\/en\/author\/"},"uagb_comment_info":0,"uagb_excerpt":"specifications: dimensions: 152 x 180 mm number of double pages for the calendar: 62 description: A dateless hardcover diary that you can start to use at any time of the year. In addition, the calendar\u2019s composition\u00a0 allows you to use it to plan either a week or a whole month - even as a one-day&hellip;","jetpack_sharing_enabled":true,"_links":{"self":[{"href":"https:\/\/reformat.cz\/en\/wp-json\/wp\/v2\/product\/10366"}],"collection":[{"href":"https:\/\/reformat.cz\/en\/wp-json\/wp\/v2\/product"}],"about":[{"href":"https:\/\/reformat.cz\/en\/wp-json\/wp\/v2\/types\/product"}],"wp:featuredmedia":[{"embeddable":true,"href":"https:\/\/reformat.cz\/en\/wp-json\/wp\/v2\/media\/9912"}],"wp:attachment":[{"href":"https:\/\/reformat.cz\/en\/wp-json\/wp\/v2\/media?parent=10366"}],"wp:term":[{"taxonomy":"product_cat","embeddable":true,"href":"https:\/\/reformat.cz\/en\/wp-json\/wp\/v2\/product_cat?post=10366"},{"taxonomy":"product_tag","embeddable":true,"href":"https:\/\/reformat.cz\/en\/wp-json\/wp\/v2\/product_tag?post=10366"}],"curies":[{"name":"wp","href":"https:\/\/api.w.org\/{rel}","templated":true}]}}