{"id":7600,"date":"2018-12-07T11:47:23","date_gmt":"2018-12-07T10:47:23","guid":{"rendered":"https:\/\/reformat.cz\/o-nas\/"},"modified":"2022-02-11T17:38:03","modified_gmt":"2022-02-11T16:38:03","slug":"o-nas","status":"publish","type":"page","link":"https:\/\/reformat.cz\/en\/o-nas\/","title":{"rendered":"About us"},"content":{"rendered":"<div class=\"term-description\">\n<p>The <strong>Reform\u00e1t<\/strong> project is a <strong>second-hand stationery store<\/strong> and <strong>bookbinding workshop for the public<\/strong>. We are involved in direct recycling, i.e. the processing of waste material, especially paper. We produce functional and practical products, such as notepads, notebooks, cookbooks, herb books and much more. Our work focuses on sustainable development, working with secondary materials, bookbinding and, last but not least, graphic design.<\/p>\n<p>The Prague brick-and-mortar store where you can find our products also includes a <strong>shared bookbinding workshop for the public<\/strong>. Here it is possible to get the following made: own products, orders, mock-ups and other products. The products are made on professional bookbinding machines, which are fully available to those interested. Visitors to the workshop can therefore operate the machines completely independently and unsupervised after completing a <strong>basic training course<\/strong>.<\/p>\n<p>In addition to individual work in the workshop, we also offer our own <strong>bookbinding workshops<\/strong>, focused on teaching classic and lesser-known bookbindings. You can familiarise yourself with the bookbinding industry both in practical courses and through theoretical lectures. In addition to bookbinding courses, the programme includes creative courses for children and senior citizens, as well as suburban summer camps for children, lectures, screenings and many other activities.<\/p>\n<\/div>\n","protected":false},"excerpt":{"rendered":"<p>The Reform\u00e1t project is a second-hand stationery store and bookbinding workshop for the public. We are involved in direct recycling, i.e. the processing of waste material, especially paper. We produce functional and practical products, such as notepads, notebooks, cookbooks, herb books and much more. Our work focuses on sustainable development, working with secondary materials, bookbinding [&hellip;]<\/p>\n","protected":false},"author":1,"featured_media":0,"parent":0,"menu_order":0,"comment_status":"closed","ping_status":"closed","template":"about-us.php","meta":{"inline_featured_image":false,"_uag_custom_page_level_css":"","spay_email":""},"acf":{"photo_gallery":{"galerie":[[]]}},"yoast_head":"<!-- This site is optimized with the Yoast SEO plugin v18.0 - https:\/\/yoast.com\/wordpress\/plugins\/seo\/ -->\n<title>About us - Reform\u00e1t<\/title>\n<meta name=\"robots\" content=\"index, follow, max-snippet:-1, max-image-preview:large, max-video-preview:-1\" \/>\n<link rel=\"canonical\" href=\"https:\/\/reformat.cz\/en\/o-nas\/\" \/>\n<meta property=\"og:locale\" content=\"en_US\" \/>\n<meta property=\"og:type\" content=\"article\" \/>\n<meta property=\"og:title\" content=\"About us - Reform\u00e1t\" \/>\n<meta property=\"og:description\" content=\"The Reform\u00e1t project is a second-hand stationery store and bookbinding workshop for the public. We are involved in direct recycling, i.e. the processing of waste material, especially paper. We produce functional and practical products, such as notepads, notebooks, cookbooks, herb books and much more. Our work focuses on sustainable development, working with secondary materials, bookbinding [&hellip;]\" \/>\n<meta property=\"og:url\" content=\"https:\/\/reformat.cz\/en\/o-nas\/\" \/>\n<meta property=\"og:site_name\" content=\"Reform\u00e1t\" \/>\n<meta property=\"article:publisher\" content=\"https:\/\/www.facebook.com\/reformatpapershop\" \/>\n<meta property=\"article:modified_time\" content=\"2022-02-11T16:38:03+00:00\" \/>\n<meta name=\"twitter:card\" content=\"summary_large_image\" \/>\n<meta name=\"twitter:label1\" content=\"Est. reading time\" \/>\n\t<meta name=\"twitter:data1\" content=\"1 minute\" \/>\n<script type=\"application\/ld+json\" class=\"yoast-schema-graph\">{\"@context\":\"https:\/\/schema.org\",\"@graph\":[{\"@type\":\"WebSite\",\"@id\":\"https:\/\/reformat.cz\/en\/#website\",\"url\":\"https:\/\/reformat.cz\/en\/\",\"name\":\"Reform\u00e1t\",\"description\":\"A\u017e doslou\u017e\u00edm, chci do bloku!\",\"potentialAction\":[{\"@type\":\"SearchAction\",\"target\":{\"@type\":\"EntryPoint\",\"urlTemplate\":\"https:\/\/reformat.cz\/en\/?s={search_term_string}\"},\"query-input\":\"required name=search_term_string\"}],\"inLanguage\":\"en-US\"},{\"@type\":\"WebPage\",\"@id\":\"https:\/\/reformat.cz\/en\/o-nas\/#webpage\",\"url\":\"https:\/\/reformat.cz\/en\/o-nas\/\",\"name\":\"About us - Reform\u00e1t\",\"isPartOf\":{\"@id\":\"https:\/\/reformat.cz\/en\/#website\"},\"datePublished\":\"2018-12-07T10:47:23+00:00\",\"dateModified\":\"2022-02-11T16:38:03+00:00\",\"breadcrumb\":{\"@id\":\"https:\/\/reformat.cz\/en\/o-nas\/#breadcrumb\"},\"inLanguage\":\"en-US\",\"potentialAction\":[{\"@type\":\"ReadAction\",\"target\":[\"https:\/\/reformat.cz\/en\/o-nas\/\"]}]},{\"@type\":\"BreadcrumbList\",\"@id\":\"https:\/\/reformat.cz\/en\/o-nas\/#breadcrumb\",\"itemListElement\":[{\"@type\":\"ListItem\",\"position\":1,\"name\":\"Dom\u016f\",\"item\":\"https:\/\/reformat.cz\/en\/\"},{\"@type\":\"ListItem\",\"position\":2,\"name\":\"About us\"}]}]}<\/script>\n<!-- \/ Yoast SEO plugin. -->","yoast_head_json":{"title":"About us - Reform\u00e1t","robots":{"index":"index","follow":"follow","max-snippet":"max-snippet:-1","max-image-preview":"max-image-preview:large","max-video-preview":"max-video-preview:-1"},"canonical":"https:\/\/reformat.cz\/en\/o-nas\/","og_locale":"en_US","og_type":"article","og_title":"About us - Reform\u00e1t","og_description":"The Reform\u00e1t project is a second-hand stationery store and bookbinding workshop for the public. We are involved in direct recycling, i.e. the processing of waste material, especially paper. We produce functional and practical products, such as notepads, notebooks, cookbooks, herb books and much more. Our work focuses on sustainable development, working with secondary materials, bookbinding [&hellip;]","og_url":"https:\/\/reformat.cz\/en\/o-nas\/","og_site_name":"Reform\u00e1t","article_publisher":"https:\/\/www.facebook.com\/reformatpapershop","article_modified_time":"2022-02-11T16:38:03+00:00","twitter_card":"summary_large_image","twitter_misc":{"Est. reading time":"1 minute"},"schema":{"@context":"https:\/\/schema.org","@graph":[{"@type":"WebSite","@id":"https:\/\/reformat.cz\/en\/#website","url":"https:\/\/reformat.cz\/en\/","name":"Reform\u00e1t","description":"A\u017e doslou\u017e\u00edm, chci do bloku!","potentialAction":[{"@type":"SearchAction","target":{"@type":"EntryPoint","urlTemplate":"https:\/\/reformat.cz\/en\/?s={search_term_string}"},"query-input":"required name=search_term_string"}],"inLanguage":"en-US"},{"@type":"WebPage","@id":"https:\/\/reformat.cz\/en\/o-nas\/#webpage","url":"https:\/\/reformat.cz\/en\/o-nas\/","name":"About us - Reform\u00e1t","isPartOf":{"@id":"https:\/\/reformat.cz\/en\/#website"},"datePublished":"2018-12-07T10:47:23+00:00","dateModified":"2022-02-11T16:38:03+00:00","breadcrumb":{"@id":"https:\/\/reformat.cz\/en\/o-nas\/#breadcrumb"},"inLanguage":"en-US","potentialAction":[{"@type":"ReadAction","target":["https:\/\/reformat.cz\/en\/o-nas\/"]}]},{"@type":"BreadcrumbList","@id":"https:\/\/reformat.cz\/en\/o-nas\/#breadcrumb","itemListElement":[{"@type":"ListItem","position":1,"name":"Dom\u016f","item":"https:\/\/reformat.cz\/en\/"},{"@type":"ListItem","position":2,"name":"About us"}]}]}},"uagb_featured_image_src":{"full":false,"thumbnail":false,"medium":false,"medium_large":false,"large":false,"1536x1536":false,"2048x2048":false,"woocommerce_thumbnail":false,"woocommerce_single":false,"woocommerce_gallery_thumbnail":false,"shop_catalog":false,"shop_single":false,"shop_thumbnail":false},"uagb_author_info":{"display_name":"reflex","author_link":"https:\/\/reformat.cz\/en\/author\/reflex\/"},"uagb_comment_info":0,"uagb_excerpt":"The Reform\u00e1t project is a second-hand stationery store and bookbinding workshop for the public. We are involved in direct recycling, i.e. the processing of waste material, especially paper. We produce functional and practical products, such as notepads, notebooks, cookbooks, herb books and much more. Our work focuses on sustainable development, working with secondary materials, bookbinding&hellip;","jetpack_sharing_enabled":true,"jetpack_shortlink":"https:\/\/wp.me\/PaXTM3-1YA","_links":{"self":[{"href":"https:\/\/reformat.cz\/en\/wp-json\/wp\/v2\/pages\/7600"}],"collection":[{"href":"https:\/\/reformat.cz\/en\/wp-json\/wp\/v2\/pages"}],"about":[{"href":"https:\/\/reformat.cz\/en\/wp-json\/wp\/v2\/types\/page"}],"author":[{"embeddable":true,"href":"https:\/\/reformat.cz\/en\/wp-json\/wp\/v2\/users\/1"}],"replies":[{"embeddable":true,"href":"https:\/\/reformat.cz\/en\/wp-json\/wp\/v2\/comments?post=7600"}],"version-history":[{"count":3,"href":"https:\/\/reformat.cz\/en\/wp-json\/wp\/v2\/pages\/7600\/revisions"}],"predecessor-version":[{"id":10115,"href":"https:\/\/reformat.cz\/en\/wp-json\/wp\/v2\/pages\/7600\/revisions\/10115"}],"wp:attachment":[{"href":"https:\/\/reformat.cz\/en\/wp-json\/wp\/v2\/media?parent=7600"}],"curies":[{"name":"wp","href":"https:\/\/api.w.org\/{rel}","templated":true}]}}